{"id":13,"date":"2021-01-21T02:59:41","date_gmt":"2021-01-21T02:59:41","guid":{"rendered":"https:\/\/ucach.mx\/?page_id=13"},"modified":"2021-02-14T19:00:09","modified_gmt":"2021-02-14T19:00:09","slug":"identidad","status":"publish","type":"page","link":"https:\/\/ucach.mx\/index.php\/identidad\/","title":{"rendered":"NOSOTROS"},"content":{"rendered":"<p>[et_pb_section fb_built=\u00bb1&#8243; _builder_version=\u00bb4.8.1&#8243; _module_preset=\u00bbdefault\u00bb][et_pb_row _builder_version=\u00bb4.8.1&#8243; _module_preset=\u00bbdefault\u00bb][et_pb_column type=\u00bb4_4&#8243; _builder_version=\u00bb4.8.1&#8243; _module_preset=\u00bbdefault\u00bb][et_pb_blurb title=\u00bbIDENTIDAD\u00bb _builder_version=\u00bb4.8.1&#8243; _module_preset=\u00bbdefault\u00bb header_font=\u00bb|700|||||||\u00bb header_text_align=\u00bbcenter\u00bb header_letter_spacing=\u00bb6px\u00bb]<\/p>\n<p><span>Educar a la persona en su triple relaci\u00f3n fundamental: hombre-mundo-Dios para generar en los alumnos sabidur\u00eda y prudencia, de ah\u00ed nuestro lema: Sapientia et Prudentia.<\/span><\/p>\n<footer>Universidad Teol\u00f3gica de Chiapas \u201cJuan Pablo II\u201d<\/footer>\n<p>.<\/p>\n<p>[\/et_pb_blurb][\/et_pb_column][\/et_pb_row][\/et_pb_section][et_pb_section fb_built=\u00bb1&#8243; _builder_version=\u00bb4.8.1&#8243; _module_preset=\u00bbdefault\u00bb background_color=\u00bb#f4f4f4&#8243;][et_pb_row column_structure=\u00bb1_2,1_2&#8243; _builder_version=\u00bb4.8.1&#8243; _module_preset=\u00bbdefault\u00bb][et_pb_column type=\u00bb1_2&#8243; _builder_version=\u00bb4.8.1&#8243; _module_preset=\u00bbdefault\u00bb][et_pb_text _builder_version=\u00bb4.8.1&#8243; _module_preset=\u00bbdefault\u00bb]<\/p>\n<h5 class=\"collapsible-header active\"><span style=\"color: #f39c12;\"><strong>UNIVERSIDAD CAT\u00d3LICA DE CHIAPAS<\/strong><\/span><\/h5>\n<div class=\"collapsible-header active\"><strong><\/strong><\/div>\n<div class=\"collapsible-body\">\n<p>La Universidad Teol\u00f3gica de Chiapas \u201cJuan Pablo II\u201d, nace como una iniciativa de la Arquidi\u00f3cesis de Tuxtla, para promover la educaci\u00f3n profesional especializada, inspir\u00e1ndose en las ense\u00f1anzas de Cristo y de la Iglesia en di\u00e1logo con las ciencias, a fin de responder a los desaf\u00edos de la sociedad actual desde una educaci\u00f3n con valores y principios que permitan una concepci\u00f3n integradora de la persona.<\/p>\n<p>La intenci\u00f3n fundamental es la de promover profesionales con una educaci\u00f3n integral, es decir, con conocimientos acad\u00e9micos, valores y virtudes a fin de que sean capaces de insertarse en la realidad actual con sus desaf\u00edos e interpretarla para responder a las inquietudes del hombre de hoy con propuestas creativas, claras y definidas, que iluminen a su vez los procesos de transformaci\u00f3n de la realidad estatal y nacional. Promover a la persona desde una visi\u00f3n humana y cristiana.<\/p>\n<\/div>\n<p>.<\/p>\n<p>[\/et_pb_text][\/et_pb_column][et_pb_column type=\u00bb1_2&#8243; _builder_version=\u00bb4.8.1&#8243; _module_preset=\u00bbdefault\u00bb][et_pb_image src=\u00bbhttps:\/\/ucach.mx\/wp-content\/uploads\/2021\/01\/Filosofia.jpg\u00bb title_text=\u00bbFilosof\u00eda\u00bb align=\u00bbcenter\u00bb _builder_version=\u00bb4.8.1&#8243; _module_preset=\u00bbdefault\u00bb module_alignment=\u00bbcenter\u00bb][\/et_pb_image][\/et_pb_column][\/et_pb_row][\/et_pb_section][et_pb_section fb_built=\u00bb1&#8243; _builder_version=\u00bb4.8.1&#8243; _module_preset=\u00bbdefault\u00bb][et_pb_row column_structure=\u00bb1_3,1_3,1_3&#8243; _builder_version=\u00bb4.8.1&#8243; _module_preset=\u00bbdefault\u00bb][et_pb_column type=\u00bb1_3&#8243; _builder_version=\u00bb4.8.1&#8243; _module_preset=\u00bbdefault\u00bb][et_pb_text _builder_version=\u00bb4.8.1&#8243; _module_preset=\u00bbdefault\u00bb text_font_size=\u00bb13px\u00bb header_text_color=\u00bb#E09900&#8243;]<\/p>\n<h3 class=\"collapsible-header active\"><span style=\"color: #f39c12;\"><strong>FILOSOF\u00cdA<\/strong><\/span><\/h3>\n<div class=\"collapsible-body\">\n<p>Nuestra Universidad tiene como filosof\u00eda educar a\u00a0 la persona en su triple relaci\u00f3n fundamental: hombre-mundo-Dios; integrando el desarrollo \u00e9tico y t\u00e9cnico, esp\u00edritu y materia, a fin de que las ciencias contribuyan al crecimiento de la sociedad desde un humanismo trascendental e inmanente.<\/p>\n<p>Nuestra Universidad pretende, con las especialidades que ofrece, generar en los alumnos sabidur\u00eda y prudencia. De ah\u00ed nuestro lema: Sapientia et Prudentia; queremos un pueblo sabio y prudente, para ello hay que formar y educar el coraz\u00f3n y la inteligencia de aquellos que\u00a0 se sienten llamados a colaborar en la educaci\u00f3n de la persona y de la sociedad.<\/p>\n<\/div>\n<p>.<\/p>\n<p>[\/et_pb_text][\/et_pb_column][et_pb_column type=\u00bb1_3&#8243; _builder_version=\u00bb4.8.1&#8243; _module_preset=\u00bbdefault\u00bb][et_pb_text _builder_version=\u00bb4.8.1&#8243; _module_preset=\u00bbdefault\u00bb text_font_size=\u00bb13px\u00bb header_text_color=\u00bb#E09900&#8243;]<\/p>\n<h3 class=\"collapsible-header active\"><span style=\"color: #f39c12;\"><strong>VISI\u00d3N<\/strong><\/span><\/h3>\n<div class=\"collapsible-body\">\n<p>Somos una Instituci\u00f3n de educaci\u00f3n superior que busca la formaci\u00f3n de profesionales id\u00f3neos y competentes, con valores-virtudes humano-cristianos y comprometidos socialmente con los m\u00e1s pobres y d\u00e9biles, con un proyecto educativo que tiene como referentes a Cristo y a la Persona.<\/p>\n<\/div>\n<div class=\"collapsible-body\">\n<p>Nuestra Universidad pretende, con las especialidades que ofrece, generar en los alumnos sabidur\u00eda y prudencia. De ah\u00ed nuestro lema: Sapientia et Prudentia; queremos un pueblo sabio y prudente, para ello hay que formar y educar el coraz\u00f3n y la inteligencia de aquellos que\u00a0 se sienten llamados a colaborar en la educaci\u00f3n de la persona y de la sociedad.<\/p>\n<\/div>\n<p>.<\/p>\n<p>[\/et_pb_text][\/et_pb_column][et_pb_column type=\u00bb1_3&#8243; _builder_version=\u00bb4.8.1&#8243; _module_preset=\u00bbdefault\u00bb][et_pb_text _builder_version=\u00bb4.8.1&#8243; _module_preset=\u00bbdefault\u00bb text_font_size=\u00bb13px\u00bb header_text_color=\u00bb#E09900&#8243;]<\/p>\n<h3 class=\"collapsible-header active\"><span style=\"color: #f39c12;\"><strong>MISI\u00d3N<\/strong><\/span><\/h3>\n<div class=\"collapsible-body\">\n<p>La universidad Teol\u00f3gica de Chiapas \u00abJuan Pablo II\u00bb est\u00e1 comprometida a formar profesionales l\u00edderes, solidarios y participativos, desde una educaci\u00f3n integral, con capacidad de ser agentes de cambio e insertarse en la realidad actual, respondiendo a las inquietudes del hombre de hoy con respuestas claras, creativas y definidas, buscando siempre la verdad y construir una sociedad m\u00e1s justa y solidaria.<\/p>\n<\/div>\n<p>.<\/p>\n<p>[\/et_pb_text][\/et_pb_column][\/et_pb_row][\/et_pb_section][et_pb_section fb_built=\u00bb1&#8243; _builder_version=\u00bb4.8.1&#8243; _module_preset=\u00bbdefault\u00bb][et_pb_row _builder_version=\u00bb4.8.1&#8243; _module_preset=\u00bbdefault\u00bb][et_pb_column type=\u00bb4_4&#8243; _builder_version=\u00bb4.8.1&#8243; _module_preset=\u00bbdefault\u00bb][et_pb_blurb title=\u00bbPRINCIPIOS RECTORES\u00bb _builder_version=\u00bb4.8.1&#8243; _module_preset=\u00bbdefault\u00bb header_font=\u00bb|700|||||||\u00bb header_text_align=\u00bbcenter\u00bb header_letter_spacing=\u00bb8px\u00bb body_text_align=\u00bbcenter\u00bb text_orientation=\u00bbcenter\u00bb]<\/p>\n<div id=\"qx-text-888099\" class=\"qx-element qx-element-text et-title-general wow fadeIn animated animated\" data-wow-delay=\"0.4s\">\n<h3><span style=\"font-size: 16px;\">La orientaci\u00f3n del proyecto educativo de la nuestra Universidad, se basa en los siguientes principios enunciados a trav\u00e9s de las acciones<\/span><\/h3>\n<\/div>\n<p>.<\/p>\n<p>[\/et_pb_blurb][\/et_pb_column][\/et_pb_row][\/et_pb_section][et_pb_section fb_built=\u00bb1&#8243; _builder_version=\u00bb4.8.1&#8243; _module_preset=\u00bbdefault\u00bb][et_pb_row column_structure=\u00bb1_2,1_2&#8243; _builder_version=\u00bb4.8.1&#8243; _module_preset=\u00bbdefault\u00bb][et_pb_column type=\u00bb1_2&#8243; _builder_version=\u00bb4.8.1&#8243; _module_preset=\u00bbdefault\u00bb][et_pb_blurb title=\u00bbSER\u00bb _builder_version=\u00bb4.8.1&#8243; _module_preset=\u00bbdefault\u00bb header_font=\u00bb|700|||||||\u00bb header_letter_spacing=\u00bb2px\u00bb body_font=\u00bb||||||||\u00bb body_text_align=\u00bbcenter\u00bb text_orientation=\u00bbcenter\u00bb]<\/p>\n<p class=\"qx-blurb-title \"><span style=\"font-size: small;\">Se forma una mentalidad y actitudes que duran toda la vida, y cuyas caracter\u00edsticas son la libertad, el amor, la equidad, la justicia, la solidaridad, la templanza, la sabidur\u00eda y el respeto a la vida.<\/span><\/p>\n<p>.<\/p>\n<p>[\/et_pb_blurb][et_pb_blurb title=\u00bbSABER\u00bb _builder_version=\u00bb4.8.1&#8243; _module_preset=\u00bbdefault\u00bb header_font=\u00bb|700|||||||\u00bb header_letter_spacing=\u00bb2px\u00bb body_font=\u00bb||||||||\u00bb body_text_align=\u00bbcenter\u00bb text_orientation=\u00bbcenter\u00bb]<\/p>\n<p class=\"qx-blurb-title \"><span style=\"font-size: small;\"><span>Comprender que el aprendizaje y el conocimiento dan sentido a la existencia humana, y permiten entender el significado mismo de la persona y su fin \u00faltimo.<\/span>.<\/span><\/p>\n<p>.<\/p>\n<p>[\/et_pb_blurb][\/et_pb_column][et_pb_column type=\u00bb1_2&#8243; _builder_version=\u00bb4.8.1&#8243; _module_preset=\u00bbdefault\u00bb][et_pb_blurb title=\u00bbCRECER\u00bb _builder_version=\u00bb4.8.1&#8243; _module_preset=\u00bbdefault\u00bb header_font=\u00bb|700|||||||\u00bb header_letter_spacing=\u00bb2px\u00bb body_font=\u00bb||||||||\u00bb body_text_align=\u00bbcenter\u00bb text_orientation=\u00bbcenter\u00bb]<\/p>\n<p class=\"qx-blurb-title \"><span style=\"font-size: small;\"><span>Desarrollar las capacidades, actitudes y aptitudes para proponer y responder a las necesidades y exigencias de la sociedad y as\u00ed realizar las tareas diversas de forma adecuada<\/span>.<\/span><\/p>\n<p>.<\/p>\n<p>[\/et_pb_blurb][et_pb_blurb title=\u00bbDAR\u00bb _builder_version=\u00bb4.8.1&#8243; _module_preset=\u00bbdefault\u00bb header_font=\u00bb|700|||||||\u00bb header_letter_spacing=\u00bb2px\u00bb body_font=\u00bb||||||||\u00bb body_text_align=\u00bbcenter\u00bb text_orientation=\u00bbcenter\u00bb]<\/p>\n<p class=\"qx-blurb-title \"><span style=\"font-size: small;\"><span>El esp\u00edritu humano-cristiano de servicio a los dem\u00e1s en la promoci\u00f3n de la justicia, la solidaridad, el amor, el respeto y la verdad<\/span>.<\/span><\/p>\n<p>.<\/p>\n<p>[\/et_pb_blurb][\/et_pb_column][\/et_pb_row][\/et_pb_section]<\/p>\n","protected":false},"excerpt":{"rendered":"<p>Educar a la persona en su triple relaci\u00f3n fundamental: hombre-mundo-Dios para generar en los alumnos sabidur\u00eda y prudencia, de ah\u00ed nuestro lema: Sapientia et Prudentia. Universidad Teol\u00f3gica de Chiapas \u201cJuan Pablo II\u201d .UNIVERSIDAD CAT\u00d3LICA DE CHIAPAS La Universidad Teol\u00f3gica de Chiapas \u201cJuan Pablo II\u201d, nace como una iniciativa de la Arquidi\u00f3cesis de Tuxtla, para promover [&hellip;]<\/p>\n","protected":false},"author":1,"featured_media":0,"parent":0,"menu_order":0,"comment_status":"closed","ping_status":"closed","template":"","meta":{"_et_pb_use_builder":"on","_et_pb_old_content":"<!-- wp:divi\/placeholder \/-->","_et_gb_content_width":"","_monsterinsights_skip_tracking":false,"_monsterinsights_sitenote_active":false,"_monsterinsights_sitenote_note":"","_monsterinsights_sitenote_category":0,"_uf_show_specific_survey":0,"_uf_disable_surveys":false,"footnotes":""},"class_list":["post-13","page","type-page","status-publish","hentry"],"aioseo_notices":[],"jetpack_sharing_enabled":true,"_links":{"self":[{"href":"https:\/\/ucach.mx\/index.php\/wp-json\/wp\/v2\/pages\/13","targetHints":{"allow":["GET"]}}],"collection":[{"href":"https:\/\/ucach.mx\/index.php\/wp-json\/wp\/v2\/pages"}],"about":[{"href":"https:\/\/ucach.mx\/index.php\/wp-json\/wp\/v2\/types\/page"}],"author":[{"embeddable":true,"href":"https:\/\/ucach.mx\/index.php\/wp-json\/wp\/v2\/users\/1"}],"replies":[{"embeddable":true,"href":"https:\/\/ucach.mx\/index.php\/wp-json\/wp\/v2\/comments?post=13"}],"version-history":[{"count":6,"href":"https:\/\/ucach.mx\/index.php\/wp-json\/wp\/v2\/pages\/13\/revisions"}],"predecessor-version":[{"id":430,"href":"https:\/\/ucach.mx\/index.php\/wp-json\/wp\/v2\/pages\/13\/revisions\/430"}],"wp:attachment":[{"href":"https:\/\/ucach.mx\/index.php\/wp-json\/wp\/v2\/media?parent=13"}],"curies":[{"name":"wp","href":"https:\/\/api.w.org\/{rel}","templated":true}]}}