{"id":1313,"date":"2021-05-12T00:28:11","date_gmt":"2021-05-12T00:28:11","guid":{"rendered":"https:\/\/ucach.mx\/?page_id=1313"},"modified":"2021-05-12T00:28:27","modified_gmt":"2021-05-12T00:28:27","slug":"1313-2","status":"publish","type":"page","link":"https:\/\/ucach.mx\/index.php\/1313-2\/","title":{"rendered":"Primeros pasos"},"content":{"rendered":"\n\n[et_pb_section fb_built=\u00bb1&#8243; _builder_version=\u00bb4.9.4&#8243; _module_preset=\u00bbdefault\u00bb][et_pb_row _builder_version=\u00bb4.9.4&#8243; _module_preset=\u00bbdefault\u00bb][et_pb_column _builder_version=\u00bb4.9.4&#8243; _module_preset=\u00bbdefault\u00bb type=\u00bb4_4&#8243;][et_pb_text _builder_version=\u00bb4.9.4&#8243; _module_preset=\u00bbdefault\u00bb hover_enabled=\u00bb0&#8243; sticky_enabled=\u00bb0&#8243;]<h1 style=\"text-align: center;\"><span>Primeros pasos para ingreso en la plataforma<\/span><\/h1>\n<p><span>Para ingresar a la plataforma, puede<\/span><span>s<\/span><span> hacer<\/span><span>lo<\/span><span> mediante dos mecanismos: <\/span><span>a trav\u00e9s de tu <\/span><span>cuenta personalizada <\/span><span>que te fue enviada a tu correo <\/span><span>o <\/span><span>usando tus credenciales del <\/span><span>correo institucional. Ambos son v\u00e1lidos y funcionales.<\/span><\/p>[\/et_pb_text][\/et_pb_column][\/et_pb_row][et_pb_row column_structure=\u00bb3_5,2_5&#8243; _builder_version=\u00bb4.9.4&#8243; _module_preset=\u00bbdefault\u00bb][et_pb_column type=\u00bb3_5&#8243; _builder_version=\u00bb4.9.4&#8243; _module_preset=\u00bbdefault\u00bb][et_pb_text _builder_version=\u00bb4.9.4&#8243; _module_preset=\u00bbdefault\u00bb hover_enabled=\u00bb0&#8243; sticky_enabled=\u00bb0&#8243;]<h4><i>Acceder a la plataforma UCACH con nombre de usuario y contrase\u00f1a proporcionados por correo<\/i><\/h4>\n<ol>\n<li>Dir\u00edgete a la direcci\u00f3n URL de la plataforma <a href=\"https:\/\/www.ucach.mx\/plataforma\">https:\/\/www.ucach.mx\/plataforma<\/a><\/li>\n<li>En la parte superior derecha, da click en el bot\u00f3n \u201cIngresar\u201d<\/li>\n<li>Usa tu nombre de usuario y contrase\u00f1a para acceder<\/li>\n<li>Cuando entres al sitio, te aparecer\u00e1 el tablero con la lista de los cursos en los que te encuentras matriculado. Si crees que alg\u00fan curso deber\u00eda aparecer y no figura, env\u00eda un correo a <a href=\"mailto:plataformaeducativa@ucach.net\">plataformaeducativa@ucach.net<\/a> para recibir asistencia personalizada.<\/li>\n<\/ol>\n<ol><\/ol>[\/et_pb_text][\/et_pb_column][et_pb_column type=\u00bb2_5&#8243; _builder_version=\u00bb4.9.4&#8243; _module_preset=\u00bbdefault\u00bb][et_pb_video src=\u00bbhttps:\/\/ucach.mx\/wp-content\/uploads\/2021\/05\/Ingreso-con-usuario-y-contrasen\u0303a_3000Kbps_720p.mp4&#8243; src_last_edited=\u00bboff|desktop\u00bb _builder_version=\u00bb4.9.4&#8243; _module_preset=\u00bbdefault\u00bb][\/et_pb_video][\/et_pb_column][\/et_pb_row][et_pb_row _builder_version=\u00bb4.9.4&#8243; _module_preset=\u00bbdefault\u00bb column_structure=\u00bb3_5,2_5&#8243;][et_pb_column _builder_version=\u00bb4.9.4&#8243; _module_preset=\u00bbdefault\u00bb type=\u00bb3_5&#8243;][et_pb_text _builder_version=\u00bb4.9.4&#8243; _module_preset=\u00bbdefault\u00bb hover_enabled=\u00bb0&#8243; sticky_enabled=\u00bb0&#8243;]<h4><i>Acceder a la plataforma UCACH con el correo electr\u00f3nico institucional<\/i><\/h4>\n<ol>\n<li>Dir\u00edgete a la direcci\u00f3n URL de la plataforma: <a href=\"https:\/\/www.ucach.mx\/plataforma\">https:\/\/www.ucach.mx\/plataforma<\/a><\/li>\n<li>En la parte superior derecha, da click en el bot\u00f3n \u201cIngresar\u201d<\/li>\n<li><span>El<\/span><span>i<\/span><span>g<\/span><span>e<\/span><span> <\/span><span>la opci\u00f3n<\/span><span> \u201cGoogle\u201d, <\/span><span>dando clic en el bot\u00f3n<\/span><span>. <\/span><span>En una nueva ventana <\/span><span>t<\/span><span>e <\/span><span>aparecer\u00e1 un formulario para <\/span><span>confirmar <\/span><span>t<\/span><span>u identidad a trav\u00e9s de<\/span><span>l <\/span><span> nombre de usuario y contrase\u00f1a de <\/span><span>t<\/span><span>u correo institucional, <\/span><span>ingresa la informaci\u00f3n correspondiente para autenticarte<\/span><span>. <\/span><\/li>\n<li><span>Cuando entres al sitio<\/span><span>, <\/span><span>te aparecer\u00e1 e<\/span><span>l tablero <\/span><span>con la lista de <\/span><span>los cursos <\/span><span>en los que te encuentras matriculado<\/span><span>. Si <\/span><span>crees que <\/span><span>alg\u00fan curso deber\u00eda aparecer <\/span><span>y <\/span><span>no figura, env\u00eda un correo a <a href=\"mailto:plataformaeducativa@ucach.net\">plataformaeducativa@ucach.net<\/a> para recibir asistencia personalizada.<\/span><\/li>\n<\/ol>[\/et_pb_text][\/et_pb_column][et_pb_column _builder_version=\u00bb4.9.4&#8243; _module_preset=\u00bbdefault\u00bb type=\u00bb2_5&#8243;][et_pb_video src=\u00bbhttps:\/\/ucach.mx\/wp-content\/uploads\/2021\/05\/Ingreso-por-correo-institucional_YouTube_1080p.mp4&#8243; _builder_version=\u00bb4.9.4&#8243; _module_preset=\u00bbdefault\u00bb title_text=\u00bbIngreso por correo institucional_YouTube_1080p\u00bb hover_enabled=\u00bb0&#8243; sticky_enabled=\u00bb0&#8243;][\/et_pb_video][\/et_pb_column][\/et_pb_row][\/et_pb_section]\n\n","protected":false},"excerpt":{"rendered":"<p>Primeros pasos para ingreso en la plataforma Para ingresar a la plataforma, puedes hacerlo mediante dos mecanismos: a trav\u00e9s de tu cuenta personalizada que te fue enviada a tu correo o usando tus credenciales del correo institucional. Ambos son v\u00e1lidos y funcionales.Acceder a la plataforma UCACH con nombre de usuario y contrase\u00f1a proporcionados por correo [&hellip;]<\/p>\n","protected":false},"author":1,"featured_media":0,"parent":0,"menu_order":0,"comment_status":"closed","ping_status":"closed","template":"","meta":{"_et_pb_use_builder":"on","_et_pb_old_content":"","_et_gb_content_width":"","_monsterinsights_skip_tracking":false,"_monsterinsights_sitenote_active":false,"_monsterinsights_sitenote_note":"","_monsterinsights_sitenote_category":0,"_uf_show_specific_survey":0,"_uf_disable_surveys":false,"footnotes":""},"class_list":["post-1313","page","type-page","status-publish","hentry"],"aioseo_notices":[],"jetpack_sharing_enabled":true,"_links":{"self":[{"href":"https:\/\/ucach.mx\/index.php\/wp-json\/wp\/v2\/pages\/1313","targetHints":{"allow":["GET"]}}],"collection":[{"href":"https:\/\/ucach.mx\/index.php\/wp-json\/wp\/v2\/pages"}],"about":[{"href":"https:\/\/ucach.mx\/index.php\/wp-json\/wp\/v2\/types\/page"}],"author":[{"embeddable":true,"href":"https:\/\/ucach.mx\/index.php\/wp-json\/wp\/v2\/users\/1"}],"replies":[{"embeddable":true,"href":"https:\/\/ucach.mx\/index.php\/wp-json\/wp\/v2\/comments?post=1313"}],"version-history":[{"count":8,"href":"https:\/\/ucach.mx\/index.php\/wp-json\/wp\/v2\/pages\/1313\/revisions"}],"predecessor-version":[{"id":1326,"href":"https:\/\/ucach.mx\/index.php\/wp-json\/wp\/v2\/pages\/1313\/revisions\/1326"}],"wp:attachment":[{"href":"https:\/\/ucach.mx\/index.php\/wp-json\/wp\/v2\/media?parent=1313"}],"curies":[{"name":"wp","href":"https:\/\/api.w.org\/{rel}","templated":true}]}}