{"id":1689,"date":"2021-07-06T16:09:35","date_gmt":"2021-07-06T21:09:35","guid":{"rendered":"https:\/\/ucach.mx\/?page_id=1689"},"modified":"2021-07-06T22:53:12","modified_gmt":"2021-07-07T03:53:12","slug":"1689-2","status":"publish","type":"page","link":"https:\/\/ucach.mx\/index.php\/1689-2\/","title":{"rendered":"Curso de ingl\u00e9s b\u00e1sico (40 hrs)"},"content":{"rendered":"\n[et_pb_section fb_built=\u00bb1&#8243; _builder_version=\u00bb4.9.0&#8243; _module_preset=\u00bbdefault\u00bb background_color=\u00bb#f6f6f6&#8243; locked=\u00bboff\u00bb][et_pb_row _builder_version=\u00bb4.8.1&#8243; _module_preset=\u00bbdefault\u00bb custom_padding=\u00bb56px|||||\u00bb][et_pb_column type=\u00bb4_4&#8243; _builder_version=\u00bb4.8.1&#8243; _module_preset=\u00bbdefault\u00bb][et_pb_text _builder_version=\u00bb4.9.7&#8243; _module_preset=\u00bbdefault\u00bb text_font=\u00bb|600|||||||\u00bb text_text_color=\u00bb#0C71C3&#8243; text_font_size=\u00bb36px\u00bb text_letter_spacing=\u00bb11px\u00bb text_orientation=\u00bbcenter\u00bb custom_margin=\u00bb||29px|||\u00bb custom_padding=\u00bb2px|||||\u00bb hover_enabled=\u00bb0&#8243; text_text_shadow_style=\u00bbpreset3&#8243; box_shadow_style=\u00bbpreset4&#8243; box_shadow_blur=\u00bb33px\u00bb box_shadow_spread=\u00bb-21px\u00bb box_shadow_color=\u00bb#0C71C3&#8243; sticky_enabled=\u00bb0&#8243;]<p style=\"text-align: center;\"><b>UCACH OFRECE<\/b><\/p>[\/et_pb_text][\/et_pb_column][\/et_pb_row][et_pb_row use_custom_gutter=\u00bbon\u00bb _builder_version=\u00bb4.9.0&#8243; _module_preset=\u00bbdefault\u00bb width=\u00bb98%\u00bb max_width=\u00bb1945px\u00bb custom_margin=\u00bb-63px|auto||auto||\u00bb][et_pb_column type=\u00bb4_4&#8243; _builder_version=\u00bb4.9.0&#8243; _module_preset=\u00bbdefault\u00bb][et_pb_divider color=\u00bb#fecc00&#8243; _builder_version=\u00bb4.9.0&#8243; _module_preset=\u00bbdefault\u00bb][\/et_pb_divider][\/et_pb_column][\/et_pb_row][et_pb_row column_structure=\u00bb2_5,3_5&#8243; use_custom_gutter=\u00bbon\u00bb gutter_width=\u00bb1&#8243; _builder_version=\u00bb4.9.0&#8243; _module_preset=\u00bbdefault\u00bb max_width=\u00bb1138px\u00bb][et_pb_column type=\u00bb2_5&#8243; _builder_version=\u00bb4.8.1&#8243; _module_preset=\u00bbdefault\u00bb][et_pb_blurb title=\u00bbCurso de ingl\u00e9s b\u00e1sico de 40 horas\u00bb _builder_version=\u00bb4.9.7&#8243; _module_preset=\u00bbdefault\u00bb header_font=\u00bb|600|||||||\u00bb header_font_size=\u00bb22px\u00bb header_letter_spacing=\u00bb2px\u00bb background_color=\u00bb#FFFFFF\u00bb min_height=\u00bb379px\u00bb custom_padding=\u00bb25px|25px|25px|25px|false|false\u00bb animation_style=\u00bbslide\u00bb hover_enabled=\u00bb0&#8243; box_shadow_style=\u00bbpreset3&#8243; locked=\u00bboff\u00bb header_text_shadow_style=\u00bbpreset1&#8243; body_text_align=\u00bbleft\u00bb body_line_height=\u00bb1.4em\u00bb sticky_enabled=\u00bb0&#8243;]<div class=\"page\" title=\"Page 1\">\n<div class=\"section\">\n<div class=\"layoutArea\">\n<div class=\"column\">\n<ul>\n<li><span>Aprendizaje din\u00e1mico<\/span><\/li>\n<li><span>Modalidad presencial, del 12 de julio al 06 de agosto.<\/span><\/li>\n<li><span>Horario de 10:00 a 12:00 hrs<\/span><\/li>\n<li><span>Inversi\u00f3n $1,000 de $1,500, incluye material did\u00e1ctico<\/span><\/li>\n<li><span>Edad de 10 a\u00f1os en adelante<\/span><\/li>\n<\/ul>\n<p><span>\u00a1LIBRES POR EL PENSAMIENTO, FUERTES DE CORAZ\u00d3N!<\/span><\/p>\n<\/div>\n<\/div>\n<\/div>\n<\/div>\n<p style=\"text-align: justify;\"><span style=\"font-weight: 400;\"><\/span><\/p>\n<ul><\/ul>\n<p style=\"text-align: justify;\">[\/et_pb_blurb][\/et_pb_column][et_pb_column type=\u00bb3_5&#8243; _builder_version=\u00bb4.8.1&#8243; _module_preset=\u00bbdefault\u00bb][wpforms_selector _builder_version=\u00bb4.9.7&#8243; _module_preset=\u00bbdefault\u00bb hover_enabled=\u00bb0&#8243; form_id=\u00bb1691&#8243; sticky_enabled=\u00bb0&#8243; custom_margin=\u00bb||||false|false\u00bb custom_padding=\u00bb|||43px|false|false\u00bb show_title=\u00bbon\u00bb animation_style=\u00bbslide\u00bb][\/wpforms_selector][\/et_pb_column][\/et_pb_row][\/et_pb_section][et_pb_section fb_built=\u00bb1&#8243; _builder_version=\u00bb4.9.0&#8243; _module_preset=\u00bbdefault\u00bb locked=\u00bboff\u00bb][et_pb_row _builder_version=\u00bb4.9.0&#8243; _module_preset=\u00bbdefault\u00bb width=\u00bb100%\u00bb max_width=\u00bb1557px\u00bb custom_margin=\u00bb|auto|-36px|auto||\u00bb locked=\u00bboff\u00bb][et_pb_column type=\u00bb4_4&#8243; _builder_version=\u00bb4.8.1&#8243; _module_preset=\u00bbdefault\u00bb][et_pb_divider _builder_version=\u00bb4.9.0&#8243; _module_preset=\u00bbdefault\u00bb][\/et_pb_divider][\/et_pb_column][\/et_pb_row][et_pb_row _builder_version=\u00bb4.9.0&#8243; _module_preset=\u00bbdefault\u00bb locked=\u00bboff\u00bb][et_pb_column type=\u00bb4_4&#8243; _builder_version=\u00bb4.9.0&#8243; _module_preset=\u00bbdefault\u00bb][et_pb_image src=\u00bbhttps:\/\/ucach.mx\/wp-content\/uploads\/2021\/01\/logo-UCACH.png\u00bb title_text=\u00bblogo UCACH\u00bb align=\u00bbcenter\u00bb _builder_version=\u00bb4.9.0&#8243; _module_preset=\u00bbdefault\u00bb width=\u00bb20%\u00bb animation_style=\u00bbzoom\u00bb][\/et_pb_image][\/et_pb_column][\/et_pb_row][\/et_pb_section]\n","protected":false},"excerpt":{"rendered":"<p>UCACH OFRECE Aprendizaje din\u00e1mico Modalidad presencial, del 12 de julio al 06 de agosto. Horario de 10:00 a 12:00 hrs Inversi\u00f3n $1,000 de $1,500, incluye material did\u00e1ctico Edad de 10 a\u00f1os en adelante \u00a1LIBRES POR EL PENSAMIENTO, FUERTES DE CORAZ\u00d3N! <div class=\"et_pb_module wpforms_selector wpforms_selector_0 et_animated\">\n\t\t\t\t\n\t\t\t\t\n\t\t\t\t\n\t\t\t\t\n\t\t\t\t\n\t\t\t\t\n\t\t\t\t<div class=\"et_pb_module_inner\">\n\t\t\t\t\t<div class=\"wpforms-container wpforms-container-full\" id=\"wpforms-1691\"><form id=\"wpforms-form-1691\" class=\"wpforms-validate wpforms-form wpforms-ajax-form\" data-formid=\"1691\" method=\"post\" enctype=\"multipart\/form-data\" action=\"\/index.php\/wp-json\/wp\/v2\/pages\/1689\" data-token=\"6768eb8d4b06c22e9cf366f7d414e1a9\" data-token-time=\"1777667106\"><div class=\"wpforms-head-container\"><div class=\"wpforms-title\">Estoy interesado en mi formaci\u00f3n continua<\/div><\/div><noscript class=\"wpforms-error-noscript\">Por favor, activa JavaScript en tu navegador para completar este formulario.<\/noscript><div class=\"wpforms-field-container\"><div id=\"wpforms-1691-field_1-container\" class=\"wpforms-field wpforms-field-name\" data-field-id=\"1\"><label class=\"wpforms-field-label\">Comp\u00e1rtenos tu nombre y un correo electr\u00f3nico de contacto para darte m\u00e1s informaci\u00f3n <span class=\"wpforms-required-label\">*<\/span><\/label><div class=\"wpforms-field-row wpforms-field-medium\"><div class=\"wpforms-field-row-block wpforms-first wpforms-one-half\"><input type=\"text\" id=\"wpforms-1691-field_1\" class=\"wpforms-field-name-first wpforms-field-required\" name=\"wpforms[fields][1][first]\" required><label for=\"wpforms-1691-field_1\" class=\"wpforms-field-sublabel after\">Nombre<\/label><\/div><div class=\"wpforms-field-row-block wpforms-one-half\"><input type=\"text\" id=\"wpforms-1691-field_1-last\" class=\"wpforms-field-name-last wpforms-field-required\" name=\"wpforms[fields][1][last]\" required><label for=\"wpforms-1691-field_1-last\" class=\"wpforms-field-sublabel after\">Apellidos<\/label><\/div><\/div><\/div><div id=\"wpforms-1691-field_3-container\" class=\"wpforms-field wpforms-field-email\" data-field-id=\"3\"><label class=\"wpforms-field-label\" for=\"wpforms-1691-field_3\">Correo electr\u00f3nico <span class=\"wpforms-required-label\">*<\/span><\/label><input type=\"email\" id=\"wpforms-1691-field_3\" class=\"wpforms-field-medium wpforms-field-required\" name=\"wpforms[fields][3]\" spellcheck=\"false\" required><\/div><div id=\"wpforms-1691-field_5-container\" class=\"wpforms-field wpforms-field-text\" data-field-id=\"5\"><label class=\"wpforms-field-label\" for=\"wpforms-1691-field_5\">N\u00famero de contacto<\/label><input type=\"text\" id=\"wpforms-1691-field_5\" class=\"wpforms-field-small\" name=\"wpforms[fields][5]\" ><\/div><div id=\"wpforms-1691-field_2-container\" class=\"wpforms-field wpforms-field-select wpforms-field-select-style-classic\" data-field-id=\"2\"><label class=\"wpforms-field-label\" for=\"wpforms-1691-field_2\">Selecciona el curso que te interesa y nos pondremos en contacto a la brevedad contigo <span class=\"wpforms-required-label\">*<\/span><\/label><select id=\"wpforms-1691-field_2\" class=\"wpforms-field-medium wpforms-field-required\" name=\"wpforms[fields][2]\" required=\"required\"><option value=\"Curso de Ingl\u00e9s b\u00e1sico\"  class=\"choice-4 depth-1\"  >Curso de Ingl\u00e9s b\u00e1sico<\/option><option value=\"Curso de Ingl\u00e9s Avanzado\"  class=\"choice-5 depth-1\"  >Curso de Ingl\u00e9s Avanzado<\/option><option value=\"Curso de Lat\u00edn\"  class=\"choice-6 depth-1\"  >Curso de Lat\u00edn<\/option><option value=\"Curso de Griego\"  class=\"choice-7 depth-1\"  >Curso de Griego<\/option><option value=\"Curso de Italiano\"  class=\"choice-18 depth-1\"  >Curso de Italiano<\/option><option value=\"Curso &quot;Educaci\u00f3n socioemocional y espiritual para una salud integral&quot;\"  class=\"choice-19 depth-1\"  >Curso \"Educaci\u00f3n socioemocional y espiritual para una salud integral\"<\/option><option value=\"Curso &quot;Intervenci\u00f3n psicol\u00f3gica en la familia&quot;\"  class=\"choice-20 depth-1\"  >Curso \"Intervenci\u00f3n psicol\u00f3gica en la familia\"<\/option><option value=\"Diplomado en Teolog\u00eda\"  class=\"choice-2 depth-1\"  >Diplomado en Teolog\u00eda<\/option><option value=\"Diplomado en Tanatolog\u00eda \"  class=\"choice-9 depth-1\"  >Diplomado en Tanatolog\u00eda<\/option><option value=\"Diplomado en Bio\u00e9tica\"  class=\"choice-3 depth-1\"  >Diplomado en Bio\u00e9tica<\/option><option value=\"Diplomado en Sagradas Escrituras \"  class=\"choice-8 depth-1\"  >Diplomado en Sagradas Escrituras<\/option><option value=\"Diplomado en desarrollo psicolo\u0301gico y espiritual\"  class=\"choice-23 depth-1\"  >Diplomado en desarrollo psicolo\u0301gico y espiritual<\/option><option value=\"Diplomado en Etica e intervencio\u0301n social\"  class=\"choice-24 depth-1\"  >Diplomado en Etica e intervencio\u0301n social<\/option><option value=\"Diplomado en Filosofi\u0301a de la cultura e intercultura\"  class=\"choice-25 depth-1\"  >Diplomado en Filosofi\u0301a de la cultura e intercultura<\/option><option value=\"Diplomado en Filosof\u00eda Ecol\u00f3gica\"  class=\"choice-22 depth-1\"  >Diplomado en Filosof\u00eda Ecol\u00f3gica<\/option><option value=\"Diplomado en Duelo Infantil y del Adolescente\"  class=\"choice-26 depth-1\"  >Diplomado en Duelo Infantil y del Adolescente<\/option><\/select><div class=\"wpforms-field-description\">Elige el curso en el que est\u00e1s interesad@ para enviarte informaci\u00f3n personalizada.<\/div><\/div><\/div><!-- .wpforms-field-container --><div class=\"wpforms-submit-container\" ><input type=\"hidden\" name=\"wpforms[id]\" value=\"1691\"><input type=\"hidden\" name=\"page_title\" value=\"\"><input type=\"hidden\" name=\"page_url\" value=\"https:\/\/ucach.mx\/index.php\/wp-json\/wp\/v2\/pages\/1689\"><input type=\"hidden\" name=\"url_referer\" value=\"\"><button type=\"submit\" name=\"wpforms[submit]\" id=\"wpforms-submit-1691\" class=\"wpforms-submit\" data-alt-text=\"Enviando...\" data-submit-text=\"Enviar\" aria-live=\"assertive\" value=\"wpforms-submit\">Enviar<\/button><img loading=\"lazy\" decoding=\"async\" src=\"https:\/\/ucach.mx\/wp-content\/plugins\/wpforms-lite\/assets\/images\/submit-spin.svg\" class=\"wpforms-submit-spinner\" style=\"display: none;\" width=\"26\" height=\"26\" alt=\"Cargando\"><\/div><\/form><\/div>  <!-- .wpforms-container -->\n\t\t\t\t<\/div>\n\t\t\t<\/div><\/p>\n","protected":false},"author":1,"featured_media":0,"parent":0,"menu_order":0,"comment_status":"closed","ping_status":"closed","template":"","meta":{"_et_pb_use_builder":"on","_et_pb_old_content":"","_et_gb_content_width":"","_monsterinsights_skip_tracking":false,"_monsterinsights_sitenote_active":false,"_monsterinsights_sitenote_note":"","_monsterinsights_sitenote_category":0,"_uf_show_specific_survey":0,"_uf_disable_surveys":false,"footnotes":""},"class_list":["post-1689","page","type-page","status-publish","hentry"],"aioseo_notices":[],"jetpack_sharing_enabled":true,"_links":{"self":[{"href":"https:\/\/ucach.mx\/index.php\/wp-json\/wp\/v2\/pages\/1689","targetHints":{"allow":["GET"]}}],"collection":[{"href":"https:\/\/ucach.mx\/index.php\/wp-json\/wp\/v2\/pages"}],"about":[{"href":"https:\/\/ucach.mx\/index.php\/wp-json\/wp\/v2\/types\/page"}],"author":[{"embeddable":true,"href":"https:\/\/ucach.mx\/index.php\/wp-json\/wp\/v2\/users\/1"}],"replies":[{"embeddable":true,"href":"https:\/\/ucach.mx\/index.php\/wp-json\/wp\/v2\/comments?post=1689"}],"version-history":[{"count":5,"href":"https:\/\/ucach.mx\/index.php\/wp-json\/wp\/v2\/pages\/1689\/revisions"}],"predecessor-version":[{"id":1723,"href":"https:\/\/ucach.mx\/index.php\/wp-json\/wp\/v2\/pages\/1689\/revisions\/1723"}],"wp:attachment":[{"href":"https:\/\/ucach.mx\/index.php\/wp-json\/wp\/v2\/media?parent=1689"}],"curies":[{"name":"wp","href":"https:\/\/api.w.org\/{rel}","templated":true}]}}