{"id":169,"date":"2021-01-22T01:42:58","date_gmt":"2021-01-22T01:42:58","guid":{"rendered":"https:\/\/ucach.mx\/?page_id=169"},"modified":"2023-07-18T16:58:22","modified_gmt":"2023-07-18T22:58:22","slug":"maestria-en-filosofia-y-ciencias-de-la-familia","status":"publish","type":"page","link":"https:\/\/ucach.mx\/index.php\/maestria-en-filosofia-y-ciencias-de-la-familia\/","title":{"rendered":"Maestr\u00eda en Filosof\u00eda y Ciencias de la Familia"},"content":{"rendered":"<p>[et_pb_section fb_built=\u00bb1&#8243; _builder_version=\u00bb4.16&#8243; _module_preset=\u00bbdefault\u00bb background_color=\u00bb#f6f6f6&#8243; locked=\u00bboff\u00bb global_colors_info=\u00bb{}\u00bb][et_pb_row custom_padding_last_edited=\u00bboff|phone\u00bb _builder_version=\u00bb4.16&#8243; _module_preset=\u00bbdefault\u00bb width_tablet=\u00bb80%\u00bb width_phone=\u00bb100%\u00bb width_last_edited=\u00bboff|desktop\u00bb custom_padding=\u00bb15px||||false|false\u00bb custom_padding_tablet=\u00bb17px||3px|||\u00bb global_colors_info=\u00bb{}\u00bb][et_pb_column type=\u00bb4_4&#8243; _builder_version=\u00bb4.16&#8243; _module_preset=\u00bbdefault\u00bb global_colors_info=\u00bb{}\u00bb][et_pb_text _builder_version=\u00bb4.17.4&#8243; _module_preset=\u00bbdefault\u00bb text_font=\u00bbActor||||||||\u00bb text_font_size=\u00bb25px\u00bb text_letter_spacing=\u00bb4px\u00bb header_font=\u00bbActor||||||||\u00bb background_color=\u00bb#ffffff\u00bb custom_margin=\u00bb||29px|||\u00bb custom_margin_tablet=\u00bb||29px|||\u00bb custom_margin_phone=\u00bb||0px||false|false\u00bb custom_margin_last_edited=\u00bbon|phone\u00bb custom_padding=\u00bb22px||22px||false|false\u00bb custom_padding_tablet=\u00bb22px||||false|false\u00bb custom_padding_phone=\u00bb22px||22px||false|false\u00bb custom_padding_last_edited=\u00bbon|phone\u00bb text_font_size_tablet=\u00bb25px\u00bb text_font_size_phone=\u00bb22px\u00bb text_font_size_last_edited=\u00bbon|phone\u00bb header_font_size_tablet=\u00bb\u00bb header_font_size_phone=\u00bb14px\u00bb header_font_size_last_edited=\u00bbon|phone\u00bb box_shadow_style=\u00bbpreset2&#8243; global_colors_info=\u00bb{}\u00bb]<\/p>\n<h1 style=\"text-align: center;\"><strong>MAESTR\u00cdA EN CIENCIAS DE LA FAMILIA<\/strong><\/h1>\n<h2 style=\"text-align: center;\">REVOE: PSU-142\/2017<\/h2>\n<p>[\/et_pb_text][\/et_pb_column][\/et_pb_row][et_pb_row column_structure=\u00bb3_5,2_5&#8243; custom_padding_last_edited=\u00bbon|phone\u00bb _builder_version=\u00bb4.16&#8243; _module_preset=\u00bbdefault\u00bb max_width_tablet=\u00bb1138px\u00bb max_width_last_edited=\u00bboff|desktop\u00bb custom_padding=\u00bb0px||||false|false\u00bb custom_padding_tablet=\u00bb31px|||||\u00bb custom_padding_phone=\u00bb0px||||false|false\u00bb global_colors_info=\u00bb{}\u00bb][et_pb_column type=\u00bb3_5&#8243; _builder_version=\u00bb4.16&#8243; _module_preset=\u00bbdefault\u00bb global_colors_info=\u00bb{}\u00bb][et_pb_blurb title=\u00bbOBJETIVO\u00bb _builder_version=\u00bb4.18.0&#8243; _module_preset=\u00bbdefault\u00bb header_font=\u00bb|600|||||||\u00bb header_font_size=\u00bb22px\u00bb header_letter_spacing=\u00bb2px\u00bb body_font=\u00bbActor||||||||\u00bb body_font_size=\u00bb16px\u00bb background_color=\u00bb#FFFFFF\u00bb min_height=\u00bb293px\u00bb min_height_tablet=\u00bb293px\u00bb min_height_phone=\u00bb293px\u00bb min_height_last_edited=\u00bbon|desktop\u00bb custom_margin_tablet=\u00bb\u00bb custom_margin_phone=\u00bb\u00bb custom_margin_last_edited=\u00bbon|desktop\u00bb custom_padding=\u00bb25px||25px||false|false\u00bb custom_padding_tablet=\u00bb25px|25px|25px|25px|false|false\u00bb custom_padding_phone=\u00bb25px|25px|25px|25px|false|false\u00bb custom_padding_last_edited=\u00bbon|phone\u00bb animation_style=\u00bbslide\u00bb body_font_size_tablet=\u00bb14px\u00bb body_font_size_phone=\u00bb14px\u00bb body_font_size_last_edited=\u00bbon|phone\u00bb locked=\u00bboff\u00bb global_colors_info=\u00bb{}\u00bb]<\/p>\n<p style=\"text-align: justify;\">Formar especialistas en Filosof\u00eda y Ciencias de la Familia con base en conocimientos inter-trans-disciplinarios actualizados desde un enfoque integral, orientado por el an\u00e1lisis cr\u00edtico de los efectos de la posmodernidad, pudiendo coadyuvar e implementar planes y proyectos que aporten y transformen los contextos sociales y familiares.<\/p>\n<p>[\/et_pb_blurb][\/et_pb_column][et_pb_column type=\u00bb2_5&#8243; _builder_version=\u00bb4.16&#8243; _module_preset=\u00bbdefault\u00bb global_colors_info=\u00bb{}\u00bb][et_pb_image src=\u00bbhttps:\/\/ucach.mx\/wp-content\/uploads\/2023\/07\/maestria-familia-imagen.jpeg\u00bb title_text=\u00bbmaestri\u0301a familia imagen\u00bb align=\u00bbcenter\u00bb _builder_version=\u00bb4.21.0&#8243; _module_preset=\u00bbdefault\u00bb max_width=\u00bb100%\u00bb box_shadow_style=\u00bbpreset2&#8243; global_colors_info=\u00bb{}\u00bb][\/et_pb_image][\/et_pb_column][\/et_pb_row][et_pb_row column_structure=\u00bb1_2,1_2&#8243; _builder_version=\u00bb4.16&#8243; _module_preset=\u00bbdefault\u00bb background_color=\u00bb#ffffff\u00bb custom_margin=\u00bb||17px||false|false\u00bb custom_padding=\u00bb9px|22px||22px|false|false\u00bb global_colors_info=\u00bb{}\u00bb][et_pb_column type=\u00bb1_2&#8243; _builder_version=\u00bb4.16&#8243; _module_preset=\u00bbdefault\u00bb global_colors_info=\u00bb{}\u00bb][et_pb_blurb title=\u00bbPERFIL DE EGRESO\u00bb _builder_version=\u00bb4.18.0&#8243; _module_preset=\u00bbdefault\u00bb body_font=\u00bbActor||||||||\u00bb body_text_align=\u00bbjustify\u00bb body_font_size=\u00bb14px\u00bb custom_padding=\u00bb8px||||false|false\u00bb custom_padding_tablet=\u00bb||||false|false\u00bb custom_padding_phone=\u00bb16px|25px||25px|false|false\u00bb custom_padding_last_edited=\u00bboff|tablet\u00bb animation_style=\u00bbslide\u00bb global_colors_info=\u00bb{}\u00bb]<\/p>\n<p>El egresado de la maestr\u00eda en Filosof\u00eda y Ciencias de la Familia tendr\u00e1:<\/p>\n<ul>\n<li style=\"list-style-type: none;\">\n<ul>\n<li>Claridad filos\u00f3fica, antropol\u00f3gica, \u00e9tica, psicol\u00f3gica, pedag\u00f3gica y metodol\u00f3gica sobre la esencia y misi\u00f3n de la persona, el matrimonio y la familia en orden a la gesti\u00f3n de planes y programas sobre la familia;<\/li>\n<li>Habilidad filos\u00f3fica-cient\u00edfico-t\u00e9cnica para analizar sus actitudes y conductas que afectan los procesos de la vida familiar; desde su formaci\u00f3n val\u00f3rica demuestra un actuar \u00e9tico, socialmente responsable y centrado en la dignidad de las personas, liderando proyectos innovadores que contribuyan al desarrollo socio-familiar.<\/li>\n<li>Compromiso profesional para responder a la compleja problem\u00e1tica social, diagnosticando, proponiendo e interviniendo en los \u00e1mbitos de las empresas, instituciones educativas, gobierno o cualquier otro grupo a favor de la familia con una visi\u00f3n interdisciplinar.<\/li>\n<li>Destreza para evaluar y re-dise\u00f1ar pol\u00edticas p\u00fablicas, intervenciones sociales, educativas y organizacionales, valorando y proyectando el rol de la familia como agente socializador primario;<\/li>\n<li>Destreza de la investigaci\u00f3n filos\u00f3fico-cient\u00edfica para explicar las distintas manifestaciones y factores culturales que afectan a la familia nuclear y han provocado el surgimiento, en la actualidad, de distintos tipos de familia.<\/li>\n<\/ul>\n<\/li>\n<\/ul>\n<p>[\/et_pb_blurb][\/et_pb_column][et_pb_column type=\u00bb1_2&#8243; _builder_version=\u00bb4.16&#8243; _module_preset=\u00bbdefault\u00bb global_colors_info=\u00bb{}\u00bb][et_pb_blurb _builder_version=\u00bb4.16&#8243; _module_preset=\u00bbdefault\u00bb body_font=\u00bbActor||||||||\u00bb body_text_align=\u00bbjustify\u00bb body_font_size=\u00bb14px\u00bb custom_padding=\u00bb||||false|false\u00bb custom_padding_phone=\u00bb|25px||25px|false|false\u00bb custom_padding_last_edited=\u00bboff|phone\u00bb animation_style=\u00bbslide\u00bb global_colors_info=\u00bb{}\u00bb]<\/p>\n<h3>Campo laboral:<\/h3>\n<p>El egresado de la Maestr\u00eda en Filosof\u00eda y Ciencias de la Familia se podr\u00e1 desempe\u00f1ar en los siguientes \u00e1mbitos:<\/p>\n<p>&nbsp;<\/p>\n<ul>\n<li>Pol\u00edtico: Pol\u00edtico: Como asesor, analista cr\u00edtico y de propuestas con fundamentaci\u00f3n filos\u00f3fico- cient\u00edfico<\/li>\n<li>Cient\u00edfico y Educativo: como investigador y\/o facilitador del conocimiento sistem\u00e1tico.<\/li>\n<li>Cultural: Como gestor, promotor y agente de cambio social en cuanto a practica y conductas<\/li>\n<li>Econ\u00f3mico: Creaci\u00f3n o fortalecimiento de proyectos<\/li>\n<\/ul>\n<p>[\/et_pb_blurb][\/et_pb_column][\/et_pb_row][et_pb_row column_structure=\u00bb1_3,1_3,1_3&#8243; _builder_version=\u00bb4.16&#8243; _module_preset=\u00bbdefault\u00bb background_color=\u00bb#ffffff\u00bb custom_margin=\u00bb17px||17px||false|false\u00bb custom_padding=\u00bb|22px||22px|false|false\u00bb global_colors_info=\u00bb{}\u00bb][et_pb_column type=\u00bb1_3&#8243; _builder_version=\u00bb4.16&#8243; _module_preset=\u00bbdefault\u00bb global_colors_info=\u00bb{}\u00bb][et_pb_text _builder_version=\u00bb4.16&#8243; _module_preset=\u00bbdefault\u00bb text_text_color=\u00bb#FFFFFF\u00bb text_font_size=\u00bb12px\u00bb text_line_height=\u00bb0.5em\u00bb header_5_text_color=\u00bb#FFFFFF\u00bb background_color=\u00bb#0c71c3&#8243; height=\u00bb219px\u00bb custom_padding=\u00bb20px|20px|20px|20px|false|false\u00bb animation_style=\u00bbslide\u00bb border_width_left=\u00bb2px\u00bb border_color_left=\u00bb#adadad\u00bb global_colors_info=\u00bb{}\u00bb]<\/p>\n<h5><strong>1\u00b0 Cuatrimestre<\/strong><\/h5>\n<p>\u00b7 Ontolog\u00eda del Ser Relacional-familiar<\/p>\n<p>\u00a0 en la Posmodernidad<\/p>\n<p>\u00b7 Pedagog\u00eda Cristiana para la Familia<\/p>\n<p>\u00a0 Posmoderna<\/p>\n<p>\u00b7 Antropolog\u00eda Filos\u00f3fico- Teol\u00f3gica de<\/p>\n<p>\u00a0 la Familia<\/p>\n<p>\u00b7 Taller sobre Problemas Familiares<\/p>\n<p>[\/et_pb_text][\/et_pb_column][et_pb_column type=\u00bb1_3&#8243; _builder_version=\u00bb4.16&#8243; _module_preset=\u00bbdefault\u00bb global_colors_info=\u00bb{}\u00bb][et_pb_text _builder_version=\u00bb4.16&#8243; _module_preset=\u00bbdefault\u00bb text_text_color=\u00bb#FFFFFF\u00bb text_font_size=\u00bb12px\u00bb text_line_height=\u00bb0.5em\u00bb header_5_text_color=\u00bb#FFFFFF\u00bb background_color=\u00bb#0c71c3&#8243; height=\u00bb219px\u00bb custom_padding=\u00bb20px|20px|20px|20px|false|false\u00bb animation_style=\u00bbslide\u00bb border_width_left=\u00bb2px\u00bb border_color_left=\u00bb#adadad\u00bb global_colors_info=\u00bb{}\u00bb]<\/p>\n<h5><strong>2\u00b0 Cuatrimestre<\/strong><\/h5>\n<p>\u00b7 Filosof\u00eda de la Comunicaci\u00f3n en la Familia<\/p>\n<p>\u00b7 Did\u00e1ctica de la Educaci\u00f3n Sexual y<\/p>\n<p>\u00a0 Relaciones Familiares<\/p>\n<p>\u00b7 \u00c9tica Familiar en las Ciencias B\u00edblicas<\/p>\n<p>\u00b7 Metodolog\u00eda de la Investigaci\u00f3n<\/p>\n<p>[\/et_pb_text][\/et_pb_column][et_pb_column type=\u00bb1_3&#8243; _builder_version=\u00bb4.16&#8243; _module_preset=\u00bbdefault\u00bb global_colors_info=\u00bb{}\u00bb][et_pb_text _builder_version=\u00bb4.16&#8243; _module_preset=\u00bbdefault\u00bb text_text_color=\u00bb#FFFFFF\u00bb text_font_size=\u00bb12px\u00bb text_line_height=\u00bb0.5em\u00bb header_5_text_color=\u00bb#FFFFFF\u00bb background_color=\u00bb#0c71c3&#8243; height=\u00bb219px\u00bb custom_padding=\u00bb20px|20px|20px|20px|false|false\u00bb animation_style=\u00bbslide\u00bb border_width_left=\u00bb2px\u00bb border_color_left=\u00bb#adadad\u00bb global_colors_info=\u00bb{}\u00bb]<\/p>\n<h5><strong>3\u00b0 Cuatrimestre<\/strong><\/h5>\n<p>\u00b7 Filosof\u00eda de la Religi\u00f3n en Familia<\/p>\n<p>\u00b7 Psicolog\u00eda del Desarrollo Infantil desde<\/p>\n<p>\u00a0 la Familia<\/p>\n<p>\u00b7 \u00c9tica y Enc\u00edclicas sobre la Familia<\/p>\n<p>\u00b7 Elaboraci\u00f3n de Proyectos de Investigaci\u00f3n<\/p>\n<p>[\/et_pb_text][\/et_pb_column][\/et_pb_row][et_pb_row column_structure=\u00bb1_3,1_3,1_3&#8243; _builder_version=\u00bb4.16&#8243; _module_preset=\u00bbdefault\u00bb background_color=\u00bb#ffffff\u00bb custom_padding=\u00bb|22px||22px|false|false\u00bb global_colors_info=\u00bb{}\u00bb][et_pb_column type=\u00bb1_3&#8243; _builder_version=\u00bb4.16&#8243; _module_preset=\u00bbdefault\u00bb global_colors_info=\u00bb{}\u00bb][et_pb_text _builder_version=\u00bb4.16&#8243; _module_preset=\u00bbdefault\u00bb text_text_color=\u00bb#FFFFFF\u00bb text_font_size=\u00bb12px\u00bb text_line_height=\u00bb0.5em\u00bb header_text_color=\u00bb#FFFFFF\u00bb header_2_text_color=\u00bb#FFFFFF\u00bb header_3_text_color=\u00bb#FFFFFF\u00bb header_5_text_color=\u00bb#FFFFFF\u00bb background_color=\u00bb#6699cc\u00bb height=\u00bb221px\u00bb custom_padding=\u00bb20px|20px|20px|20px|false|false\u00bb animation_style=\u00bbslide\u00bb border_width_left=\u00bb2px\u00bb border_color_left=\u00bb#adadad\u00bb global_colors_info=\u00bb{}\u00bb]<\/p>\n<h5><strong>4\u00b0 Cuatrimestre<\/strong><\/h5>\n<p>\u00b7 Filosof\u00eda Posmoderna desde la Familia<\/p>\n<p>\u00b7 Est\u00e9tica y Vivencias Familiares<\/p>\n<p>\u00b7 Psicolog\u00eda de la Adolescencia en la Familia<\/p>\n<p>\u00b7 Antropolog\u00eda y Legislaci\u00f3n Familiar<\/p>\n<p>\u00b7 Desarrollo de Proyectos de Investigaci\u00f3n<\/p>\n<p style=\"font-weight: 400;\">\n<p>[\/et_pb_text][\/et_pb_column][et_pb_column type=\u00bb1_3&#8243; _builder_version=\u00bb4.16&#8243; _module_preset=\u00bbdefault\u00bb global_colors_info=\u00bb{}\u00bb][et_pb_text _builder_version=\u00bb4.21.0&#8243; _module_preset=\u00bbdefault\u00bb text_text_color=\u00bb#FFFFFF\u00bb text_font_size=\u00bb12px\u00bb text_line_height=\u00bb0.5em\u00bb header_text_color=\u00bb#FFFFFF\u00bb header_2_text_color=\u00bb#FFFFFF\u00bb header_3_text_color=\u00bb#FFFFFF\u00bb header_5_text_color=\u00bb#FFFFFF\u00bb background_color=\u00bb#6699cc\u00bb height=\u00bb221px\u00bb custom_padding=\u00bb20px|20px|20px|20px|false|false\u00bb animation_style=\u00bbslide\u00bb border_width_left=\u00bb2px\u00bb border_color_left=\u00bb#adadad\u00bb global_colors_info=\u00bb{}\u00bb]<\/p>\n<h5><strong>5\u00b0 Cuatrimestre<\/strong><\/h5>\n<p>\u00b7 Gu\u00eda de la Entrega y Revisi\u00f3n de<\/p>\n<p>Productos de Investigaci\u00f3n<\/p>\n<p>\u00b7 Filosof\u00eda de la Educaci\u00f3n desde la Familia<\/p>\n<p>\u00b7 Desarrollo de proyectos de investigaci\u00f3n<\/p>\n<p>[\/et_pb_text][\/et_pb_column][et_pb_column type=\u00bb1_3&#8243; _builder_version=\u00bb4.16&#8243; _module_preset=\u00bbdefault\u00bb global_colors_info=\u00bb{}\u00bb][et_pb_text _builder_version=\u00bb4.16&#8243; _module_preset=\u00bbdefault\u00bb text_text_color=\u00bb#FFFFFF\u00bb text_font_size=\u00bb12px\u00bb text_line_height=\u00bb0.5em\u00bb header_text_color=\u00bb#FFFFFF\u00bb header_2_text_color=\u00bb#FFFFFF\u00bb header_3_text_color=\u00bb#FFFFFF\u00bb header_5_text_color=\u00bb#FFFFFF\u00bb background_color=\u00bb#6699cc\u00bb height=\u00bb221px\u00bb custom_padding=\u00bb20px|20px|20px|20px|false|false\u00bb animation_style=\u00bbslide\u00bb border_width_left=\u00bb2px\u00bb border_color_left=\u00bb#adadad\u00bb global_colors_info=\u00bb{}\u00bb]<\/p>\n<h5><strong>Modalidad<\/strong><\/h5>\n<ul>\n<li>Mixta<strong><\/strong><\/li>\n<li>\n<p>\u00a0Clases: S\u00e1bados de 8:00 a 13:30 hrs<\/p>\n<\/li>\n<\/ul>\n<p>[\/et_pb_text][\/et_pb_column][\/et_pb_row][et_pb_row _builder_version=\u00bb4.16&#8243; _module_preset=\u00bbdefault\u00bb background_color=\u00bb#ffffff\u00bb custom_margin=\u00bb17px||||false|false\u00bb custom_padding=\u00bb|22px|0px|22px|false|false\u00bb locked=\u00bboff\u00bb global_colors_info=\u00bb{}\u00bb][et_pb_column type=\u00bb4_4&#8243; _builder_version=\u00bb4.16&#8243; _module_preset=\u00bbdefault\u00bb global_colors_info=\u00bb{}\u00bb][wpforms_selector form_id=\u00bb2615&#8243; show_title=\u00bbon\u00bb _builder_version=\u00bb4.18.0&#8243; _module_preset=\u00bbdefault\u00bb custom_padding=\u00bb22px||||false|false\u00bb animation_style=\u00bbslide\u00bb global_colors_info=\u00bb{}\u00bb][\/wpforms_selector][\/et_pb_column][\/et_pb_row][\/et_pb_section]<\/p>\n","protected":false},"excerpt":{"rendered":"<p>MAESTR\u00cdA EN CIENCIAS DE LA FAMILIA REVOE: PSU-142\/2017Formar especialistas en Filosof\u00eda y Ciencias de la Familia con base en conocimientos inter-trans-disciplinarios actualizados desde un enfoque integral, orientado por el an\u00e1lisis cr\u00edtico de los efectos de la posmodernidad, pudiendo coadyuvar e implementar planes y proyectos que aporten y transformen los contextos sociales y familiares.El egresado de [&hellip;]<\/p>\n","protected":false},"author":1,"featured_media":0,"parent":0,"menu_order":0,"comment_status":"closed","ping_status":"closed","template":"","meta":{"_et_pb_use_builder":"on","_et_pb_old_content":"","_et_gb_content_width":"","_monsterinsights_skip_tracking":false,"_monsterinsights_sitenote_active":false,"_monsterinsights_sitenote_note":"","_monsterinsights_sitenote_category":0,"_uf_show_specific_survey":0,"_uf_disable_surveys":false,"footnotes":""},"class_list":["post-169","page","type-page","status-publish","hentry"],"aioseo_notices":[],"jetpack_sharing_enabled":true,"_links":{"self":[{"href":"https:\/\/ucach.mx\/index.php\/wp-json\/wp\/v2\/pages\/169","targetHints":{"allow":["GET"]}}],"collection":[{"href":"https:\/\/ucach.mx\/index.php\/wp-json\/wp\/v2\/pages"}],"about":[{"href":"https:\/\/ucach.mx\/index.php\/wp-json\/wp\/v2\/types\/page"}],"author":[{"embeddable":true,"href":"https:\/\/ucach.mx\/index.php\/wp-json\/wp\/v2\/users\/1"}],"replies":[{"embeddable":true,"href":"https:\/\/ucach.mx\/index.php\/wp-json\/wp\/v2\/comments?post=169"}],"version-history":[{"count":58,"href":"https:\/\/ucach.mx\/index.php\/wp-json\/wp\/v2\/pages\/169\/revisions"}],"predecessor-version":[{"id":3163,"href":"https:\/\/ucach.mx\/index.php\/wp-json\/wp\/v2\/pages\/169\/revisions\/3163"}],"wp:attachment":[{"href":"https:\/\/ucach.mx\/index.php\/wp-json\/wp\/v2\/media?parent=169"}],"curies":[{"name":"wp","href":"https:\/\/api.w.org\/{rel}","templated":true}]}}