{"id":172,"date":"2021-01-22T01:45:33","date_gmt":"2021-01-22T01:45:33","guid":{"rendered":"https:\/\/ucach.mx\/?page_id=172"},"modified":"2023-06-03T11:12:31","modified_gmt":"2023-06-03T17:12:31","slug":"maestria-en-ciencias-de-la-educacion","status":"publish","type":"page","link":"https:\/\/ucach.mx\/index.php\/maestria-en-ciencias-de-la-educacion\/","title":{"rendered":"Maestr\u00eda en Ciencias de la Educaci\u00f3n"},"content":{"rendered":"<p>[et_pb_section fb_built=\u00bb1&#8243; _builder_version=\u00bb4.16&#8243; _module_preset=\u00bbdefault\u00bb background_color=\u00bb#f6f6f6&#8243; locked=\u00bboff\u00bb global_colors_info=\u00bb{}\u00bb][et_pb_row _builder_version=\u00bb4.16&#8243; _module_preset=\u00bbdefault\u00bb custom_padding=\u00bb21px||3px|||\u00bb global_colors_info=\u00bb{}\u00bb][et_pb_column type=\u00bb4_4&#8243; _builder_version=\u00bb4.16&#8243; _module_preset=\u00bbdefault\u00bb global_colors_info=\u00bb{}\u00bb][et_pb_text _builder_version=\u00bb4.17.4&#8243; _module_preset=\u00bbdefault\u00bb text_font_size=\u00bb25px\u00bb text_letter_spacing=\u00bb4px\u00bb custom_margin=\u00bb||29px|||\u00bb custom_padding=\u00bb20px||||false|false\u00bb box_shadow_style=\u00bbpreset2&#8243; global_colors_info=\u00bb{}\u00bb]<\/p>\n<h1 style=\"text-align: center;\"><strong>MAESTR\u00cdA EN CIENCIAS DE LA EDUCACI\u00d3N\u00a0<\/strong><\/h1>\n<h2 style=\"text-align: center;\">REVOE: PSU-02\/2022<\/h2>\n<p>&nbsp;<\/p>\n<p>[\/et_pb_text][\/et_pb_column][\/et_pb_row][\/et_pb_section][et_pb_section fb_built=\u00bb1&#8243; _builder_version=\u00bb4.16&#8243; _module_preset=\u00bbdefault\u00bb background_color=\u00bb#f7f7f7&#8243; locked=\u00bboff\u00bb global_colors_info=\u00bb{}\u00bb][et_pb_row column_structure=\u00bb3_5,2_5&#8243; use_custom_gutter=\u00bbon\u00bb gutter_width=\u00bb1&#8243; _builder_version=\u00bb4.16&#8243; _module_preset=\u00bbdefault\u00bb max_width=\u00bb1138px\u00bb global_colors_info=\u00bb{}\u00bb][et_pb_column type=\u00bb3_5&#8243; _builder_version=\u00bb4.16&#8243; _module_preset=\u00bbdefault\u00bb global_colors_info=\u00bb{}\u00bb][et_pb_blurb title=\u00bbOBJETIVO\u00bb _builder_version=\u00bb4.18.0&#8243; _module_preset=\u00bbdefault\u00bb header_font=\u00bb|600|||||||\u00bb header_font_size=\u00bb22px\u00bb header_letter_spacing=\u00bb2px\u00bb body_font=\u00bbArial||||||||\u00bb body_font_size=\u00bb14px\u00bb background_color=\u00bb#FFFFFF\u00bb min_height=\u00bb306px\u00bb custom_padding=\u00bb25px|25px|25px|25px|false|false\u00bb animation_style=\u00bbslide\u00bb locked=\u00bboff\u00bb global_colors_info=\u00bb{}\u00bb]<\/p>\n<p style=\"text-align: justify;\">La Maestr\u00eda en Ciencias de la Educaci\u00f3n tiene como objetivo formar profesionales en el \u00e1mbito educativo con sensibilidad humana, cient\u00edfica, te\u00f3rica, metodol\u00f3gica y contextual, para desarrollar capacidades y destrezas en el sujeto tanto para el an\u00e1lisis como para la aplicaci\u00f3n de m\u00e9todos y t\u00e9cnicas did\u00e1cticas desde enfoques interdisciplinarios, que permita la generaci\u00f3n y aplicaci\u00f3n de nuevos conocimientos e innovaci\u00f3n de pr\u00e1cticas educativas en el \u00e1mbito nacional, regional y local.<\/p>\n<p style=\"text-align: justify;\">Formar profesionales competentes en los campos emergentes de la educaci\u00f3n para que detecten, analicen, expliquen e interpreten los fen\u00f3menos y procesos educativos al tiempo de llevar a cabo un quehacer profesional mejor fundamentado y mejoren el impacto social e institucional en los diversos niveles, \u00e1mbitos y dimensiones de la educaci\u00f3n.<\/p>\n<p>[\/et_pb_blurb][\/et_pb_column][et_pb_column type=\u00bb2_5&#8243; _builder_version=\u00bb4.16&#8243; _module_preset=\u00bbdefault\u00bb global_colors_info=\u00bb{}\u00bb][et_pb_image src=\u00bbhttps:\/\/ucach.mx\/wp-content\/uploads\/2021\/03\/EDUCACION-LICENCIATURA-1.jpg\u00bb title_text=\u00bbEDUCACION LICENCIATURA\u00bb _builder_version=\u00bb4.16&#8243; _module_preset=\u00bbdefault\u00bb height=\u00bb338px\u00bb custom_margin=\u00bb|-41px|-2px|||\u00bb custom_padding=\u00bb|||0px||\u00bb animation_style=\u00bbslide\u00bb global_colors_info=\u00bb{}\u00bb][\/et_pb_image][\/et_pb_column][\/et_pb_row][\/et_pb_section][et_pb_section fb_built=\u00bb1&#8243; _builder_version=\u00bb4.16&#8243; _module_preset=\u00bbdefault\u00bb locked=\u00bboff\u00bb global_colors_info=\u00bb{}\u00bb][et_pb_row column_structure=\u00bb1_2,1_2&#8243; _builder_version=\u00bb4.16&#8243; _module_preset=\u00bbdefault\u00bb global_colors_info=\u00bb{}\u00bb][et_pb_column type=\u00bb1_2&#8243; _builder_version=\u00bb4.16&#8243; _module_preset=\u00bbdefault\u00bb global_colors_info=\u00bb{}\u00bb][et_pb_blurb title=\u00bbPERFIL DEL EGRESADO\u00bb _builder_version=\u00bb4.18.0&#8243; _module_preset=\u00bbdefault\u00bb body_font=\u00bbArial||||||||\u00bb body_text_align=\u00bbjustify\u00bb body_font_size=\u00bb14px\u00bb animation_style=\u00bbslide\u00bb global_colors_info=\u00bb{}\u00bb]<\/p>\n<p>A partir de la orientaci\u00f3n del programa y el cumplimiento de los objetivos, el egresado del programa deber\u00e1 mostrar:<\/p>\n<h3>Conocimientos:<\/h3>\n<ul>\n<li style=\"list-style-type: none;\">\n<ul>\n<li>Dominio de enfoques disciplinares te\u00f3ricos, metodol\u00f3gicos que sustentan el campo de las Ciencias de la Educaci\u00f3n.<\/li>\n<li>Construcci\u00f3n de conocimientos interdisciplinarios que den cuenta de campos problem\u00e1ticos de estudio y procesos de investigaci\u00f3n.<\/li>\n<li>Comprensi\u00f3n de fundamentos contextuales y de pol\u00edtica educativa nacional e internacional que posibiliten la explicaci\u00f3n e interpretaci\u00f3n de los procesos, fen\u00f3menos y problem\u00e1ticas educativas.<\/li>\n<li>Conocimiento de m\u00e9todos, t\u00e9cnicas, TICs y elaboraci\u00f3n de instrumentos utilizados para el desarrollo de proyectos desde el campo de la investigaci\u00f3n educativa con enfoques y estrategias.<\/li>\n<li>An\u00e1lisis de la conformaci\u00f3n y funcionamiento del sistema educativo nacional y estatal, as\u00ed como algunos sistemas educativos en el mundo.<\/li>\n<\/ul>\n<\/li>\n<\/ul>\n<p>&nbsp;<\/p>\n<p>&nbsp;<\/p>\n<p>[\/et_pb_blurb][\/et_pb_column][et_pb_column type=\u00bb1_2&#8243; _builder_version=\u00bb4.16&#8243; _module_preset=\u00bbdefault\u00bb global_colors_info=\u00bb{}\u00bb][et_pb_blurb _builder_version=\u00bb4.18.0&#8243; _module_preset=\u00bbdefault\u00bb body_font=\u00bbArial||||||||\u00bb body_text_align=\u00bbjustify\u00bb body_font_size=\u00bb14px\u00bb animation_style=\u00bbslide\u00bb global_colors_info=\u00bb{}\u00bb]<\/p>\n<h3>Habilidades:<\/h3>\n<ul>\n<li style=\"list-style-type: none;\">\n<ul>\n<li>Comprensi\u00f3n, recuperaci\u00f3n e interrelaci\u00f3n de planteamientos centrales en la revisi\u00f3n de teor\u00edas sobre y de la educaci\u00f3n.<\/li>\n<li>Exposici\u00f3n clara, ordenada y secuencia l\u00f3gica de sus ideas.<\/li>\n<li>Trabajo en equipo y vinculaci\u00f3n profesional con agentes, instituciones y organismos que promueven el desarrollo del conocimiento acerca de las Ciencias de la Educaci\u00f3n a nivel regional, nacional e internacional.<\/li>\n<li>Habilidades y destrezas para la colaboraci\u00f3n en programas, proyectos y actividades profesionales en equipos interinstitucionales.<\/li>\n<li>Estrategias para el discernimiento y selecci\u00f3n de fuentes de informaci\u00f3n.<\/li>\n<\/ul>\n<\/li>\n<\/ul>\n<div class=\"et_pb_blurb_content\">\n<div class=\"et_pb_blurb_container\">\n<div class=\"et_pb_blurb_description\">\n<div data-shortcode-id=\"3.0.1.0-1613779628618\" data-quickaccess-id=\"body\" data-quickaccess-editable=\"yes\" class=\"et-fb-popover-tinymce\">\n<div class=\"mce-content-body\" contenteditable=\"true\">\n<h3>Actitudes:<\/h3>\n<ul>\n<li style=\"list-style-type: none;\">\n<ul>\n<li>Superaci\u00f3n personal y profesional permanente.<\/li>\n<li>Compromiso val\u00f3rico con la profesi\u00f3n y la sociedad.<\/li>\n<li>Ejercicio \u00e9tico de la profesi\u00f3n.<\/li>\n<li>Iniciativa, consistencia y perseverancia en el desempe\u00f1o profesional.<\/li>\n<li>Cr\u00edtica reflexiva y propositiva en el campo profesional.<\/li>\n<\/ul>\n<\/li>\n<\/ul>\n<\/div>\n<\/div>\n<\/div>\n<\/div>\n<\/div>\n<p>[\/et_pb_blurb][\/et_pb_column][\/et_pb_row][\/et_pb_section][et_pb_section fb_built=\u00bb1&#8243; _builder_version=\u00bb4.16&#8243; _module_preset=\u00bbdefault\u00bb background_color=\u00bb#f7f7f7&#8243; locked=\u00bboff\u00bb global_colors_info=\u00bb{}\u00bb][et_pb_row column_structure=\u00bb1_3,1_3,1_3&#8243; _builder_version=\u00bb4.16&#8243; _module_preset=\u00bbdefault\u00bb global_colors_info=\u00bb{}\u00bb][et_pb_column type=\u00bb1_3&#8243; _builder_version=\u00bb4.16&#8243; _module_preset=\u00bbdefault\u00bb global_colors_info=\u00bb{}\u00bb][et_pb_text _builder_version=\u00bb4.16&#8243; _module_preset=\u00bbdefault\u00bb text_text_color=\u00bb#FFFFFF\u00bb text_font_size=\u00bb12px\u00bb text_line_height=\u00bb0.5em\u00bb header_5_text_color=\u00bb#FFFFFF\u00bb background_color=\u00bb#0c71c3&#8243; height=\u00bb187px\u00bb custom_padding=\u00bb20px|20px|20px|20px|false|false\u00bb animation_style=\u00bbslide\u00bb border_width_left=\u00bb2px\u00bb border_color_left=\u00bb#adadad\u00bb global_colors_info=\u00bb{}\u00bb]<\/p>\n<h5><strong>1\u00b0 Cuatrimestre<\/strong><\/h5>\n<ul>\n<li>Filosof\u00eda de la Educaci\u00f3n.<\/li>\n<li>Antropolog\u00eda de la Educaci\u00f3n.<\/li>\n<li>Historia de la Educaci\u00f3n en M\u00e9xico.<\/li>\n<li>Econom\u00eda de la Educaci\u00f3n.<\/li>\n<\/ul>\n<p>&nbsp;<\/p>\n<p>[\/et_pb_text][\/et_pb_column][et_pb_column type=\u00bb1_3&#8243; _builder_version=\u00bb4.16&#8243; _module_preset=\u00bbdefault\u00bb global_colors_info=\u00bb{}\u00bb][et_pb_text _builder_version=\u00bb4.16&#8243; _module_preset=\u00bbdefault\u00bb text_text_color=\u00bb#FFFFFF\u00bb text_font_size=\u00bb12px\u00bb text_line_height=\u00bb0.5em\u00bb header_5_text_color=\u00bb#FFFFFF\u00bb background_color=\u00bb#0c71c3&#8243; height=\u00bb187px\u00bb custom_padding=\u00bb20px|20px|20px|20px|false|false\u00bb animation_style=\u00bbslide\u00bb border_width_left=\u00bb2px\u00bb border_color_left=\u00bb#adadad\u00bb global_colors_info=\u00bb{}\u00bb]<\/p>\n<h5><strong>2\u00b0 Cuatrimestre<\/strong><\/h5>\n<ul>\n<li>Psicolog\u00eda de la Educaci\u00f3n y del Aprendizaje.<\/li>\n<li>Teor\u00edas Pedag\u00f3gicas.<\/li>\n<li>Did\u00e1cticas Contempor\u00e1neas.<\/li>\n<li>Taller de Docencia.<\/li>\n<\/ul>\n<p>&nbsp;<\/p>\n<p>[\/et_pb_text][\/et_pb_column][et_pb_column type=\u00bb1_3&#8243; _builder_version=\u00bb4.16&#8243; _module_preset=\u00bbdefault\u00bb global_colors_info=\u00bb{}\u00bb][et_pb_text _builder_version=\u00bb4.21.0&#8243; _module_preset=\u00bbdefault\u00bb text_text_color=\u00bb#FFFFFF\u00bb text_font_size=\u00bb12px\u00bb text_line_height=\u00bb0.5em\u00bb header_5_text_color=\u00bb#FFFFFF\u00bb background_color=\u00bb#0c71c3&#8243; height=\u00bb204px\u00bb custom_padding=\u00bb20px|20px|20px|20px|false|false\u00bb animation_style=\u00bbslide\u00bb hover_enabled=\u00bb0&#8243; border_width_left=\u00bb2px\u00bb border_color_left=\u00bb#adadad\u00bb global_colors_info=\u00bb{}\u00bb sticky_enabled=\u00bb0&#8243;]<\/p>\n<h5><strong>3\u00b0 Cuatrimestre<\/strong><\/h5>\n<ul>\n<li>Sociolog\u00eda de la Educaci\u00f3n.<\/li>\n<li>Nuevas Tecnolog\u00edas Aplicadas a la Educaci\u00f3n.<\/li>\n<li>Planeaci\u00f3n y Evaluaci\u00f3n del Curriculum.<\/li>\n<li>Taller de Dise\u00f1o y Programaci\u00f3n de Unidades de Aprendizaje.<\/li>\n<\/ul>\n<p>&nbsp;<\/p>\n<p>&nbsp;<\/p>\n<p>[\/et_pb_text][\/et_pb_column][\/et_pb_row][et_pb_row column_structure=\u00bb1_3,1_3,1_3&#8243; _builder_version=\u00bb4.16&#8243; _module_preset=\u00bbdefault\u00bb global_colors_info=\u00bb{}\u00bb][et_pb_column type=\u00bb1_3&#8243; _builder_version=\u00bb4.16&#8243; _module_preset=\u00bbdefault\u00bb global_colors_info=\u00bb{}\u00bb][et_pb_text _builder_version=\u00bb4.16&#8243; _module_preset=\u00bbdefault\u00bb text_text_color=\u00bb#FFFFFF\u00bb text_font_size=\u00bb12px\u00bb text_line_height=\u00bb0.5em\u00bb header_text_color=\u00bb#FFFFFF\u00bb header_2_text_color=\u00bb#FFFFFF\u00bb header_3_text_color=\u00bb#FFFFFF\u00bb header_5_text_color=\u00bb#FFFFFF\u00bb background_color=\u00bb#6699cc\u00bb height=\u00bb191px\u00bb custom_padding=\u00bb20px|20px|20px|20px|false|false\u00bb animation_style=\u00bbslide\u00bb border_width_left=\u00bb2px\u00bb border_color_left=\u00bb#adadad\u00bb global_colors_info=\u00bb{}\u00bb]<\/p>\n<h5><strong>4\u00b0 Cuatrimestre<\/strong><\/h5>\n<ul>\n<li>Pol\u00edtica y calidad Educativa.<\/li>\n<li>Administraci\u00f3n y gesti\u00f3n Escolar.<\/li>\n<li>Legislaci\u00f3n Escolar.\u00a0<\/li>\n<li>Investigaci\u00f3n Educativa.<\/li>\n<\/ul>\n<p>&nbsp;<\/p>\n<p>[\/et_pb_text][\/et_pb_column][et_pb_column type=\u00bb1_3&#8243; _builder_version=\u00bb4.16&#8243; _module_preset=\u00bbdefault\u00bb global_colors_info=\u00bb{}\u00bb][et_pb_text _builder_version=\u00bb4.16&#8243; _module_preset=\u00bbdefault\u00bb text_text_color=\u00bb#FFFFFF\u00bb text_font_size=\u00bb12px\u00bb text_line_height=\u00bb0.5em\u00bb header_text_color=\u00bb#FFFFFF\u00bb header_2_text_color=\u00bb#FFFFFF\u00bb header_3_text_color=\u00bb#FFFFFF\u00bb header_5_text_color=\u00bb#FFFFFF\u00bb background_color=\u00bb#6699cc\u00bb height=\u00bb191px\u00bb custom_padding=\u00bb20px|20px|20px|20px|false|false\u00bb animation_style=\u00bbslide\u00bb border_width_left=\u00bb2px\u00bb border_color_left=\u00bb#adadad\u00bb global_colors_info=\u00bb{}\u00bb]<\/p>\n<h5><strong>Modalidad<\/strong><\/h5>\n<ul>\n<li style=\"font-weight: 400;\">Modalidad:<span>\u00a0<\/span><b><strong>Mixta<\/strong><\/b>.<\/li>\n<li style=\"font-weight: 400;\">Duraci\u00f3n:<span>\u00a0<\/span><b><strong>4 Cuatrimestres<\/strong><\/b>.<\/li>\n<li style=\"font-weight: 400;\">D\u00eda de clases:<span>\u00a0<\/span><b><strong>S\u00e1bados de 8:00 a 13:30 hrs<\/strong><\/b><\/li>\n<\/ul>\n<p>[\/et_pb_text][\/et_pb_column][et_pb_column type=\u00bb1_3&#8243; _builder_version=\u00bb4.16&#8243; _module_preset=\u00bbdefault\u00bb global_colors_info=\u00bb{}\u00bb][\/et_pb_column][\/et_pb_row][\/et_pb_section][et_pb_section fb_built=\u00bb1&#8243; _builder_version=\u00bb4.16&#8243; _module_preset=\u00bbdefault\u00bb locked=\u00bboff\u00bb global_colors_info=\u00bb{}\u00bb][et_pb_row _builder_version=\u00bb4.16&#8243; _module_preset=\u00bbdefault\u00bb max_width=\u00bb1557px\u00bb custom_margin=\u00bb|auto|-36px|auto||\u00bb locked=\u00bboff\u00bb global_colors_info=\u00bb{}\u00bb][et_pb_column type=\u00bb4_4&#8243; _builder_version=\u00bb4.16&#8243; _module_preset=\u00bbdefault\u00bb global_colors_info=\u00bb{}\u00bb][wpforms_selector form_id=\u00bb2611&#8243; show_title=\u00bbon\u00bb _builder_version=\u00bb4.18.0&#8243; _module_preset=\u00bbdefault\u00bb animation_style=\u00bbslide\u00bb global_colors_info=\u00bb{}\u00bb][\/wpforms_selector][\/et_pb_column][\/et_pb_row][et_pb_row _builder_version=\u00bb4.16&#8243; _module_preset=\u00bbdefault\u00bb locked=\u00bboff\u00bb global_colors_info=\u00bb{}\u00bb][et_pb_column type=\u00bb4_4&#8243; _builder_version=\u00bb4.16&#8243; _module_preset=\u00bbdefault\u00bb global_colors_info=\u00bb{}\u00bb][et_pb_image src=\u00bbhttps:\/\/ucach.mx\/wp-content\/uploads\/2021\/01\/logo-UCACH.png\u00bb title_text=\u00bblogo UCACH\u00bb align=\u00bbcenter\u00bb _builder_version=\u00bb4.16&#8243; _module_preset=\u00bbdefault\u00bb width=\u00bb20%\u00bb animation_style=\u00bbzoom\u00bb global_colors_info=\u00bb{}\u00bb][\/et_pb_image][\/et_pb_column][\/et_pb_row][\/et_pb_section]<\/p>\n","protected":false},"excerpt":{"rendered":"<p>MAESTR\u00cdA EN CIENCIAS DE LA EDUCACI\u00d3N\u00a0 REVOE: PSU-02\/2022 &nbsp;La Maestr\u00eda en Ciencias de la Educaci\u00f3n tiene como objetivo formar profesionales en el \u00e1mbito educativo con sensibilidad humana, cient\u00edfica, te\u00f3rica, metodol\u00f3gica y contextual, para desarrollar capacidades y destrezas en el sujeto tanto para el an\u00e1lisis como para la aplicaci\u00f3n de m\u00e9todos y t\u00e9cnicas did\u00e1cticas desde enfoques [&hellip;]<\/p>\n","protected":false},"author":1,"featured_media":1146,"parent":0,"menu_order":0,"comment_status":"closed","ping_status":"closed","template":"","meta":{"_et_pb_use_builder":"on","_et_pb_old_content":"","_et_gb_content_width":"","_monsterinsights_skip_tracking":false,"_monsterinsights_sitenote_active":false,"_monsterinsights_sitenote_note":"","_monsterinsights_sitenote_category":0,"_uf_show_specific_survey":0,"_uf_disable_surveys":false,"footnotes":""},"class_list":["post-172","page","type-page","status-publish","has-post-thumbnail","hentry"],"aioseo_notices":[],"jetpack_sharing_enabled":true,"_links":{"self":[{"href":"https:\/\/ucach.mx\/index.php\/wp-json\/wp\/v2\/pages\/172","targetHints":{"allow":["GET"]}}],"collection":[{"href":"https:\/\/ucach.mx\/index.php\/wp-json\/wp\/v2\/pages"}],"about":[{"href":"https:\/\/ucach.mx\/index.php\/wp-json\/wp\/v2\/types\/page"}],"author":[{"embeddable":true,"href":"https:\/\/ucach.mx\/index.php\/wp-json\/wp\/v2\/users\/1"}],"replies":[{"embeddable":true,"href":"https:\/\/ucach.mx\/index.php\/wp-json\/wp\/v2\/comments?post=172"}],"version-history":[{"count":35,"href":"https:\/\/ucach.mx\/index.php\/wp-json\/wp\/v2\/pages\/172\/revisions"}],"predecessor-version":[{"id":2808,"href":"https:\/\/ucach.mx\/index.php\/wp-json\/wp\/v2\/pages\/172\/revisions\/2808"}],"wp:featuredmedia":[{"embeddable":true,"href":"https:\/\/ucach.mx\/index.php\/wp-json\/wp\/v2\/media\/1146"}],"wp:attachment":[{"href":"https:\/\/ucach.mx\/index.php\/wp-json\/wp\/v2\/media?parent=172"}],"curies":[{"name":"wp","href":"https:\/\/api.w.org\/{rel}","templated":true}]}}