{"id":1740,"date":"2021-07-10T13:34:19","date_gmt":"2021-07-10T18:34:19","guid":{"rendered":"https:\/\/ucach.mx\/?page_id=1740"},"modified":"2025-05-27T11:10:48","modified_gmt":"2025-05-27T17:10:48","slug":"diplomado-en-tanatologia","status":"publish","type":"page","link":"https:\/\/ucach.mx\/index.php\/diplomado-en-tanatologia\/","title":{"rendered":"Diplomado en Tanatolog\u00eda"},"content":{"rendered":"<p>[et_pb_section fb_built=\u00bb1&#8243; _builder_version=\u00bb4.16&#8243; _module_preset=\u00bbdefault\u00bb background_color=\u00bb#f6f6f6&#8243; locked=\u00bboff\u00bb global_colors_info=\u00bb{}\u00bb][et_pb_row _builder_version=\u00bb4.16&#8243; _module_preset=\u00bbdefault\u00bb custom_padding=\u00bb56px|||||\u00bb global_colors_info=\u00bb{}\u00bb][et_pb_column type=\u00bb4_4&#8243; _builder_version=\u00bb4.16&#8243; _module_preset=\u00bbdefault\u00bb global_colors_info=\u00bb{}\u00bb][et_pb_text _builder_version=\u00bb4.26.1&#8243; _module_preset=\u00bbdefault\u00bb text_font=\u00bb|600|||||||\u00bb text_text_color=\u00bb#0C71C3&#8243; text_font_size=\u00bb36px\u00bb text_line_height=\u00bb1.1em\u00bb text_orientation=\u00bbcenter\u00bb custom_margin=\u00bb||29px|||\u00bb custom_padding=\u00bb2px|||||\u00bb text_font_size_tablet=\u00bb\u00bb text_font_size_phone=\u00bb24px\u00bb text_font_size_last_edited=\u00bbon|phone\u00bb text_text_shadow_style=\u00bbpreset3&#8243; box_shadow_style=\u00bbpreset4&#8243; box_shadow_blur=\u00bb33px\u00bb box_shadow_spread=\u00bb-21px\u00bb box_shadow_color=\u00bb#0C71C3&#8243; global_colors_info=\u00bb{}\u00bb]<\/p>\n<h1 style=\"text-align: center;\"><strong>DIPLOMADO EN TANATOLOG\u00cdA<\/strong><\/h1>\n<h2 style=\"text-align: center;\"><strong>Resignificando los duelos con esperanza y trascendencia<\/strong><\/h2>\n<p>[\/et_pb_text][\/et_pb_column][\/et_pb_row][et_pb_row use_custom_gutter=\u00bbon\u00bb _builder_version=\u00bb4.16&#8243; _module_preset=\u00bbdefault\u00bb width=\u00bb98%\u00bb max_width=\u00bb1945px\u00bb custom_margin=\u00bb-63px|auto||auto||\u00bb global_colors_info=\u00bb{}\u00bb][et_pb_column type=\u00bb4_4&#8243; _builder_version=\u00bb4.16&#8243; _module_preset=\u00bbdefault\u00bb global_colors_info=\u00bb{}\u00bb][et_pb_divider color=\u00bb#fecc00&#8243; _builder_version=\u00bb4.16&#8243; _module_preset=\u00bbdefault\u00bb global_colors_info=\u00bb{}\u00bb][\/et_pb_divider][\/et_pb_column][\/et_pb_row][et_pb_row column_structure=\u00bb2_5,3_5&#8243; use_custom_gutter=\u00bbon\u00bb gutter_width=\u00bb1&#8243; _builder_version=\u00bb4.16&#8243; _module_preset=\u00bbdefault\u00bb max_width=\u00bb1138px\u00bb global_colors_info=\u00bb{}\u00bb][et_pb_column type=\u00bb2_5&#8243; _builder_version=\u00bb4.16&#8243; _module_preset=\u00bbdefault\u00bb global_colors_info=\u00bb{}\u00bb][et_pb_blurb title=\u00bbOBJETIVO\u00bb _builder_version=\u00bb4.27.0&#8243; _module_preset=\u00bbdefault\u00bb header_font=\u00bb|600|||||||\u00bb header_font_size=\u00bb22px\u00bb header_letter_spacing=\u00bb2px\u00bb background_color=\u00bb#FFFFFF\u00bb min_height=\u00bb379px\u00bb custom_padding=\u00bb25px|25px|25px|25px|false|false\u00bb animation_style=\u00bbslide\u00bb box_shadow_style=\u00bbpreset3&#8243; locked=\u00bboff\u00bb global_colors_info=\u00bb{}\u00bb]<\/p>\n<p style=\"text-align: justify;\">Conocer\u00e1s la Tanatolog\u00eda como una disciplina cient\u00edfica, con enfoque humanista, sus principios y procedimientos, t\u00e9cnicas y herramientas de intervenci\u00f3n, mediante el an\u00e1lisis de casos reales de duelo, que te permitir\u00e1n desarrollar, como un arte, el proceso de intervenci\u00f3n para resignificar y trascender la vida del dolido por las p\u00e9rdidas significativas, sean f\u00edsicas, emocionales y espirituales y de igual manera vivir sus procesos de duelo.<\/p>\n<p>[\/et_pb_blurb][\/et_pb_column][et_pb_column type=\u00bb3_5&#8243; _builder_version=\u00bb4.16&#8243; _module_preset=\u00bbdefault\u00bb global_colors_info=\u00bb{}\u00bb][et_pb_image src=\u00bbhttps:\/\/ucach.mx\/wp-content\/uploads\/2023\/07\/Captura-de-pantalla-2023-07-17-a-las-11.55.31.png\u00bb title_text=\u00bbTanatolog\u00eda\u00bb align=\u00bbcenter\u00bb _builder_version=\u00bb4.21.0&#8243; _module_preset=\u00bbdefault\u00bb module_alignment=\u00bbcenter\u00bb height=\u00bb378px\u00bb custom_margin=\u00bbauto||auto||false|false\u00bb custom_padding=\u00bb||||false|false\u00bb animation_style=\u00bbslide\u00bb animation_direction=\u00bbright\u00bb global_colors_info=\u00bb{}\u00bb][\/et_pb_image][\/et_pb_column][\/et_pb_row][\/et_pb_section][et_pb_section fb_built=\u00bb1&#8243; _builder_version=\u00bb4.16&#8243; _module_preset=\u00bbdefault\u00bb locked=\u00bboff\u00bb global_colors_info=\u00bb{}\u00bb][et_pb_row column_structure=\u00bb1_2,1_2&#8243; _builder_version=\u00bb4.16&#8243; _module_preset=\u00bbdefault\u00bb custom_padding=\u00bb|||0px||\u00bb animation_style=\u00bbzoom\u00bb global_colors_info=\u00bb{}\u00bb][et_pb_column type=\u00bb1_2&#8243; _builder_version=\u00bb4.16&#8243; _module_preset=\u00bbdefault\u00bb global_colors_info=\u00bb{}\u00bb][et_pb_text _builder_version=\u00bb4.27.0&#8243; _module_preset=\u00bbdefault\u00bb global_colors_info=\u00bb{}\u00bb]<\/p>\n<h2><strong>PERFIL DE EGRESO<\/strong><\/h2>\n<p style=\"text-align: justify;\">Obtendr\u00e1s los conocimientos tanatol\u00f3gicos y ser\u00e1 capaz de favorecer elementos de intervenci\u00f3n en los duelos, de manera t\u00e9cnica\u2013profesional a la persona doliente que atraviesa por la realidad de las p\u00e9rdidas vitales, ya sea por una enfermedad cr\u00f3nico degenerativa o terminal y a sus familias, o bien a una persona que est\u00e9 viviendo alg\u00fan tipo de p\u00e9rdida significativa. As\u00ed mismo, podr\u00e1s favorecer tus propios procesos de duelo.<\/p>\n<p>Al egresar contar\u00e1s con las siguientes habilidades:<\/p>\n<ul>\n<li style=\"list-style-type: none;\">\n<ul>\n<li>Desarrollar la visi\u00f3n integral del ser humano como unidad bio-psico-socio-espiritual;<\/li>\n<li>Desarrollar una visi\u00f3n de la muerte desde el \u00e1mbito del decurso vital;<\/li>\n<li>Favorece su autocuidado psico emocional y espiritual ante el manejo de sus propias experiencias de p\u00e9rdidas significativas.<\/li>\n<li>Facilitar una despedida y la posibilidad de volver a encontrar sentido y satisfacci\u00f3n en la vida.<\/li>\n<li>Desarrollar con visi\u00f3n humanista e interdisciplinar un perfil de habilidades como profesional en tanatolog\u00eda.<\/li>\n<li>Realizar labor de asistencia tanatol\u00f3gica, al doliente, al enfermo terminal y a su sistema familiar.<\/li>\n<li>Ser un acompa\u00f1ante \u00e9tico, profesional, facilitador de la aceptaci\u00f3n real de la p\u00e9rdida.<\/li>\n<li>Aplica t\u00e9cnicas y estrategias de intervenci\u00f3n tanatol\u00f3gica que coadyuven al manejo del dolor y sufrimiento ante las p\u00e9rdidas.<\/li>\n<li>Desarrolla la sensibilidad y trato humanitario a los pacientes terminales.<\/li>\n<\/ul>\n<\/li>\n<\/ul>\n<p>[\/et_pb_text][et_pb_text _builder_version=\u00bb4.27.0&#8243; _module_preset=\u00bbdefault\u00bb background_color=\u00bb#FFFFFF\u00bb custom_padding=\u00bb25px|25px|25px|25px|false|false\u00bb box_shadow_style=\u00bbpreset3&#8243; locked=\u00bboff\u00bb global_colors_info=\u00bb{}\u00bb]<\/p>\n<h2><span style=\"color: #000080;\"><strong>Metodolog\u00eda<\/strong><\/span><\/h2>\n<p style=\"text-align: justify;\">Nuestros maestros facilitan el aprendizaje a nuestros estudiantes para desarrollar el conocimiento mediante las sesiones sincr\u00f3nicas (en vivo y directo) con el facilitador desde la aplicaci\u00f3n Meet, m\u00e1s los recursos did\u00e1cticos que suben en Classroom, y la elaboraci\u00f3n-entrega de sus Evidencias de Aprendizaje (EA); estos tres elementos se conducen a partir del modelo pedag\u00f3gico constructivo, donde el estudiante es autogestivo y tiene un papel muy activo en su proceso de aprendizaje, a partir de la planeaci\u00f3n did\u00e1ctica y la gu\u00eda de los facilitadores; esto requiere administraci\u00f3n de su tiempo, desde una experiencia activa entre sus compa\u00f1eros y maestros, con ayuda de la tecnolog\u00eda, en un trabajo coordinado con la Universidad. An\u00e1lisis de casos especiales (modelo pedag\u00f3gico por m\u00e9todo de casos). Investigaci\u00f3n de los estudiantes y mutua retroalimentaci\u00f3n Nuestros programas se desarrollan desde lo interdisciplinar, integrando Ciencia, Fe, Raz\u00f3n, \u00c9tica y Trascendencia.<\/p>\n<p>[\/et_pb_text][\/et_pb_column][et_pb_column type=\u00bb1_2&#8243; _builder_version=\u00bb4.16&#8243; _module_preset=\u00bbdefault\u00bb global_colors_info=\u00bb{}\u00bb][et_pb_blurb _builder_version=\u00bb4.26.1&#8243; _module_preset=\u00bbdefault\u00bb background_color=\u00bb#FFFFFF\u00bb custom_padding=\u00bb15px|15px|5px|15px|false|false\u00bb box_shadow_style=\u00bbpreset3&#8243; global_colors_info=\u00bb{}\u00bb]<\/p>\n<h3><span style=\"color: #000080;\"><strong>Plan de estudios<\/strong><\/span><\/h3>\n<blockquote>\n<p><strong>M\u00f3dulo 1<\/strong> Concepto, principios, procesos y enfoques de la Tanatolog\u00eda humanista.<\/p>\n<p><strong>M\u00f3dulo 2<\/strong> Desarrollo Humano y gesti\u00f3n de emociones ante las p\u00e9rdidas.<\/p>\n<p><strong>M\u00f3dulo 3<\/strong> Antropolog\u00eda filos\u00f3fica y teol\u00f3gica de la muerte.<\/p>\n<p><strong>M\u00f3dulo 4<\/strong> La tanatolog\u00eda y los trastornos psicopatol\u00f3gicos.<\/p>\n<p><strong>M\u00f3dulo 5<\/strong> Duelo por suicidio y otras muertes violentas.<\/p>\n<p><strong>M\u00f3dulo 6<\/strong> Los duelos en el sistema familiar (familiograma).<\/p>\n<p><strong>M\u00f3dulo 7<\/strong> Elaboraci\u00f3n del plan de intervenci\u00f3n tanatol\u00f3gica.<\/p>\n<p><strong>M\u00f3dulo 8<\/strong> Intervenci\u00f3n en crisis y Tanatolog\u00eda<\/p>\n<p><strong>M\u00f3dulo 9<\/strong> Aspectos \u00e9ticos y legales de la Muerte.<\/p>\n<p><strong>M\u00f3dulo 10<\/strong> Desarrollo y presentaci\u00f3n de proyecto acad\u00e9mico de intervenci\u00f3n tanatol\u00f3gica.<\/p>\n<\/blockquote>\n<p>[\/et_pb_blurb][et_pb_text _builder_version=\u00bb4.27.4&#8243; _module_preset=\u00bbdefault\u00bb background_color=\u00bb#FFFFFF\u00bb custom_padding=\u00bb25px|25px|25px|25px|false|false\u00bb hover_enabled=\u00bb0&#8243; box_shadow_style=\u00bbpreset3&#8243; locked=\u00bboff\u00bb global_colors_info=\u00bb{}\u00bb sticky_enabled=\u00bb0&#8243;]<\/p>\n<p><strong>Inicio:<\/strong> 18 de agosto del 2025<\/p>\n<p><strong>Horario: <\/strong>Lunes y mi\u00e9rcoles 7:00 a 9:00 p.m<\/p>\n<p><strong>Modalidad: <\/strong>Virtual (Google meet y Google Classroom)<\/p>\n<p><strong>Duraci\u00f3n: <\/strong>7 meses<\/p>\n<p>&nbsp;<\/p>\n<p>[\/et_pb_text][\/et_pb_column][\/et_pb_row][et_pb_row _builder_version=\u00bb4.27.4&#8243; _module_preset=\u00bbdefault\u00bb hover_enabled=\u00bb0&#8243; global_colors_info=\u00bb{}\u00bb sticky_enabled=\u00bb0&#8243;][et_pb_column type=\u00bb4_4&#8243; _builder_version=\u00bb4.16&#8243; _module_preset=\u00bbdefault\u00bb global_colors_info=\u00bb{}\u00bb][wpforms_selector form_id=\u00bb3001&#8243; show_title=\u00bbon\u00bb _builder_version=\u00bb4.27.4&#8243; _module_preset=\u00bbdefault\u00bb animation_style=\u00bbslide\u00bb hover_enabled=\u00bb0&#8243; global_colors_info=\u00bb{}\u00bb sticky_enabled=\u00bb0&#8243;][\/wpforms_selector][\/et_pb_column][\/et_pb_row][\/et_pb_section]<\/p>\n","protected":false},"excerpt":{"rendered":"<p>DIPLOMADO EN TANATOLOG\u00cdA Resignificando los duelos con esperanza y trascendenciaConocer\u00e1s la Tanatolog\u00eda como una disciplina cient\u00edfica, con enfoque humanista, sus principios y procedimientos, t\u00e9cnicas y herramientas de intervenci\u00f3n, mediante el an\u00e1lisis de casos reales de duelo, que te permitir\u00e1n desarrollar, como un arte, el proceso de intervenci\u00f3n para resignificar y trascender la vida del dolido [&hellip;]<\/p>\n","protected":false},"author":1,"featured_media":0,"parent":0,"menu_order":0,"comment_status":"closed","ping_status":"closed","template":"","meta":{"_et_pb_use_builder":"on","_et_pb_old_content":"","_et_gb_content_width":"","_monsterinsights_skip_tracking":false,"_monsterinsights_sitenote_active":false,"_monsterinsights_sitenote_note":"","_monsterinsights_sitenote_category":0,"_uf_show_specific_survey":0,"_uf_disable_surveys":false,"footnotes":""},"class_list":["post-1740","page","type-page","status-publish","hentry"],"aioseo_notices":[],"jetpack_sharing_enabled":true,"_links":{"self":[{"href":"https:\/\/ucach.mx\/index.php\/wp-json\/wp\/v2\/pages\/1740","targetHints":{"allow":["GET"]}}],"collection":[{"href":"https:\/\/ucach.mx\/index.php\/wp-json\/wp\/v2\/pages"}],"about":[{"href":"https:\/\/ucach.mx\/index.php\/wp-json\/wp\/v2\/types\/page"}],"author":[{"embeddable":true,"href":"https:\/\/ucach.mx\/index.php\/wp-json\/wp\/v2\/users\/1"}],"replies":[{"embeddable":true,"href":"https:\/\/ucach.mx\/index.php\/wp-json\/wp\/v2\/comments?post=1740"}],"version-history":[{"count":15,"href":"https:\/\/ucach.mx\/index.php\/wp-json\/wp\/v2\/pages\/1740\/revisions"}],"predecessor-version":[{"id":4032,"href":"https:\/\/ucach.mx\/index.php\/wp-json\/wp\/v2\/pages\/1740\/revisions\/4032"}],"wp:attachment":[{"href":"https:\/\/ucach.mx\/index.php\/wp-json\/wp\/v2\/media?parent=1740"}],"curies":[{"name":"wp","href":"https:\/\/api.w.org\/{rel}","templated":true}]}}