{"id":182,"date":"2021-01-22T01:53:05","date_gmt":"2021-01-22T01:53:05","guid":{"rendered":"https:\/\/ucach.mx\/?page_id=182"},"modified":"2024-04-24T16:14:59","modified_gmt":"2024-04-24T22:14:59","slug":"doctorado-en-ciencias-de-la-educacion","status":"publish","type":"page","link":"https:\/\/ucach.mx\/index.php\/doctorado-en-ciencias-de-la-educacion\/","title":{"rendered":"Doctorado en Ciencias de la Educaci\u00f3n"},"content":{"rendered":"<p>[et_pb_section fb_built=\u00bb1&#8243; _builder_version=\u00bb4.16&#8243; _module_preset=\u00bbdefault\u00bb background_color=\u00bb#f6f6f6&#8243; locked=\u00bboff\u00bb global_colors_info=\u00bb{}\u00bb][et_pb_row _builder_version=\u00bb4.16&#8243; _module_preset=\u00bbdefault\u00bb custom_padding=\u00bb25px|||||\u00bb global_colors_info=\u00bb{}\u00bb][et_pb_column type=\u00bb4_4&#8243; _builder_version=\u00bb4.16&#8243; _module_preset=\u00bbdefault\u00bb global_colors_info=\u00bb{}\u00bb][et_pb_text _builder_version=\u00bb4.25.0&#8243; _module_preset=\u00bbdefault\u00bb text_font_size=\u00bb25px\u00bb text_letter_spacing=\u00bb4px\u00bb custom_margin=\u00bb||29px|||\u00bb custom_padding=\u00bb18px||18px||false|false\u00bb hover_enabled=\u00bb0&#8243; box_shadow_style=\u00bbpreset2&#8243; global_colors_info=\u00bb{}\u00bb sticky_enabled=\u00bb0&#8243;]<\/p>\n<h1 style=\"text-align: center;\"><strong>DOCTORADO EN EDUCACI\u00d3N\u00a0<\/strong><\/h1>\n<h2 style=\"text-align: center;\">REVOE: PSU-1443\/2023<\/h2>\n<p>[\/et_pb_text][\/et_pb_column][\/et_pb_row][\/et_pb_section][et_pb_section fb_built=\u00bb1&#8243; _builder_version=\u00bb4.16&#8243; _module_preset=\u00bbdefault\u00bb background_color=\u00bb#f7f7f7&#8243; locked=\u00bboff\u00bb global_colors_info=\u00bb{}\u00bb][et_pb_row column_structure=\u00bb3_5,2_5&#8243; use_custom_gutter=\u00bbon\u00bb gutter_width=\u00bb1&#8243; _builder_version=\u00bb4.16&#8243; _module_preset=\u00bbdefault\u00bb max_width=\u00bb1138px\u00bb global_colors_info=\u00bb{}\u00bb][et_pb_column type=\u00bb3_5&#8243; _builder_version=\u00bb4.16&#8243; _module_preset=\u00bbdefault\u00bb global_colors_info=\u00bb{}\u00bb][et_pb_blurb title=\u00bbOBJETIVOS\u00bb _builder_version=\u00bb4.25.0&#8243; _module_preset=\u00bbdefault\u00bb header_font=\u00bb|600|||||||\u00bb header_font_size=\u00bb22px\u00bb header_letter_spacing=\u00bb2px\u00bb body_font=\u00bbArial||||||||\u00bb body_text_align=\u00bbjustify\u00bb body_font_size=\u00bb14px\u00bb background_color=\u00bb#FFFFFF\u00bb min_height=\u00bb316px\u00bb custom_padding=\u00bb25px|25px|25px|25px|false|false\u00bb animation_style=\u00bbslide\u00bb box_shadow_style=\u00bbpreset3&#8243; locked=\u00bboff\u00bb global_colors_info=\u00bb{}\u00bb]<\/p>\n<ul>\n<li>Formar investigadores en el \u00e1mbito educativo con sensibilidad humana, cient\u00edfica, te\u00f3rica, metodol\u00f3gica, t\u00e9cnica y contextual, para el desarrollo de la investigaci\u00f3n e innovaci\u00f3n educativa, desde una perspectiva comparada con el \u00e1mbito internacional, nacional, regional y local.<\/li>\n<li>Desarrollar capacidades y destrezas en los estudiantes, tanto para la problematizaci\u00f3n y construcci\u00f3n de objetos de estudio, como para la aplicaci\u00f3n de m\u00e9todos y t\u00e9cnicas de investigaci\u00f3n, que aborden a la educaci\u00f3n desde enfoques multi, pluri, inter y transdisciplinarios, que permitan la generaci\u00f3n y aplicaci\u00f3n de nuevos conocimientos.<\/li>\n<li>Formar profesionales competentes en los campos emergentes de la educaci\u00f3n para la detecci\u00f3n, an\u00e1lisis, explicaci\u00f3n e interpretaci\u00f3n de los fen\u00f3menos y procesos educativos.<\/li>\n<li>Plantear alternativas de soluci\u00f3n y mejora en el \u00e1mbito social e institucional de los diversos niveles, \u00e1mbitos y dimensiones de la educaci\u00f3n.<\/li>\n<\/ul>\n<p>[\/et_pb_blurb][\/et_pb_column][et_pb_column type=\u00bb2_5&#8243; _builder_version=\u00bb4.16&#8243; _module_preset=\u00bbdefault\u00bb global_colors_info=\u00bb{}\u00bb][et_pb_image src=\u00bbhttps:\/\/ucach.mx\/wp-content\/uploads\/2021\/03\/DOCTORADO1.jpg\u00bb title_text=\u00bbDOCTORADO1&#8243; _builder_version=\u00bb4.16&#8243; _module_preset=\u00bbdefault\u00bb width_tablet=\u00bb\u00bb width_phone=\u00bb100%\u00bb width_last_edited=\u00bbon|phone\u00bb height=\u00bb337px\u00bb custom_margin=\u00bb|-41px|-2px|||\u00bb custom_padding=\u00bb|||0px||\u00bb animation_style=\u00bbslide\u00bb animation_direction=\u00bbright\u00bb global_colors_info=\u00bb{}\u00bb][\/et_pb_image][et_pb_blurb title=\u00bbCARACTER\u00cdSTICAS\u00bb _builder_version=\u00bb4.25.0&#8243; _module_preset=\u00bbdefault\u00bb background_color=\u00bb#FFFFFF\u00bb custom_margin=\u00bb14px|||16px|false|false\u00bb custom_padding=\u00bb25px|35px|25px|25px|false|false\u00bb animation_style=\u00bbslide\u00bb box_shadow_style=\u00bbpreset2&#8243; global_colors_info=\u00bb{}\u00bb]<\/p>\n<p>Modalidad: Virtual<br \/>Duraci\u00f3n: 9 Cuatrimestres 3 a\u00f1os<br \/>Horario: s\u00e1bado de 9:00am a 1:30pm<\/p>\n<p>[\/et_pb_blurb][\/et_pb_column][\/et_pb_row][et_pb_row _builder_version=\u00bb4.25.0&#8243; _module_preset=\u00bbdefault\u00bb global_colors_info=\u00bb{}\u00bb][et_pb_column type=\u00bb4_4&#8243; _builder_version=\u00bb4.25.0&#8243; _module_preset=\u00bbdefault\u00bb global_colors_info=\u00bb{}\u00bb][et_pb_heading title=\u00bbPERFIL DE INGRESO\u00bb _builder_version=\u00bb4.25.0&#8243; _module_preset=\u00bbdefault\u00bb global_colors_info=\u00bb{}\u00bb][\/et_pb_heading][et_pb_text _builder_version=\u00bb4.25.0&#8243; _module_preset=\u00bbdefault\u00bb background_color=\u00bb#FFFFFF\u00bb custom_padding=\u00bb25px|25px|25px|25px|false|false\u00bb box_shadow_style=\u00bbpreset3&#8243; global_colors_info=\u00bb{}\u00bb]<\/p>\n<p>Los estudiantes interesados en cursar el doctorado en Ciencias de la Educaci\u00f3n, cuentan con sensibilidad humanista e inter\u00e9s en la profundizaci\u00f3n, generaci\u00f3n y aplicaci\u00f3n de nuevos conocimientos en las diferentes modalidades, niveles y dimensiones del \u00e1mbito educativo. Fomentan una actitud de trabajo colaborativo, con disciplina individual para el estudio y habilidades para la elaboraci\u00f3n de trabajos escritos de corte acad\u00e9mico.<\/p>\n<p>[\/et_pb_text][\/et_pb_column][\/et_pb_row][\/et_pb_section][et_pb_section fb_built=\u00bb1&#8243; _builder_version=\u00bb4.16&#8243; _module_preset=\u00bbdefault\u00bb locked=\u00bboff\u00bb global_colors_info=\u00bb{}\u00bb][et_pb_row column_structure=\u00bb1_2,1_2&#8243; _builder_version=\u00bb4.16&#8243; _module_preset=\u00bbdefault\u00bb animation_style=\u00bbzoom\u00bb global_colors_info=\u00bb{}\u00bb][et_pb_column type=\u00bb1_2&#8243; _builder_version=\u00bb4.16&#8243; _module_preset=\u00bbdefault\u00bb global_colors_info=\u00bb{}\u00bb][et_pb_blurb title=\u00bbPERFIL DEL EGRESADO\u00bb _builder_version=\u00bb4.25.0&#8243; _module_preset=\u00bbdefault\u00bb body_font=\u00bbArial||||||||\u00bb body_text_align=\u00bbjustify\u00bb body_font_size=\u00bb14px\u00bb hover_enabled=\u00bb0&#8243; global_colors_info=\u00bb{}\u00bb sticky_enabled=\u00bb0&#8243;]<\/p>\n<h3>\u00a0<u>Habilidades:<\/u><\/h3>\n<ul>\n<li>Competencia para la planeaci\u00f3n y el desarrollo de investigaciones educativas.<\/li>\n<li>Comprensi\u00f3n, recuperaci\u00f3n e interrelaci\u00f3n de planteamientos centrales en la revisi\u00f3n de teor\u00edas pedag\u00f3gicas y de las ciencias de la educaci\u00f3n para aplicarlos en los distintos procesos de investigaci\u00f3n educativa.<\/li>\n<li>Exposici\u00f3n clara, ordenada y secuencia l\u00f3gica de ideas con la finalidad de sistematizar los resultados de la investigaci\u00f3n.<\/li>\n<li>Vinculaci\u00f3n profesional con agentes, instituciones y organismos que promueven proyectos de investigaci\u00f3n educativa local, regional, nacional e internacional.<\/li>\n<li>Mejora permanente de la pr\u00e1ctica docente y de la investigaci\u00f3n educativa.<\/li>\n<\/ul>\n<h3><u>Actitudes:<\/u><\/h3>\n<ul>\n<li>Superaci\u00f3n continua, especialmente en la cultura de la investigaci\u00f3n.<\/li>\n<li>Compromiso con la investigaci\u00f3n educativa y la sociedad.<\/li>\n<li>Ejercicio \u00e9tico de la profesi\u00f3n.<\/li>\n<li>Actitud creativa en el campo profesional e investigaci\u00f3n educativa.<\/li>\n<\/ul>\n<h3><u>Valores:<\/u><\/h3>\n<ul>\n<li>Conocimiento y sabidur\u00eda para trabajos en equipo.<\/li>\n<li>Sensibilidad, compromiso y responsabilidad ante la problem\u00e1tica educativa y socioecon\u00f3mica.<\/li>\n<li>Respeto a los derechos humanos y al medio ambiente, con base en las aportaciones de la investigaci\u00f3n educativa y la reflexi\u00f3n filos\u00f3fica.<\/li>\n<li>Responsabilidad, honestidad e integridad en la pr\u00e1ctica profesional.<\/li>\n<\/ul>\n<p>[\/et_pb_blurb][\/et_pb_column][et_pb_column type=\u00bb1_2&#8243; _builder_version=\u00bb4.16&#8243; _module_preset=\u00bbdefault\u00bb global_colors_info=\u00bb{}\u00bb][et_pb_blurb _builder_version=\u00bb4.25.0&#8243; _module_preset=\u00bbdefault\u00bb body_font=\u00bbArial||||||||\u00bb body_text_align=\u00bbjustify\u00bb body_font_size=\u00bb14px\u00bb global_colors_info=\u00bb{}\u00bb]<\/p>\n<h3>Conocimientos.<\/h3>\n<ul>\n<li>Acerca de la naturaleza de los fen\u00f3menos, problemas y necesidades socio-educativas.<\/li>\n<li>Dominio de enfoques disciplinares te\u00f3ricos y metodol\u00f3gicos que sustentan el campo de la educaci\u00f3n con aplicabilidad en los procesos de la investigaci\u00f3n educativa.<\/li>\n<li>Construcci\u00f3n de conocimientos multi, pluri, inter y transdisciplinarios con base en campos problem\u00e1ticos que justifiquen los procesos de investigaci\u00f3n educativa.<\/li>\n<li>Aplicaci\u00f3n de m\u00e9todos, t\u00e9cnicas y elaboraci\u00f3n de instrumentos para el desarrollo de proyectos de investigaci\u00f3n e intervenci\u00f3n, para solucionar problemas del contexto socio-educativo.<\/li>\n<li>Creaci\u00f3n, aplicaci\u00f3n y evaluaci\u00f3n de programas de administraci\u00f3n de procesos educativos a trav\u00e9s de estrategias tanto cualitativas como cuantitativas.<\/li>\n<\/ul>\n<p>[\/et_pb_blurb][et_pb_blurb _builder_version=\u00bb4.25.0&#8243; _module_preset=\u00bbdefault\u00bb body_font=\u00bbArial||||||||\u00bb body_text_align=\u00bbjustify\u00bb body_font_size=\u00bb14px\u00bb global_colors_info=\u00bb{}\u00bb]<\/p>\n<h3>VENTAJAS DEL DOCTORADO<\/h3>\n<ul>\n<li>Desarrollar\u00e1s habilidades de investigaci\u00f3n cualitativa y cuantitativa de todo el fen\u00f3meno educativo.<\/li>\n<li>Desarrollar\u00e1s experticia en el an\u00e1lisis gesti\u00f3n y evaluaci\u00f3n de proyectos educativos.<\/li>\n<li>Desarrollar\u00e1s tu habilidad de escritura argumentativa, que te permite hacer publicaciones de car\u00e1cter cient\u00edfico, escribir libros t\u00e9cnicos, columnas de opini\u00f3n o art\u00edculos.<\/li>\n<li>Desarrollar\u00e1s tus habilidades de comunicaci\u00f3n oral, para impartir cursos y conferencias magistrales.<\/li>\n<li>Te permite conseguir puestos m\u00e1s altos y mejorar tus ingresos.<\/li>\n<li>Mejora el perfil profesional, mayor reconocimiento laboral y social.<\/li>\n<\/ul>\n<p>[\/et_pb_blurb][\/et_pb_column][\/et_pb_row][\/et_pb_section][et_pb_section fb_built=\u00bb1&#8243; _builder_version=\u00bb4.16&#8243; _module_preset=\u00bbdefault\u00bb background_color=\u00bb#f7f7f7&#8243; locked=\u00bboff\u00bb global_colors_info=\u00bb{}\u00bb][et_pb_row column_structure=\u00bb1_3,1_3,1_3&#8243; use_custom_gutter=\u00bbon\u00bb _builder_version=\u00bb4.16&#8243; _module_preset=\u00bbdefault\u00bb global_colors_info=\u00bb{}\u00bb][et_pb_column type=\u00bb1_3&#8243; _builder_version=\u00bb4.16&#8243; _module_preset=\u00bbdefault\u00bb global_colors_info=\u00bb{}\u00bb][et_pb_text _builder_version=\u00bb4.25.0&#8243; _module_preset=\u00bbdefault\u00bb text_text_color=\u00bb#FFFFFF\u00bb text_font_size=\u00bb12px\u00bb text_line_height=\u00bb0.5em\u00bb header_5_text_color=\u00bb#FFFFFF\u00bb background_color=\u00bb#0c71c3&#8243; height=\u00bb226px\u00bb custom_padding=\u00bb20px|20px|20px|20px|false|false\u00bb animation_style=\u00bbslide\u00bb hover_enabled=\u00bb0&#8243; border_width_left=\u00bb2px\u00bb border_color_left=\u00bb#adadad\u00bb global_colors_info=\u00bb{}\u00bb sticky_enabled=\u00bb0&#8243;]<\/p>\n<h5><strong>1\u00b0 Cuatrimestre<\/strong><\/h5>\n<ul>\n<li>Desaf\u00edos \u00e9tico pol\u00edticos de la investigaci\u00f3n<\/li>\n<li>Proyecto de investigaci\u00f3n.<\/li>\n<\/ul>\n<p>[\/et_pb_text][\/et_pb_column][et_pb_column type=\u00bb1_3&#8243; _builder_version=\u00bb4.16&#8243; _module_preset=\u00bbdefault\u00bb global_colors_info=\u00bb{}\u00bb][et_pb_text _builder_version=\u00bb4.25.0&#8243; _module_preset=\u00bbdefault\u00bb text_text_color=\u00bb#FFFFFF\u00bb text_font_size=\u00bb12px\u00bb text_line_height=\u00bb0.5em\u00bb header_5_text_color=\u00bb#FFFFFF\u00bb background_color=\u00bb#0c71c3&#8243; height=\u00bb226px\u00bb custom_padding=\u00bb20px|20px|20px|20px|false|false\u00bb animation_style=\u00bbslide\u00bb hover_enabled=\u00bb0&#8243; border_width_left=\u00bb2px\u00bb border_color_left=\u00bb#adadad\u00bb global_colors_info=\u00bb{}\u00bb sticky_enabled=\u00bb0&#8243;]<\/p>\n<h5><strong>2\u00b0 Cuatrimestre<\/strong><\/h5>\n<ul>\n<li>Epistemolog\u00eda de las ciencias de la<\/li>\n<li>Problematizaci\u00f3n del objeto de estudio<\/li>\n<\/ul>\n<p>[\/et_pb_text][\/et_pb_column][et_pb_column type=\u00bb1_3&#8243; _builder_version=\u00bb4.16&#8243; _module_preset=\u00bbdefault\u00bb global_colors_info=\u00bb{}\u00bb][et_pb_text _builder_version=\u00bb4.25.0&#8243; _module_preset=\u00bbdefault\u00bb text_text_color=\u00bb#FFFFFF\u00bb text_font_size=\u00bb12px\u00bb text_line_height=\u00bb0.5em\u00bb header_5_text_color=\u00bb#FFFFFF\u00bb background_color=\u00bb#0c71c3&#8243; height=\u00bb226px\u00bb custom_padding=\u00bb20px|20px|20px|20px|false|false\u00bb animation_style=\u00bbslide\u00bb hover_enabled=\u00bb0&#8243; border_width_left=\u00bb2px\u00bb border_color_left=\u00bb#adadad\u00bb global_colors_info=\u00bb{}\u00bb sticky_enabled=\u00bb0&#8243;]<\/p>\n<h5><strong>3\u00b0 Cuatrimestre<\/strong><\/h5>\n<ul>\n<li>Inclusi\u00f3n e interculturalidad en el \u00e1mbito educativo<\/li>\n<li>Estado del arte del tema<\/li>\n<li>Problema de investigaci\u00f3n<\/li>\n<\/ul>\n<p>[\/et_pb_text][\/et_pb_column][\/et_pb_row][et_pb_row column_structure=\u00bb1_3,1_3,1_3&#8243; use_custom_gutter=\u00bbon\u00bb _builder_version=\u00bb4.16&#8243; _module_preset=\u00bbdefault\u00bb global_colors_info=\u00bb{}\u00bb][et_pb_column type=\u00bb1_3&#8243; _builder_version=\u00bb4.16&#8243; _module_preset=\u00bbdefault\u00bb global_colors_info=\u00bb{}\u00bb][et_pb_text _builder_version=\u00bb4.25.0&#8243; _module_preset=\u00bbdefault\u00bb text_text_color=\u00bb#FFFFFF\u00bb text_font_size=\u00bb12px\u00bb text_line_height=\u00bb0.5em\u00bb header_text_color=\u00bb#FFFFFF\u00bb header_2_text_color=\u00bb#FFFFFF\u00bb header_3_text_color=\u00bb#FFFFFF\u00bb header_5_text_color=\u00bb#FFFFFF\u00bb background_color=\u00bb#6699cc\u00bb height=\u00bb200px\u00bb custom_padding=\u00bb20px|20px|20px|20px|false|false\u00bb animation_style=\u00bbslide\u00bb hover_enabled=\u00bb0&#8243; border_width_left=\u00bb2px\u00bb border_color_left=\u00bb#adadad\u00bb global_colors_info=\u00bb{}\u00bb sticky_enabled=\u00bb0&#8243;]<\/p>\n<h5><strong>4\u00b0 Cuatrimestre<\/strong><\/h5>\n<ul>\n<li>Seminario de perspectivas te\u00f3rico metodol\u00f3gicas en investigaci\u00f3n<\/li>\n<li>Definici\u00f3n de la estrategia metodol\u00f3gica de la investigaci\u00f3n<\/li>\n<\/ul>\n<p>[\/et_pb_text][\/et_pb_column][et_pb_column type=\u00bb1_3&#8243; _builder_version=\u00bb4.16&#8243; _module_preset=\u00bbdefault\u00bb global_colors_info=\u00bb{}\u00bb][et_pb_text _builder_version=\u00bb4.25.0&#8243; _module_preset=\u00bbdefault\u00bb text_text_color=\u00bb#FFFFFF\u00bb text_font_size=\u00bb12px\u00bb text_line_height=\u00bb0.5em\u00bb header_text_color=\u00bb#FFFFFF\u00bb header_2_text_color=\u00bb#FFFFFF\u00bb header_3_text_color=\u00bb#FFFFFF\u00bb header_5_text_color=\u00bb#FFFFFF\u00bb background_color=\u00bb#6699cc\u00bb height=\u00bb200px\u00bb custom_padding=\u00bb20px|20px|20px|20px|false|false\u00bb animation_style=\u00bbslide\u00bb hover_enabled=\u00bb0&#8243; border_width_left=\u00bb2px\u00bb border_color_left=\u00bb#adadad\u00bb global_colors_info=\u00bb{}\u00bb sticky_enabled=\u00bb0&#8243;]<\/p>\n<h5><strong>5\u00b0 Cuatrimestre<\/strong><\/h5>\n<ul>\n<li>Dise\u00f1o de estrategias e instrumentos de investigaci\u00f3n<\/li>\n<li>Taller de investigaci\u00f3n 1: Desarrollo del trabajo de campo<\/li>\n<\/ul>\n<p>[\/et_pb_text][\/et_pb_column][et_pb_column type=\u00bb1_3&#8243; _builder_version=\u00bb4.16&#8243; _module_preset=\u00bbdefault\u00bb global_colors_info=\u00bb{}\u00bb][et_pb_text _builder_version=\u00bb4.25.0&#8243; _module_preset=\u00bbdefault\u00bb text_text_color=\u00bb#FFFFFF\u00bb text_font_size=\u00bb12px\u00bb text_line_height=\u00bb0.5em\u00bb header_text_color=\u00bb#FFFFFF\u00bb header_2_text_color=\u00bb#FFFFFF\u00bb header_3_text_color=\u00bb#FFFFFF\u00bb header_5_text_color=\u00bb#FFFFFF\u00bb background_color=\u00bb#6699cc\u00bb height=\u00bb200px\u00bb custom_padding=\u00bb20px|20px|20px|20px|false|false\u00bb animation_style=\u00bbslide\u00bb hover_enabled=\u00bb0&#8243; border_width_left=\u00bb2px\u00bb border_color_left=\u00bb#adadad\u00bb global_colors_info=\u00bb{}\u00bb sticky_enabled=\u00bb0&#8243;]<\/p>\n<h5><strong>6\u00b0 Cuatrimestre<\/strong><\/h5>\n<ul>\n<li>Configuraci\u00f3n del aparato cr\u00edtico en trabajos de investigaci\u00f3n<\/li>\n<li>Herramientas cualitativas para an\u00e1lisis de datos<\/li>\n<\/ul>\n<p>[\/et_pb_text][\/et_pb_column][\/et_pb_row][et_pb_row column_structure=\u00bb1_3,1_3,1_3&#8243; use_custom_gutter=\u00bbon\u00bb _builder_version=\u00bb4.25.0&#8243; _module_preset=\u00bbdefault\u00bb hover_enabled=\u00bb0&#8243; global_colors_info=\u00bb{}\u00bb sticky_enabled=\u00bb0&#8243;][et_pb_column type=\u00bb1_3&#8243; _builder_version=\u00bb4.16&#8243; _module_preset=\u00bbdefault\u00bb global_colors_info=\u00bb{}\u00bb][et_pb_text _builder_version=\u00bb4.25.0&#8243; _module_preset=\u00bbdefault\u00bb text_text_color=\u00bb#FFFFFF\u00bb text_font_size=\u00bb12px\u00bb text_line_height=\u00bb0.5em\u00bb header_text_color=\u00bb#FFFFFF\u00bb header_2_text_color=\u00bb#FFFFFF\u00bb header_3_text_color=\u00bb#FFFFFF\u00bb header_5_text_color=\u00bb#FFFFFF\u00bb background_color=\u00bb#6699cc\u00bb height=\u00bb200px\u00bb custom_padding=\u00bb20px|20px|20px|20px|false|false\u00bb animation_style=\u00bbslide\u00bb hover_enabled=\u00bb0&#8243; border_width_left=\u00bb2px\u00bb border_color_left=\u00bb#adadad\u00bb global_colors_info=\u00bb{}\u00bb sticky_enabled=\u00bb0&#8243;]<\/p>\n<h5><strong>7\u00b0 Cuatrimestre<\/strong><\/h5>\n<ul>\n<li>Herramientas cuantitativas para an\u00e1lisis de datos<\/li>\n<li>Taller de investigaci\u00f3n II: Sistematizacio\u00b4n y an\u00e1lisis del corpus<\/li>\n<\/ul>\n<p>[\/et_pb_text][\/et_pb_column][et_pb_column type=\u00bb1_3&#8243; _builder_version=\u00bb4.16&#8243; _module_preset=\u00bbdefault\u00bb global_colors_info=\u00bb{}\u00bb][et_pb_text _builder_version=\u00bb4.25.0&#8243; _module_preset=\u00bbdefault\u00bb text_text_color=\u00bb#FFFFFF\u00bb text_font_size=\u00bb12px\u00bb text_line_height=\u00bb0.5em\u00bb header_text_color=\u00bb#FFFFFF\u00bb header_2_text_color=\u00bb#FFFFFF\u00bb header_3_text_color=\u00bb#FFFFFF\u00bb header_5_text_color=\u00bb#FFFFFF\u00bb background_color=\u00bb#6699cc\u00bb height=\u00bb200px\u00bb custom_padding=\u00bb20px|20px|20px|20px|false|false\u00bb animation_style=\u00bbslide\u00bb hover_enabled=\u00bb0&#8243; border_width_left=\u00bb2px\u00bb border_color_left=\u00bb#adadad\u00bb global_colors_info=\u00bb{}\u00bb sticky_enabled=\u00bb0&#8243;]<\/p>\n<h5><strong>8\u00b0 Cuatrimestre<\/strong><\/h5>\n<ul>\n<li>Investigaci\u00f3n educativa en las pol\u00edticas educativas actuales.<\/li>\n<li>Taller: Borrador de informe de investigaci\u00f3n<\/li>\n<\/ul>\n<p>[\/et_pb_text][\/et_pb_column][et_pb_column type=\u00bb1_3&#8243; _builder_version=\u00bb4.16&#8243; _module_preset=\u00bbdefault\u00bb global_colors_info=\u00bb{}\u00bb][et_pb_text _builder_version=\u00bb4.25.0&#8243; _module_preset=\u00bbdefault\u00bb text_text_color=\u00bb#FFFFFF\u00bb text_font_size=\u00bb12px\u00bb text_line_height=\u00bb0.5em\u00bb header_text_color=\u00bb#FFFFFF\u00bb header_2_text_color=\u00bb#FFFFFF\u00bb header_3_text_color=\u00bb#FFFFFF\u00bb header_5_text_color=\u00bb#FFFFFF\u00bb background_color=\u00bb#6699cc\u00bb height=\u00bb200px\u00bb custom_padding=\u00bb20px|20px|20px|20px|false|false\u00bb animation_style=\u00bbslide\u00bb hover_enabled=\u00bb0&#8243; border_width_left=\u00bb2px\u00bb border_color_left=\u00bb#adadad\u00bb global_colors_info=\u00bb{}\u00bb sticky_enabled=\u00bb0&#8243;]<\/p>\n<h5><strong>9\u00b0 Cuatrimestre<\/strong><\/h5>\n<ul>\n<li>Taller: Informe final<\/li>\n<li>Taller de configuraci\u00f3n y presentaci\u00f3n de tesis.<\/li>\n<\/ul>\n<p>[\/et_pb_text][\/et_pb_column][\/et_pb_row][\/et_pb_section][et_pb_section fb_built=\u00bb1&#8243; _builder_version=\u00bb4.16&#8243; _module_preset=\u00bbdefault\u00bb locked=\u00bboff\u00bb global_colors_info=\u00bb{}\u00bb][et_pb_row _builder_version=\u00bb4.16&#8243; _module_preset=\u00bbdefault\u00bb width=\u00bb100%\u00bb max_width=\u00bb1557px\u00bb custom_margin=\u00bb|auto|-36px|auto||\u00bb locked=\u00bboff\u00bb global_colors_info=\u00bb{}\u00bb][et_pb_column type=\u00bb4_4&#8243; _builder_version=\u00bb4.16&#8243; _module_preset=\u00bbdefault\u00bb global_colors_info=\u00bb{}\u00bb][et_pb_divider _builder_version=\u00bb4.16&#8243; _module_preset=\u00bbdefault\u00bb global_colors_info=\u00bb{}\u00bb][\/et_pb_divider][\/et_pb_column][\/et_pb_row][et_pb_row _builder_version=\u00bb4.16&#8243; _module_preset=\u00bbdefault\u00bb locked=\u00bboff\u00bb global_colors_info=\u00bb{}\u00bb][et_pb_column type=\u00bb4_4&#8243; _builder_version=\u00bb4.16&#8243; _module_preset=\u00bbdefault\u00bb global_colors_info=\u00bb{}\u00bb][et_pb_image src=\u00bbhttps:\/\/ucach.mx\/wp-content\/uploads\/2021\/01\/logo-UCACH.png\u00bb title_text=\u00bblogo UCACH\u00bb align=\u00bbcenter\u00bb _builder_version=\u00bb4.16&#8243; _module_preset=\u00bbdefault\u00bb width=\u00bb20%\u00bb animation_style=\u00bbzoom\u00bb global_colors_info=\u00bb{}\u00bb][\/et_pb_image][\/et_pb_column][\/et_pb_row][\/et_pb_section]<\/p>\n","protected":false},"excerpt":{"rendered":"<p>DOCTORADO EN EDUCACI\u00d3N\u00a0 REVOE: PSU-1443\/2023 Formar investigadores en el \u00e1mbito educativo con sensibilidad humana, cient\u00edfica, te\u00f3rica, metodol\u00f3gica, t\u00e9cnica y contextual, para el desarrollo de la investigaci\u00f3n e innovaci\u00f3n educativa, desde una perspectiva comparada con el \u00e1mbito internacional, nacional, regional y local. Desarrollar capacidades y destrezas en los estudiantes, tanto para la problematizaci\u00f3n y construcci\u00f3n de [&hellip;]<\/p>\n","protected":false},"author":1,"featured_media":0,"parent":0,"menu_order":0,"comment_status":"closed","ping_status":"closed","template":"","meta":{"_et_pb_use_builder":"on","_et_pb_old_content":"","_et_gb_content_width":"","_monsterinsights_skip_tracking":false,"_monsterinsights_sitenote_active":false,"_monsterinsights_sitenote_note":"","_monsterinsights_sitenote_category":0,"_uf_show_specific_survey":0,"_uf_disable_surveys":false,"footnotes":""},"class_list":["post-182","page","type-page","status-publish","hentry"],"aioseo_notices":[],"jetpack_sharing_enabled":true,"_links":{"self":[{"href":"https:\/\/ucach.mx\/index.php\/wp-json\/wp\/v2\/pages\/182","targetHints":{"allow":["GET"]}}],"collection":[{"href":"https:\/\/ucach.mx\/index.php\/wp-json\/wp\/v2\/pages"}],"about":[{"href":"https:\/\/ucach.mx\/index.php\/wp-json\/wp\/v2\/types\/page"}],"author":[{"embeddable":true,"href":"https:\/\/ucach.mx\/index.php\/wp-json\/wp\/v2\/users\/1"}],"replies":[{"embeddable":true,"href":"https:\/\/ucach.mx\/index.php\/wp-json\/wp\/v2\/comments?post=182"}],"version-history":[{"count":36,"href":"https:\/\/ucach.mx\/index.php\/wp-json\/wp\/v2\/pages\/182\/revisions"}],"predecessor-version":[{"id":3424,"href":"https:\/\/ucach.mx\/index.php\/wp-json\/wp\/v2\/pages\/182\/revisions\/3424"}],"wp:attachment":[{"href":"https:\/\/ucach.mx\/index.php\/wp-json\/wp\/v2\/media?parent=182"}],"curies":[{"name":"wp","href":"https:\/\/api.w.org\/{rel}","templated":true}]}}