{"id":323,"date":"2021-01-27T19:28:49","date_gmt":"2021-01-27T19:28:49","guid":{"rendered":"https:\/\/ucach.mx\/?page_id=323"},"modified":"2026-04-01T17:31:15","modified_gmt":"2026-04-01T23:31:15","slug":"aviso-de-privacidad","status":"publish","type":"page","link":"https:\/\/ucach.mx\/index.php\/aviso-de-privacidad\/","title":{"rendered":"AVISO DE PRIVACIDAD"},"content":{"rendered":"<p>[et_pb_section fb_built=\u00bb1&#8243; _builder_version=\u00bb4.16&#8243; _module_preset=\u00bbdefault\u00bb background_color=\u00bb#fecc00&#8243; global_colors_info=\u00bb{}\u00bb][et_pb_row _builder_version=\u00bb4.16&#8243; _module_preset=\u00bbdefault\u00bb min_height=\u00bb81px\u00bb custom_padding=\u00bb||6px|||\u00bb global_colors_info=\u00bb{}\u00bb][et_pb_column type=\u00bb4_4&#8243; _builder_version=\u00bb4.16&#8243; _module_preset=\u00bbdefault\u00bb global_colors_info=\u00bb{}\u00bb][et_pb_blurb title=\u00bbAVISO DE PRIVACIDAD\u00bb _builder_version=\u00bb4.16&#8243; _module_preset=\u00bbdefault\u00bb header_font=\u00bb|600|||||||\u00bb header_text_color=\u00bb#42529d\u00bb header_font_size=\u00bb22px\u00bb header_letter_spacing=\u00bb2px\u00bb text_orientation=\u00bbcenter\u00bb global_colors_info=\u00bb{}\u00bb][\/et_pb_blurb][\/et_pb_column][\/et_pb_row][\/et_pb_section][et_pb_section fb_built=\u00bb1&#8243; _builder_version=\u00bb4.16&#8243; _module_preset=\u00bbdefault\u00bb global_colors_info=\u00bb{}\u00bb][et_pb_row _builder_version=\u00bb4.16&#8243; _module_preset=\u00bbdefault\u00bb custom_margin=\u00bb17px|auto||auto||\u00bb global_colors_info=\u00bb{}\u00bb][et_pb_column type=\u00bb4_4&#8243; _builder_version=\u00bb4.16&#8243; _module_preset=\u00bbdefault\u00bb global_colors_info=\u00bb{}\u00bb][et_pb_text _builder_version=\u00bb4.27.5&#8243; _module_preset=\u00bbdefault\u00bb custom_padding=\u00bb||0px|||\u00bb hover_enabled=\u00bb0&#8243; global_colors_info=\u00bb{}\u00bb sticky_enabled=\u00bb0&#8243;]<\/p>\n<p><strong>El Instituto Chiapaneco de Investigaciones Sociales S.C.<\/strong>, nombre comercial <strong>UCACH<\/strong>, con domicilio en Calle Uruguay No. 500\u00aa, Colonia el Retiro, de la Ciudad de Tuxtla Guti\u00e9rrez, C.P. 29040, en la entidad de Chiapas, Pa\u00eds M\u00e9xico y portal de internet <strong>www.ucach.mx<\/strong>, es el responsable del uso y protecci\u00f3n de sus datos personales y al respecto le informamos lo siguiente:<\/p>\n<h3>\u00bfPara qu\u00e9 fines utilizaremos sus datos personales?<\/h3>\n<p>Utilizaremos su informaci\u00f3n personal para las siguientes <strong>finalidades primarias<\/strong>:<\/p>\n<ul>\n<li>Llevar a cabo la inscripci\u00f3n en la Instituci\u00f3n Educativa Universidad Teol\u00f3gica de Chiapas Juan Pablo II (07PSU0170Z).<\/li>\n<li>Realizar el tr\u00e1mite de alta y generaci\u00f3n de matr\u00edcula escolar ante la Secretar\u00eda de Educaci\u00f3n.<\/li>\n<li>Realizar tr\u00e1mites oficiales de certificados, c\u00e9dulas y actas.<\/li>\n<li>Env\u00edo de informaci\u00f3n estad\u00edstica a instancias Estatales y Federales.<\/li>\n<li>Solicitud de informaci\u00f3n para estudios de mercado e invitaciones institucionales.<\/li>\n<\/ul>\n<h3>Finalidades secundarias<\/h3>\n<ul>\n<li>Env\u00edo de informaci\u00f3n institucional y promoci\u00f3n de programas educativos.<\/li>\n<li>Invitaciones a eventos acad\u00e9micos y evaluaci\u00f3n de servicios.<\/li>\n<\/ul>\n<p><strong>Negativa al tratamiento:<\/strong> En caso de no consentir el uso de sus datos para fines secundarios, puede enviar un escrito a <strong>serviciosescolares@ucach.mx<\/strong> con copia a <strong>rectoria@ucach.mx<\/strong>.<\/p>\n<h3>\u00bfQu\u00e9 datos personales utilizaremos?<\/h3>\n<p>Adem\u00e1s de los datos de identificaci\u00f3n y contacto, utilizaremos los siguientes <strong>datos sensibles<\/strong>:<\/p>\n<ul>\n<li>Pertenencia a grupos ind\u00edgenas (lengua).<\/li>\n<li>Discapacidades o necesidades de acceso especiales.<\/li>\n<\/ul>\n<h3>Transferencia de datos<\/h3>\n<div class=\"ucach-table-wrapper\">\n<table class=\"ucach-table\">\n<tbody>\n<tr>\n<td><strong>Destinatario<\/strong><\/td>\n<td><strong>Finalidad<\/strong><\/td>\n<td><strong>Consentimiento<\/strong><\/td>\n<\/tr>\n<tr>\n<td>Secretar\u00eda de Educaci\u00f3n del Estado de Chiapas<\/td>\n<td>Cotejo de informaci\u00f3n y tr\u00e1mites de grados escolares.<\/td>\n<td>S\u00ed<\/td>\n<\/tr>\n<\/tbody>\n<\/table>\n<\/div>\n<h3>Derechos ARCO<\/h3>\n<p>Usted tiene derecho a Acceder, Rectificar, Cancelar u Oponerse al uso de sus datos. Puede acreditar su identidad v\u00eda telef\u00f3nica al <strong>+52 961 369 8874<\/strong>. El tiempo de respuesta es de 10 d\u00edas h\u00e1biles.<\/p>\n<h3>Datos del Departamento de Privacidad<\/h3>\n<ul>\n<li><strong>Unidad:<\/strong> Direcci\u00f3n de Servicios Escolares<\/li>\n<li><strong>Domicilio:<\/strong> Calle Uruguay 500\u00aa, Col. El Retiro, Tuxtla Guti\u00e9rrez, Chiapas.<\/li>\n<li><strong>Correo:<\/strong> serviciosescolares@ucach.mx<\/li>\n<\/ul>\n<p>&nbsp;<\/p>\n<p>[\/et_pb_text][et_pb_text _builder_version=\u00bb4.27.5&#8243; _module_preset=\u00bbdefault\u00bb hover_enabled=\u00bb0&#8243; global_colors_info=\u00bb{}\u00bb sticky_enabled=\u00bb0&#8243;]<\/p>\n<h3><strong>\u00bfC\u00f3mo puede acceder, rectificar o cancelar sus datos personales, u oponerse a su uso?<\/strong><\/h3>\n<p>Usted tiene derecho a conocer qu\u00e9 datos personales tenemos de usted, para qu\u00e9 los utilizamos y las condiciones del uso que les damos (<strong>Acceso<\/strong>). Asimismo, es su derecho solicitar la correcci\u00f3n de su informaci\u00f3n personal en caso de que est\u00e9 desactualizada, sea inexacta o incompleta (<strong>Rectificaci\u00f3n<\/strong>); que la eliminemos de nuestros registros o bases de datos cuando considere que la misma no est\u00e1 siendo utilizada adecuadamente (<strong>Cancelaci\u00f3n<\/strong>); as\u00ed como oponerse al uso de sus datos personales para fines espec\u00edficos (<strong>Oposici\u00f3n<\/strong>). Estos derechos se conocen como <strong>derechos ARCO<\/strong>.<\/p>\n<p>Para el ejercicio de cualquiera de los derechos ARCO, usted deber\u00e1 presentar la solicitud respectiva llamando al n\u00famero <strong>019612012050<\/strong>, solicitando una baja al uso de sus datos personales y llenando el formato correspondiente, mismo que se le proporcionar\u00e1 en las instalaciones del Instituto o ser\u00e1 enviado v\u00eda correo electr\u00f3nico.<\/p>\n<p><strong>Con relaci\u00f3n al procedimiento y requisitos para el ejercicio de sus derechos ARCO, le informamos lo siguiente:<\/strong><\/p>\n<ol style=\"padding-left: 20px;\">\n<li style=\"margin-bottom: 15px;\"><strong>\u00bfA trav\u00e9s de qu\u00e9 medios pueden acreditar su identidad el titular y su representante?<\/strong><br \/>V\u00eda telef\u00f3nica al n\u00famero 019612012050.<\/li>\n<li style=\"margin-bottom: 15px;\"><strong>\u00bfQu\u00e9 informaci\u00f3n y\/o documentaci\u00f3n deber\u00e1 contener la solicitud?<\/strong><br \/>Datos personales de quien solicita la baja, motivo de la misma y el formato oficial otorgado por el Instituto.<\/li>\n<li style=\"margin-bottom: 15px;\"><strong>\u00bfEn cu\u00e1ntos d\u00edas le daremos respuesta a su solicitud?<\/strong><br \/>10 d\u00edas h\u00e1biles.<\/li>\n<li style=\"margin-bottom: 15px;\"><strong>\u00bfPor qu\u00e9 medio le comunicaremos la respuesta?<\/strong><br \/>V\u00eda correo electr\u00f3nico y v\u00eda telef\u00f3nica.<\/li>\n<li style=\"margin-bottom: 15px;\"><strong>\u00bfEn qu\u00e9 medios se pueden reproducir los datos personales solicitados?<\/strong><br \/>En la base de datos interna del Instituto.<\/li>\n<\/ol>\n<p><strong>Contacto del departamento de datos personales:<\/strong><\/p>\n<ul style=\"list-style-type: none; padding-left: 0;\">\n<li><strong>Responsable:<\/strong> Anallely Hernandez Grajales<\/li>\n<li><strong>Domicilio:<\/strong> Calle Uruguay, Colonia El Retiro, Tuxtla Guti\u00e9rrez, Chiapas, M\u00e9xico. CP. 29040.<\/li>\n<li><strong>Correo electr\u00f3nico:<\/strong> serviciosescolares.ucach@gmail.com<\/li>\n<li><strong>Tel\u00e9fono:<\/strong> 019616111785<\/li>\n<\/ul>\n<p><strong>Usted puede revocar su consentimiento para el uso de sus datos personales.<\/strong><\/p>\n<p>Es importante tener en cuenta que no en todos los casos podremos concluir el uso de forma inmediata por obligaciones legales. Para revocar su consentimiento, comun\u00edquese al tel\u00e9fono <strong>019612012050<\/strong> o al correo <strong>ucachjuanpabloii@gmail.com<\/strong>.<\/p>\n<h3>\u00bfC\u00f3mo puede limitar el uso o divulgaci\u00f3n de su informaci\u00f3n personal?<\/h3>\n<p>Puede manifestar su derecho a no recibir promociones ni informaci\u00f3n de planes de estudio enviando un correo electr\u00f3nico a la direcci\u00f3n antes mencionada.<\/p>\n<div style=\"background-color: #f9f9f9; padding: 15px; border-left: 4px solid #2c3e50; margin-top: 20px;\">\n<p style=\"margin-bottom: 0;\"><strong>Cambios al aviso de privacidad:<\/strong> Nos comprometemos a mantenerlo informado sobre cambios o actualizaciones a trav\u00e9s de la p\u00e1gina oficial <strong>UCACH.MX<\/strong>.<\/p>\n<p style=\"font-size: 0.85em; color: #666; margin-top: 10px;\">\u00daltima actualizaci\u00f3n: 22\/09\/2020<\/p>\n<\/div>\n<p>[\/et_pb_text][\/et_pb_column][\/et_pb_row][\/et_pb_section][et_pb_section fb_built=\u00bb1&#8243; _builder_version=\u00bb4.16&#8243; _module_preset=\u00bbdefault\u00bb global_colors_info=\u00bb{}\u00bb][et_pb_row _builder_version=\u00bb4.16&#8243; _module_preset=\u00bbdefault\u00bb width=\u00bb100%\u00bb max_width=\u00bb1557px\u00bb custom_margin=\u00bb|auto|-36px|auto||\u00bb locked=\u00bboff\u00bb global_colors_info=\u00bb{}\u00bb][et_pb_column type=\u00bb4_4&#8243; _builder_version=\u00bb4.16&#8243; _module_preset=\u00bbdefault\u00bb global_colors_info=\u00bb{}\u00bb][et_pb_divider _builder_version=\u00bb4.16&#8243; _module_preset=\u00bbdefault\u00bb global_colors_info=\u00bb{}\u00bb][\/et_pb_divider][\/et_pb_column][\/et_pb_row][et_pb_row _builder_version=\u00bb4.16&#8243; _module_preset=\u00bbdefault\u00bb locked=\u00bboff\u00bb global_colors_info=\u00bb{}\u00bb][et_pb_column type=\u00bb4_4&#8243; _builder_version=\u00bb4.16&#8243; _module_preset=\u00bbdefault\u00bb global_colors_info=\u00bb{}\u00bb][et_pb_image src=\u00bbhttps:\/\/ucach.mx\/wp-content\/uploads\/2021\/01\/logo-UCACH.png\u00bb title_text=\u00bblogo UCACH\u00bb align=\u00bbcenter\u00bb _builder_version=\u00bb4.16&#8243; _module_preset=\u00bbdefault\u00bb width=\u00bb12%\u00bb animation_style=\u00bbzoom\u00bb global_colors_info=\u00bb{}\u00bb][\/et_pb_image][\/et_pb_column][\/et_pb_row][\/et_pb_section]<\/p>\n","protected":false},"excerpt":{"rendered":"<p>El Instituto Chiapaneco de Investigaciones Sociales S.C., nombre comercial UCACH, con domicilio en Calle Uruguay No. 500\u00aa, Colonia el Retiro, de la Ciudad de Tuxtla Guti\u00e9rrez, C.P. 29040, en la entidad de Chiapas, Pa\u00eds M\u00e9xico y portal de internet www.ucach.mx, es el responsable del uso y protecci\u00f3n de sus datos personales y al respecto le [&hellip;]<\/p>\n","protected":false},"author":1,"featured_media":0,"parent":0,"menu_order":0,"comment_status":"closed","ping_status":"closed","template":"","meta":{"_et_pb_use_builder":"on","_et_pb_old_content":"<!-- wp:divi\/placeholder \/-->","_et_gb_content_width":"","_monsterinsights_skip_tracking":false,"_monsterinsights_sitenote_active":false,"_monsterinsights_sitenote_note":"","_monsterinsights_sitenote_category":0,"_uf_show_specific_survey":0,"_uf_disable_surveys":false,"footnotes":""},"class_list":["post-323","page","type-page","status-publish","hentry"],"aioseo_notices":[],"jetpack_sharing_enabled":true,"_links":{"self":[{"href":"https:\/\/ucach.mx\/index.php\/wp-json\/wp\/v2\/pages\/323","targetHints":{"allow":["GET"]}}],"collection":[{"href":"https:\/\/ucach.mx\/index.php\/wp-json\/wp\/v2\/pages"}],"about":[{"href":"https:\/\/ucach.mx\/index.php\/wp-json\/wp\/v2\/types\/page"}],"author":[{"embeddable":true,"href":"https:\/\/ucach.mx\/index.php\/wp-json\/wp\/v2\/users\/1"}],"replies":[{"embeddable":true,"href":"https:\/\/ucach.mx\/index.php\/wp-json\/wp\/v2\/comments?post=323"}],"version-history":[{"count":12,"href":"https:\/\/ucach.mx\/index.php\/wp-json\/wp\/v2\/pages\/323\/revisions"}],"predecessor-version":[{"id":4252,"href":"https:\/\/ucach.mx\/index.php\/wp-json\/wp\/v2\/pages\/323\/revisions\/4252"}],"wp:attachment":[{"href":"https:\/\/ucach.mx\/index.php\/wp-json\/wp\/v2\/media?parent=323"}],"curies":[{"name":"wp","href":"https:\/\/api.w.org\/{rel}","templated":true}]}}