{"id":4000,"date":"2025-05-27T10:16:46","date_gmt":"2025-05-27T16:16:46","guid":{"rendered":"https:\/\/ucach.mx\/?page_id=4000"},"modified":"2025-05-27T10:41:01","modified_gmt":"2025-05-27T16:41:01","slug":"diseno-curricular","status":"publish","type":"page","link":"https:\/\/ucach.mx\/index.php\/diseno-curricular\/","title":{"rendered":"Diplomado en Dise\u00f1o Curricular"},"content":{"rendered":"<p>[et_pb_section fb_built=\u00bb1&#8243; _builder_version=\u00bb4.16&#8243; _module_preset=\u00bbdefault\u00bb background_color=\u00bb#f6f6f6&#8243; locked=\u00bboff\u00bb global_colors_info=\u00bb{}\u00bb][et_pb_row _builder_version=\u00bb4.16&#8243; _module_preset=\u00bbdefault\u00bb custom_padding=\u00bb56px|||||\u00bb global_colors_info=\u00bb{}\u00bb][et_pb_column type=\u00bb4_4&#8243; _builder_version=\u00bb4.16&#8243; _module_preset=\u00bbdefault\u00bb global_colors_info=\u00bb{}\u00bb][et_pb_text _builder_version=\u00bb4.27.4&#8243; _module_preset=\u00bbdefault\u00bb text_font=\u00bb|600||on|||||\u00bb text_text_color=\u00bb#0C71C3&#8243; text_font_size=\u00bb36px\u00bb text_letter_spacing=\u00bb11px\u00bb text_orientation=\u00bbcenter\u00bb custom_margin=\u00bb||29px|||\u00bb custom_padding=\u00bb2px|||||\u00bb text_text_shadow_style=\u00bbpreset3&#8243; box_shadow_style=\u00bbpreset4&#8243; box_shadow_blur=\u00bb33px\u00bb box_shadow_spread=\u00bb-21px\u00bb box_shadow_color=\u00bb#0C71C3&#8243; global_colors_info=\u00bb{}\u00bb]<\/p>\n<p style=\"text-align: center;\">DIPLOMADO EN DISE\u00d1O CURRICULAR<\/p>\n<p>[\/et_pb_text][\/et_pb_column][\/et_pb_row][et_pb_row use_custom_gutter=\u00bbon\u00bb _builder_version=\u00bb4.16&#8243; _module_preset=\u00bbdefault\u00bb width=\u00bb98%\u00bb max_width=\u00bb1945px\u00bb custom_margin=\u00bb-63px|auto||auto||\u00bb global_colors_info=\u00bb{}\u00bb][et_pb_column type=\u00bb4_4&#8243; _builder_version=\u00bb4.16&#8243; _module_preset=\u00bbdefault\u00bb global_colors_info=\u00bb{}\u00bb][et_pb_divider color=\u00bb#fecc00&#8243; _builder_version=\u00bb4.16&#8243; _module_preset=\u00bbdefault\u00bb global_colors_info=\u00bb{}\u00bb][\/et_pb_divider][\/et_pb_column][\/et_pb_row][et_pb_row column_structure=\u00bb2_5,3_5&#8243; use_custom_gutter=\u00bbon\u00bb gutter_width=\u00bb1&#8243; _builder_version=\u00bb4.16&#8243; _module_preset=\u00bbdefault\u00bb max_width=\u00bb1138px\u00bb global_colors_info=\u00bb{}\u00bb][et_pb_column type=\u00bb2_5&#8243; _builder_version=\u00bb4.16&#8243; _module_preset=\u00bbdefault\u00bb global_colors_info=\u00bb{}\u00bb][et_pb_blurb title=\u00bbOBJETIVO\u00bb _builder_version=\u00bb4.27.4&#8243; _module_preset=\u00bbdefault\u00bb header_font=\u00bb|600|||||||\u00bb header_font_size=\u00bb22px\u00bb header_letter_spacing=\u00bb2px\u00bb background_color=\u00bb#FFFFFF\u00bb min_height=\u00bb379px\u00bb custom_padding=\u00bb25px|25px|25px|25px|false|false\u00bb animation_style=\u00bbslide\u00bb box_shadow_style=\u00bbpreset3&#8243; locked=\u00bboff\u00bb global_colors_info=\u00bb{}\u00bb]<\/p>\n<p>Desarrollar en los participantes la capacidad de dise\u00f1ar, analizar y evaluar programas educativos en entornos virtuales de educaci\u00f3n superior, aplicando principios pedag\u00f3gicos, metodol\u00f3gicos y tecnol\u00f3gicos para la creaci\u00f3n de curr\u00edculos innovadores, flexibles y alineados con las necesidades del siglo XXI.<\/p>\n<p>&nbsp;<\/p>\n<p>[\/et_pb_blurb][\/et_pb_column][et_pb_column type=\u00bb3_5&#8243; _builder_version=\u00bb4.16&#8243; _module_preset=\u00bbdefault\u00bb global_colors_info=\u00bb{}\u00bb][et_pb_image src=\u00bbhttps:\/\/ucach.mx\/wp-content\/uploads\/2025\/05\/3EB01FFD11873A9AC3275D.webp\u00bb title_text=\u00bbDise\u00f1o curricular\u00bb _builder_version=\u00bb4.27.4&#8243; _module_preset=\u00bbdefault\u00bb custom_margin=\u00bb3px|-41px|-2px|49px|false|false\u00bb custom_padding=\u00bb0px|||0px|false|false\u00bb animation_style=\u00bbslide\u00bb animation_direction=\u00bbright\u00bb global_colors_info=\u00bb{}\u00bb][\/et_pb_image][\/et_pb_column][\/et_pb_row][\/et_pb_section][et_pb_section fb_built=\u00bb1&#8243; _builder_version=\u00bb4.16&#8243; _module_preset=\u00bbdefault\u00bb locked=\u00bboff\u00bb global_colors_info=\u00bb{}\u00bb][et_pb_row column_structure=\u00bb1_2,1_2&#8243; _builder_version=\u00bb4.16&#8243; _module_preset=\u00bbdefault\u00bb custom_padding=\u00bb|||0px||\u00bb animation_style=\u00bbzoom\u00bb global_colors_info=\u00bb{}\u00bb][et_pb_column type=\u00bb1_2&#8243; _builder_version=\u00bb4.16&#8243; _module_preset=\u00bbdefault\u00bb global_colors_info=\u00bb{}\u00bb][et_pb_text _builder_version=\u00bb4.27.4&#8243; _module_preset=\u00bbdefault\u00bb global_colors_info=\u00bb{}\u00bb]<\/p>\n<h2><span style=\"color: #000080;\"><strong>Perfil de egreso<\/strong><\/span><\/h2>\n<p style=\"text-align: justify;\">El egresado del Diplomado en Dise\u00f1o Curricular ser\u00e1 capaz de dise\u00f1ar, implementar, evaluar y ajustar curr\u00edculos flexibles, innovadores e inclusivos que respondan a las necesidades de los estudiantes, las demandas del entorno educativo y las pol\u00edticas institucionales. Utilizando metodolog\u00edas activas y tecnolog\u00edas educativas avanzadas, el egresado contribuir\u00e1 a mejorar la calidad educativa y garantizar\u00e1 una ense\u00f1anza significativa y accesible. Adem\u00e1s, desarrollar\u00e1 competencias en gesti\u00f3n educativa, liderazgo estrat\u00e9gico, evaluaci\u00f3n del aprendizaje y reflexi\u00f3n cr\u00edtica, lo que le permitir\u00e1 ser un agente de cambio transformador dentro de las instituciones educativas y un l\u00edder en la implementaci\u00f3n de pol\u00edticas educativas innovadoras.<\/p>\n<p>[\/et_pb_text][\/et_pb_column][et_pb_column type=\u00bb1_2&#8243; _builder_version=\u00bb4.16&#8243; _module_preset=\u00bbdefault\u00bb global_colors_info=\u00bb{}\u00bb][et_pb_blurb _builder_version=\u00bb4.27.4&#8243; _module_preset=\u00bbdefault\u00bb custom_padding=\u00bb1px|||||\u00bb global_colors_info=\u00bb{}\u00bb]<\/p>\n<blockquote>\n<h3><span style=\"color: #000080;\"><strong>Plan de estudios<\/strong><\/span><\/h3>\n<p><strong>M\u00f3dulo 1<\/strong>. Fundamentos del Dise\u00f1o Curricular <br \/><strong>M\u00f3dulo 2<\/strong>. Modelos y enfoques de Dise\u00f1o Curricular <br \/><strong>M\u00f3dulo 3<\/strong>. An\u00e1lisis de Necesidades y Contexto Educativo<br \/><strong>M\u00f3dulo 4<\/strong>. Objetivos de Aprendizaje y Competencias <br \/><strong>M\u00f3dulo 5<\/strong>. Estructura y organizaci\u00f3n del Curr\u00edculo<br \/><strong>M\u00f3dulo 6<\/strong>. Metodolog\u00edas de Ense\u00f1anza y Aprendizaje<br \/><strong>M\u00f3dulo 7<\/strong>. Desarrollo del proyecto<\/p>\n<\/blockquote>\n<p>[\/et_pb_blurb][et_pb_text _builder_version=\u00bb4.27.4&#8243; _module_preset=\u00bbdefault\u00bb global_colors_info=\u00bb{}\u00bb]<\/p>\n<p><strong>Fecha de inicio<\/strong>: 09 de agosto de 2025<strong><\/strong><\/p>\n<p><strong>Horario: <\/strong>S\u00e1bados 9 a 12 horas<\/p>\n<p><strong>Modalidad:\u00a0<\/strong>Virtual<\/p>\n<p><strong>Duraci\u00f3n:\u00a0<\/strong>4 meses<\/p>\n<p>[\/et_pb_text][\/et_pb_column][\/et_pb_row][\/et_pb_section][et_pb_section fb_built=\u00bb1&#8243; _builder_version=\u00bb4.16&#8243; _module_preset=\u00bbdefault\u00bb locked=\u00bboff\u00bb global_colors_info=\u00bb{}\u00bb][et_pb_row _builder_version=\u00bb4.17.4&#8243; _module_preset=\u00bbdefault\u00bb max_width=\u00bb1557px\u00bb custom_margin=\u00bb|auto|-36px|auto||\u00bb locked=\u00bboff\u00bb global_colors_info=\u00bb{}\u00bb][et_pb_column type=\u00bb4_4&#8243; _builder_version=\u00bb4.16&#8243; _module_preset=\u00bbdefault\u00bb global_colors_info=\u00bb{}\u00bb][wpforms_selector form_id=\u00bb4017&#8243; show_title=\u00bbon\u00bb _builder_version=\u00bb4.27.4&#8243; _module_preset=\u00bbdefault\u00bb animation_style=\u00bbslide\u00bb hover_enabled=\u00bb0&#8243; custom_css_free_form=\u00bbdiv.wpforms-container-full .wpforms-form .wpforms-field-label {||    display: block;||    font-weight: 700;||    font-size: 16px;||    float: none;||    line-height: 1.3;||    margin: 0 0 4px 0;||    padding: 0;||    word-break: break-word;||    word-wrap: break-word;||    color: gray;||}\u00bb global_colors_info=\u00bb{}\u00bb sticky_enabled=\u00bb0&#8243;][\/wpforms_selector][\/et_pb_column][\/et_pb_row][et_pb_row _builder_version=\u00bb4.16&#8243; _module_preset=\u00bbdefault\u00bb locked=\u00bboff\u00bb global_colors_info=\u00bb{}\u00bb][et_pb_column type=\u00bb4_4&#8243; _builder_version=\u00bb4.16&#8243; _module_preset=\u00bbdefault\u00bb global_colors_info=\u00bb{}\u00bb][et_pb_image src=\u00bbhttps:\/\/ucach.mx\/wp-content\/uploads\/2021\/01\/logo-UCACH.png\u00bb title_text=\u00bblogo UCACH\u00bb align=\u00bbcenter\u00bb _builder_version=\u00bb4.16&#8243; _module_preset=\u00bbdefault\u00bb width=\u00bb20%\u00bb animation_style=\u00bbzoom\u00bb global_colors_info=\u00bb{}\u00bb][\/et_pb_image][\/et_pb_column][\/et_pb_row][\/et_pb_section]<\/p>\n","protected":false},"excerpt":{"rendered":"<p>DIPLOMADO EN DISE\u00d1O CURRICULARDesarrollar en los participantes la capacidad de dise\u00f1ar, analizar y evaluar programas educativos en entornos virtuales de educaci\u00f3n superior, aplicando principios pedag\u00f3gicos, metodol\u00f3gicos y tecnol\u00f3gicos para la creaci\u00f3n de curr\u00edculos innovadores, flexibles y alineados con las necesidades del siglo XXI. &nbsp;Perfil de egreso El egresado del Diplomado en Dise\u00f1o Curricular ser\u00e1 capaz [&hellip;]<\/p>\n","protected":false},"author":1,"featured_media":0,"parent":0,"menu_order":0,"comment_status":"closed","ping_status":"closed","template":"","meta":{"_et_pb_use_builder":"on","_et_pb_old_content":"","_et_gb_content_width":"","_monsterinsights_skip_tracking":false,"_monsterinsights_sitenote_active":false,"_monsterinsights_sitenote_note":"","_monsterinsights_sitenote_category":0,"_uf_show_specific_survey":0,"_uf_disable_surveys":false,"footnotes":""},"class_list":["post-4000","page","type-page","status-publish","hentry"],"aioseo_notices":[],"jetpack_sharing_enabled":true,"_links":{"self":[{"href":"https:\/\/ucach.mx\/index.php\/wp-json\/wp\/v2\/pages\/4000","targetHints":{"allow":["GET"]}}],"collection":[{"href":"https:\/\/ucach.mx\/index.php\/wp-json\/wp\/v2\/pages"}],"about":[{"href":"https:\/\/ucach.mx\/index.php\/wp-json\/wp\/v2\/types\/page"}],"author":[{"embeddable":true,"href":"https:\/\/ucach.mx\/index.php\/wp-json\/wp\/v2\/users\/1"}],"replies":[{"embeddable":true,"href":"https:\/\/ucach.mx\/index.php\/wp-json\/wp\/v2\/comments?post=4000"}],"version-history":[{"count":5,"href":"https:\/\/ucach.mx\/index.php\/wp-json\/wp\/v2\/pages\/4000\/revisions"}],"predecessor-version":[{"id":4020,"href":"https:\/\/ucach.mx\/index.php\/wp-json\/wp\/v2\/pages\/4000\/revisions\/4020"}],"wp:attachment":[{"href":"https:\/\/ucach.mx\/index.php\/wp-json\/wp\/v2\/media?parent=4000"}],"curies":[{"name":"wp","href":"https:\/\/api.w.org\/{rel}","templated":true}]}}