{"id":431,"date":"2021-02-14T19:02:21","date_gmt":"2021-02-14T19:02:21","guid":{"rendered":"https:\/\/ucach.mx\/?page_id=431"},"modified":"2022-10-12T09:07:52","modified_gmt":"2022-10-12T14:07:52","slug":"filosofia-2","status":"publish","type":"page","link":"https:\/\/ucach.mx\/index.php\/filosofia-2\/","title":{"rendered":"FILOSOF\u00cdA"},"content":{"rendered":"<p>[et_pb_section fb_built=\u00bb1&#8243; _builder_version=\u00bb4.16&#8243; _module_preset=\u00bbdefault\u00bb background_color=\u00bb#030f77&#8243; background_enable_image=\u00bboff\u00bb locked=\u00bboff\u00bb global_colors_info=\u00bb{}\u00bb][et_pb_row column_structure=\u00bb1_2,1_2&#8243; _builder_version=\u00bb4.16&#8243; _module_preset=\u00bbdefault\u00bb min_height=\u00bb315px\u00bb animation_style=\u00bbslide\u00bb global_colors_info=\u00bb{}\u00bb][et_pb_column type=\u00bb1_2&#8243; _builder_version=\u00bb4.16&#8243; _module_preset=\u00bbdefault\u00bb global_colors_info=\u00bb{}\u00bb][et_pb_blurb title=\u00bbMISI\u00d3N\u00bb _builder_version=\u00bb4.18.0&#8243; _module_preset=\u00bbdefault\u00bb header_level=\u00bbh1&#8243; header_font=\u00bb|700|||||||\u00bb header_text_align=\u00bbcenter\u00bb header_text_color=\u00bb#FFFFFF\u00bb header_letter_spacing=\u00bb8px\u00bb body_text_align=\u00bbcenter\u00bb body_text_color=\u00bb#EDF000&#8243; body_font_size=\u00bb14px\u00bb transform_translate=\u00bb43px|43px\u00bb text_orientation=\u00bbcenter\u00bb custom_margin_tablet=\u00bb\u00bb custom_margin_phone=\u00bb|52px|||false|false\u00bb custom_margin_last_edited=\u00bbon|phone\u00bb header_text_shadow_style=\u00bbpreset5&#8243; header_text_shadow_color=\u00bb#000000&#8243; global_colors_info=\u00bb{}\u00bb]<\/p>\n<div id=\"qx-text-888099\" class=\"qx-element qx-element-text et-title-general wow fadeIn animated animated\" data-wow-delay=\"0.4s\">\n<p style=\"text-align: justify;\">Somos una instituci\u00f3n educativa, centrada en la formaci\u00f3n integral de la persona, a trav\u00e9s de su contexto y los principios interdisciplinares del saber, que llevan a generar, transferir y movilizar conocimientos, objetos de estudio y servicios a la comunidad, con los cuales preparamos a los ciudadanos para afrontar desaf\u00edos de la vida personal, espiritual, profesional y social, ante la inestabilidad del mundo.<\/p>\n<\/div>\n<p>[\/et_pb_blurb][\/et_pb_column][et_pb_column type=\u00bb1_2&#8243; _builder_version=\u00bb4.16&#8243; _module_preset=\u00bbdefault\u00bb global_colors_info=\u00bb{}\u00bb][et_pb_blurb image=\u00bbhttps:\/\/ucach.mx\/wp-content\/uploads\/2021\/03\/escudo-ucach.png\u00bb image_icon_width=\u00bb51%\u00bb _builder_version=\u00bb4.16&#8243; _module_preset=\u00bbdefault\u00bb transform_scale=\u00bb110%|110%\u00bb transform_translate=\u00bb25px|25px\u00bb width=\u00bb91%\u00bb max_width=\u00bb97%\u00bb module_alignment=\u00bbcenter\u00bb custom_margin=\u00bb0px||||false|false\u00bb custom_margin_tablet=\u00bb\u00bb custom_margin_phone=\u00bb50px||||false|false\u00bb custom_margin_last_edited=\u00bbon|phone\u00bb custom_padding=\u00bb||||false|false\u00bb animation_style=\u00bbslide\u00bb image_max_width=\u00bb51%\u00bb global_colors_info=\u00bb{}\u00bb][\/et_pb_blurb][\/et_pb_column][\/et_pb_row][et_pb_row column_structure=\u00bb1_2,1_2&#8243; disabled_on=\u00bboff|off|on\u00bb _builder_version=\u00bb4.16&#8243; _module_preset=\u00bbdefault\u00bb min_height=\u00bb300px\u00bb custom_padding=\u00bb||7px|||\u00bb global_colors_info=\u00bb{}\u00bb][et_pb_column type=\u00bb1_2&#8243; _builder_version=\u00bb4.16&#8243; _module_preset=\u00bbdefault\u00bb global_colors_info=\u00bb{}\u00bb][et_pb_blurb title=\u00bbVISI\u00d3N\u00bb _builder_version=\u00bb4.18.0&#8243; _module_preset=\u00bbdefault\u00bb header_level=\u00bbh1&#8243; header_font=\u00bb|700|||||||\u00bb header_text_align=\u00bbcenter\u00bb header_text_color=\u00bb#FFFFFF\u00bb header_letter_spacing=\u00bb8px\u00bb body_text_align=\u00bbcenter\u00bb body_text_color=\u00bb#EDF000&#8243; body_font_size=\u00bb14px\u00bb transform_translate=\u00bb43px|43px\u00bb text_orientation=\u00bbcenter\u00bb custom_margin_tablet=\u00bb\u00bb custom_margin_phone=\u00bb|42px|||false|false\u00bb custom_margin_last_edited=\u00bbon|phone\u00bb animation_style=\u00bbslide\u00bb hover_enabled=\u00bb0&#8243; header_text_shadow_style=\u00bbpreset5&#8243; header_text_shadow_color=\u00bb#000000&#8243; global_colors_info=\u00bb{}\u00bb sticky_enabled=\u00bb0&#8243;]<\/p>\n<div id=\"qx-text-888099\" class=\"qx-element qx-element-text et-title-general wow fadeIn animated animated\" data-wow-delay=\"0.4s\">\n<p style=\"text-align: justify;\">Ser una instituci\u00f3n l\u00edder en la generaci\u00f3n de profesionales de gran visi\u00f3n interdisciplinar y humanistas, formados en su ser y quehacer como personas, con el saber, la actitud y habilidad pertinentes, comprometidos en la transformaci\u00f3n socio-cultural.<\/p>\n<\/div>\n<p>[\/et_pb_blurb][\/et_pb_column][et_pb_column type=\u00bb1_2&#8243; _builder_version=\u00bb4.16&#8243; _module_preset=\u00bbdefault\u00bb global_colors_info=\u00bb{}\u00bb][et_pb_image src=\u00bbhttps:\/\/ucach.mx\/wp-content\/uploads\/2021\/01\/ICONO.png\u00bb title_text=\u00bbICONO\u00bb align=\u00bbcenter\u00bb _builder_version=\u00bb4.16&#8243; _module_preset=\u00bbdefault\u00bb max_width=\u00bb57%\u00bb max_width_tablet=\u00bb44%\u00bb max_width_phone=\u00bb44%\u00bb max_width_last_edited=\u00bbon|tablet\u00bb custom_margin_tablet=\u00bb30px||||false|false\u00bb custom_margin_phone=\u00bb60px||||false|false\u00bb custom_margin_last_edited=\u00bbon|phone\u00bb animation_style=\u00bbslide\u00bb global_colors_info=\u00bb{}\u00bb][\/et_pb_image][\/et_pb_column][\/et_pb_row][et_pb_row column_structure=\u00bb1_2,1_2&#8243; disabled_on=\u00bbon|on|off\u00bb _builder_version=\u00bb4.16&#8243; _module_preset=\u00bbdefault\u00bb min_height=\u00bb300px\u00bb custom_padding=\u00bb||7px|||\u00bb locked=\u00bboff\u00bb global_colors_info=\u00bb{}\u00bb][et_pb_column type=\u00bb1_2&#8243; _builder_version=\u00bb4.16&#8243; _module_preset=\u00bbdefault\u00bb global_colors_info=\u00bb{}\u00bb][et_pb_image src=\u00bbhttps:\/\/ucach.mx\/wp-content\/uploads\/2021\/01\/ICONO.png\u00bb title_text=\u00bbICONO\u00bb align=\u00bbcenter\u00bb _builder_version=\u00bb4.16&#8243; _module_preset=\u00bbdefault\u00bb max_width=\u00bb57%\u00bb max_width_tablet=\u00bb44%\u00bb max_width_phone=\u00bb44%\u00bb max_width_last_edited=\u00bbon|tablet\u00bb custom_margin_tablet=\u00bb\u00bb custom_margin_phone=\u00bb60px||||false|false\u00bb custom_margin_last_edited=\u00bbon|phone\u00bb animation_style=\u00bbslide\u00bb global_colors_info=\u00bb{}\u00bb][\/et_pb_image][\/et_pb_column][et_pb_column type=\u00bb1_2&#8243; _builder_version=\u00bb4.16&#8243; _module_preset=\u00bbdefault\u00bb global_colors_info=\u00bb{}\u00bb][et_pb_blurb title=\u00bbVISI\u00d3N\u00bb _builder_version=\u00bb4.18.0&#8243; _module_preset=\u00bbdefault\u00bb header_level=\u00bbh1&#8243; header_font=\u00bb|700|||||||\u00bb header_text_align=\u00bbcenter\u00bb header_text_color=\u00bb#FFFFFF\u00bb header_letter_spacing=\u00bb8px\u00bb body_text_align=\u00bbcenter\u00bb body_text_color=\u00bb#EDF000&#8243; body_font_size=\u00bb14px\u00bb transform_translate=\u00bb43px|43px\u00bb text_orientation=\u00bbcenter\u00bb custom_margin_tablet=\u00bb\u00bb custom_margin_phone=\u00bb|42px|||false|false\u00bb custom_margin_last_edited=\u00bbon|phone\u00bb animation_style=\u00bbslide\u00bb hover_enabled=\u00bb0&#8243; header_text_shadow_style=\u00bbpreset5&#8243; header_text_shadow_color=\u00bb#000000&#8243; global_colors_info=\u00bb{}\u00bb sticky_enabled=\u00bb0&#8243;]<\/p>\n<div id=\"qx-text-888099\" class=\"qx-element qx-element-text et-title-general wow fadeIn animated animated\" data-wow-delay=\"0.4s\">\n<p style=\"text-align: justify;\">Ser una instituci\u00f3n l\u00edder en la generaci\u00f3n de profesionales de gran visi\u00f3n interdisciplinar y humanistas, formados en su ser y quehacer como personas, con el saber, la actitud y habilidad pertinentes, comprometidos en la transformaci\u00f3n socio-cultural.<\/p>\n<\/div>\n<p>[\/et_pb_blurb][\/et_pb_column][\/et_pb_row][et_pb_row column_structure=\u00bb1_2,1_2&#8243; _builder_version=\u00bb4.16&#8243; _module_preset=\u00bbdefault\u00bb custom_margin_tablet=\u00bb\u00bb custom_margin_phone=\u00bb||||false|false\u00bb custom_margin_last_edited=\u00bbon|phone\u00bb custom_padding=\u00bb|43px|||false|false\u00bb global_colors_info=\u00bb{}\u00bb][et_pb_column type=\u00bb1_2&#8243; _builder_version=\u00bb4.16&#8243; _module_preset=\u00bbdefault\u00bb global_colors_info=\u00bb{}\u00bb][et_pb_blurb title=\u00bbVALORES\u00bb _builder_version=\u00bb4.18.0&#8243; _module_preset=\u00bbdefault\u00bb header_level=\u00bbh1&#8243; header_font=\u00bb|700|||||||\u00bb header_text_align=\u00bbcenter\u00bb header_text_color=\u00bb#FFFFFF\u00bb header_letter_spacing=\u00bb8px\u00bb body_text_align=\u00bbcenter\u00bb body_text_color=\u00bb#EDF000&#8243; body_font_size=\u00bb14px\u00bb transform_translate=\u00bb43px|43px\u00bb text_orientation=\u00bbcenter\u00bb animation_style=\u00bbslide\u00bb header_text_shadow_style=\u00bbpreset5&#8243; header_text_shadow_color=\u00bb#000000&#8243; global_colors_info=\u00bb{}\u00bb]<\/p>\n<div id=\"qx-text-888099\" class=\"qx-element qx-element-text et-title-general wow fadeIn animated animated\" data-wow-delay=\"0.4s\">\n<p style=\"text-align: justify;\">Autocr\u00edtica, Fortaleza, Inclusi\u00f3n, Integridad, Justicia, Libertad, Prudencia, Racionalidad, Responsabilidad, Solidaridad, Verdad.<\/p>\n<\/div>\n<p>[\/et_pb_blurb][\/et_pb_column][et_pb_column type=\u00bb1_2&#8243; _builder_version=\u00bb4.16&#8243; _module_preset=\u00bbdefault\u00bb global_colors_info=\u00bb{}\u00bb][et_pb_image src=\u00bbhttps:\/\/ucach.mx\/wp-content\/uploads\/2021\/03\/escudo-ucach.png\u00bb title_text=\u00bbescudo ucach\u00bb align=\u00bbcenter\u00bb _builder_version=\u00bb4.16&#8243; _module_preset=\u00bbdefault\u00bb height=\u00bb189px\u00bb custom_margin_tablet=\u00bb20px||20px||false|false\u00bb custom_margin_phone=\u00bb40px|||60px|false|false\u00bb custom_margin_last_edited=\u00bbon|phone\u00bb animation_style=\u00bbslide\u00bb global_colors_info=\u00bb{}\u00bb][\/et_pb_image][\/et_pb_column][\/et_pb_row][\/et_pb_section][et_pb_section fb_built=\u00bb1&#8243; custom_padding_last_edited=\u00bboff|tablet\u00bb _builder_version=\u00bb4.16&#8243; _module_preset=\u00bbdefault\u00bb custom_margin_tablet=\u00bb20px||||false|false\u00bb custom_margin_phone=\u00bb20px||||false|false\u00bb custom_margin_last_edited=\u00bbon|tablet\u00bb locked=\u00bboff\u00bb global_colors_info=\u00bb{}\u00bb][et_pb_row _builder_version=\u00bb4.16&#8243; _module_preset=\u00bbdefault\u00bb global_colors_info=\u00bb{}\u00bb][et_pb_column type=\u00bb4_4&#8243; _builder_version=\u00bb4.16&#8243; _module_preset=\u00bbdefault\u00bb global_colors_info=\u00bb{}\u00bb][et_pb_blurb title=\u00bbPRINCIPIOS RECTORES\u00bb _builder_version=\u00bb4.16&#8243; _module_preset=\u00bbdefault\u00bb header_font=\u00bb|700|||||||\u00bb header_text_align=\u00bbcenter\u00bb header_letter_spacing=\u00bb8px\u00bb body_text_align=\u00bbcenter\u00bb text_orientation=\u00bbcenter\u00bb global_colors_info=\u00bb{}\u00bb]<\/p>\n<div id=\"qx-text-888099\" class=\"qx-element qx-element-text et-title-general wow fadeIn animated animated\" data-wow-delay=\"0.4s\">\n<h3><span style=\"font-size: 16px;\">La orientaci\u00f3n del proyecto educativo de la nuestra Universidad, se basa en los siguientes principios enunciados a trav\u00e9s de las acciones<\/span><\/h3>\n<\/div>\n<p>.<\/p>\n<p>[\/et_pb_blurb][\/et_pb_column][\/et_pb_row][\/et_pb_section][et_pb_section fb_built=\u00bb1&#8243; _builder_version=\u00bb4.16&#8243; _module_preset=\u00bbdefault\u00bb animation_style=\u00bbslide\u00bb locked=\u00bboff\u00bb global_colors_info=\u00bb{}\u00bb][et_pb_row column_structure=\u00bb1_2,1_2&#8243; _builder_version=\u00bb4.16&#8243; _module_preset=\u00bbdefault\u00bb global_colors_info=\u00bb{}\u00bb][et_pb_column type=\u00bb1_2&#8243; _builder_version=\u00bb4.16&#8243; _module_preset=\u00bbdefault\u00bb global_colors_info=\u00bb{}\u00bb][et_pb_blurb title=\u00bbSER\u00bb _builder_version=\u00bb4.16&#8243; _module_preset=\u00bbdefault\u00bb header_font=\u00bb|700|||||||\u00bb header_letter_spacing=\u00bb2px\u00bb body_font=\u00bb||||||||\u00bb body_text_align=\u00bbcenter\u00bb body_font_size=\u00bb14px\u00bb text_orientation=\u00bbcenter\u00bb global_colors_info=\u00bb{}\u00bb]<\/p>\n<p class=\"qx-blurb-title \"><span style=\"font-size: small;\">Se forma una mentalidad y actitudes que duran toda la vida, y cuyas caracter\u00edsticas son la libertad, el amor, la equidad, la justicia, la solidaridad, la templanza, la sabidur\u00eda y el respeto a la vida.<\/span><\/p>\n<p>.<\/p>\n<p>[\/et_pb_blurb][et_pb_blurb title=\u00bbSABER\u00bb _builder_version=\u00bb4.16&#8243; _module_preset=\u00bbdefault\u00bb header_font=\u00bb|700|||||||\u00bb header_letter_spacing=\u00bb2px\u00bb body_font=\u00bb||||||||\u00bb body_text_align=\u00bbcenter\u00bb body_font_size=\u00bb14px\u00bb text_orientation=\u00bbcenter\u00bb global_colors_info=\u00bb{}\u00bb]<\/p>\n<p class=\"qx-blurb-title \"><span style=\"font-size: small;\"><span>Comprender que el aprendizaje y el conocimiento dan sentido a la existencia humana, y permiten entender el significado mismo de la persona y su fin \u00faltimo.<\/span>.<\/span><\/p>\n<p>.<\/p>\n<p>[\/et_pb_blurb][\/et_pb_column][et_pb_column type=\u00bb1_2&#8243; _builder_version=\u00bb4.16&#8243; _module_preset=\u00bbdefault\u00bb global_colors_info=\u00bb{}\u00bb][et_pb_blurb title=\u00bbCRECER\u00bb _builder_version=\u00bb4.16&#8243; _module_preset=\u00bbdefault\u00bb header_font=\u00bb|700|||||||\u00bb header_letter_spacing=\u00bb2px\u00bb body_font=\u00bb||||||||\u00bb body_text_align=\u00bbcenter\u00bb body_font_size=\u00bb14px\u00bb text_orientation=\u00bbcenter\u00bb global_colors_info=\u00bb{}\u00bb]<\/p>\n<p class=\"qx-blurb-title \"><span style=\"font-size: small;\"><span>Desarrollar las capacidades, actitudes y aptitudes para proponer y responder a las necesidades y exigencias de la sociedad y as\u00ed realizar las tareas diversas de forma adecuada<\/span>.<\/span><\/p>\n<p>.<\/p>\n<p>[\/et_pb_blurb][et_pb_blurb title=\u00bbDAR\u00bb _builder_version=\u00bb4.16&#8243; _module_preset=\u00bbdefault\u00bb header_font=\u00bb|700|||||||\u00bb header_letter_spacing=\u00bb2px\u00bb body_font=\u00bb||||||||\u00bb body_text_align=\u00bbcenter\u00bb body_font_size=\u00bb14px\u00bb text_orientation=\u00bbcenter\u00bb global_colors_info=\u00bb{}\u00bb]<\/p>\n<p class=\"qx-blurb-title \"><span style=\"font-size: small;\"><span>El esp\u00edritu humano-cristiano de servicio a los dem\u00e1s en la promoci\u00f3n de la justicia, la solidaridad, el amor, el respeto y la verdad<\/span>.<\/span><\/p>\n<p>.<\/p>\n<p>[\/et_pb_blurb][\/et_pb_column][\/et_pb_row][\/et_pb_section]<\/p>\n","protected":false},"excerpt":{"rendered":"<p>Somos una instituci\u00f3n educativa, centrada en la formaci\u00f3n integral de la persona, a trav\u00e9s de su contexto y los principios interdisciplinares del saber, que llevan a generar, transferir y movilizar conocimientos, objetos de estudio y servicios a la comunidad, con los cuales preparamos a los ciudadanos para afrontar desaf\u00edos de la vida personal, espiritual, profesional [&hellip;]<\/p>\n","protected":false},"author":1,"featured_media":0,"parent":0,"menu_order":0,"comment_status":"closed","ping_status":"closed","template":"","meta":{"_et_pb_use_builder":"on","_et_pb_old_content":"<!-- wp:divi\/placeholder \/-->","_et_gb_content_width":"","_monsterinsights_skip_tracking":false,"_monsterinsights_sitenote_active":false,"_monsterinsights_sitenote_note":"","_monsterinsights_sitenote_category":0,"_uf_show_specific_survey":0,"_uf_disable_surveys":false,"footnotes":""},"class_list":["post-431","page","type-page","status-publish","hentry"],"aioseo_notices":[],"jetpack_sharing_enabled":true,"_links":{"self":[{"href":"https:\/\/ucach.mx\/index.php\/wp-json\/wp\/v2\/pages\/431","targetHints":{"allow":["GET"]}}],"collection":[{"href":"https:\/\/ucach.mx\/index.php\/wp-json\/wp\/v2\/pages"}],"about":[{"href":"https:\/\/ucach.mx\/index.php\/wp-json\/wp\/v2\/types\/page"}],"author":[{"embeddable":true,"href":"https:\/\/ucach.mx\/index.php\/wp-json\/wp\/v2\/users\/1"}],"replies":[{"embeddable":true,"href":"https:\/\/ucach.mx\/index.php\/wp-json\/wp\/v2\/comments?post=431"}],"version-history":[{"count":50,"href":"https:\/\/ucach.mx\/index.php\/wp-json\/wp\/v2\/pages\/431\/revisions"}],"predecessor-version":[{"id":2586,"href":"https:\/\/ucach.mx\/index.php\/wp-json\/wp\/v2\/pages\/431\/revisions\/2586"}],"wp:attachment":[{"href":"https:\/\/ucach.mx\/index.php\/wp-json\/wp\/v2\/media?parent=431"}],"curies":[{"name":"wp","href":"https:\/\/api.w.org\/{rel}","templated":true}]}}