{"id":67,"date":"2021-01-21T20:53:28","date_gmt":"2021-01-21T20:53:28","guid":{"rendered":"https:\/\/ucach.mx\/?page_id=67"},"modified":"2021-01-22T02:03:58","modified_gmt":"2021-01-22T02:03:58","slug":"sep","status":"publish","type":"page","link":"https:\/\/ucach.mx\/index.php\/sep\/","title":{"rendered":"SEP"},"content":{"rendered":"<p>[et_pb_section fb_built=\u00bb1&#8243; _builder_version=\u00bb4.8.1&#8243; _module_preset=\u00bbdefault\u00bb][et_pb_row column_structure=\u00bb1_2,1_2&#8243; _builder_version=\u00bb4.8.1&#8243; _module_preset=\u00bbdefault\u00bb][et_pb_column type=\u00bb1_2&#8243; _builder_version=\u00bb4.8.1&#8243; _module_preset=\u00bbdefault\u00bb][et_pb_blurb title=\u00bbCLAVE INSTITUCIONAL ANTE LA SEP\u00bb _builder_version=\u00bb4.8.1&#8243; _module_preset=\u00bbdefault\u00bb header_font=\u00bb|700|||||||\u00bb header_letter_spacing=\u00bb2px\u00bb body_font=\u00bb||||||||\u00bb custom_margin=\u00bb60px||||false|false\u00bb]<\/p>\n<p>Seg\u00fan acuerdo con la Secretar\u00eda de Educaci\u00f3n P\u00fablica, a trav\u00e9s de la Subsecretar\u00eda de Educaci\u00f3n Superior, de la Direcci\u00f3n General de Profesiones, de la Direcci\u00f3n de Autorizaci\u00f3n y Registro Profesional y del Departamento de Instituciones Educativas, se emiti\u00f3 el registro de establecimiento educativo a favor de la Universidad Teol\u00f3gica de Chiapas Juan Pablo II, con clave de Instituci\u00f3n 070314, misma con domicilio en calle Uruguay N\u00famero 500-A, Col. El Retiro. C.P. 29040 en Tuxtla Guti\u00e9rrez, Chiapas<\/p>\n<p>[\/et_pb_blurb][\/et_pb_column][et_pb_column type=\u00bb1_2&#8243; _builder_version=\u00bb4.8.1&#8243; _module_preset=\u00bbdefault\u00bb][et_pb_image src=\u00bbhttps:\/\/ucach.mx\/wp-content\/uploads\/2021\/01\/Escudo_Teologica-1.jpg\u00bb title_text=\u00bbEscudo_Teol\u00f3gica\u00bb align=\u00bbcenter\u00bb _builder_version=\u00bb4.8.1&#8243; _module_preset=\u00bbdefault\u00bb width=\u00bb83%\u00bb][\/et_pb_image][\/et_pb_column][\/et_pb_row][\/et_pb_section][et_pb_section fb_built=\u00bb1&#8243; _builder_version=\u00bb4.8.0&#8243; _module_preset=\u00bbdefault\u00bb custom_padding=\u00bb2px||3px|||\u00bb locked=\u00bboff\u00bb][et_pb_row _builder_version=\u00bb4.8.1&#8243; _module_preset=\u00bbdefault\u00bb custom_padding=\u00bb||0px|||\u00bb][et_pb_column type=\u00bb4_4&#8243; _builder_version=\u00bb4.8.1&#8243; _module_preset=\u00bbdefault\u00bb][et_pb_cta title=\u00bbOFERTA EDUCATIVA \u00bb _builder_version=\u00bb4.8.1&#8243; _module_preset=\u00bbdefault\u00bb header_font=\u00bb|600|||||||\u00bb header_text_color=\u00bb#424242&#8243; header_font_size=\u00bb22px\u00bb header_letter_spacing=\u00bb3px\u00bb body_text_align=\u00bbcenter\u00bb body_font_size=\u00bb16px\u00bb background_enable_color=\u00bboff\u00bb background_layout=\u00bblight\u00bb custom_padding=\u00bb||4px|||\u00bb]<\/p>\n<p>PREPARATORIA, LICENCIATURAS, MAESTR\u00cdAS Y POSGRADOS<\/p>\n<p>[\/et_pb_cta][\/et_pb_column][\/et_pb_row][et_pb_row column_structure=\u00bb1_4,1_4,1_4,1_4&#8243; use_custom_gutter=\u00bbon\u00bb gutter_width=\u00bb1&#8243; make_equal=\u00bbon\u00bb _builder_version=\u00bb4.8.0&#8243; _module_preset=\u00bbdefault\u00bb max_width=\u00bb2035px\u00bb module_alignment=\u00bbcenter\u00bb custom_padding=\u00bb1px|0px|1px|0px|false|false\u00bb][et_pb_column type=\u00bb1_4&#8243; _builder_version=\u00bb4.8.0&#8243; _module_preset=\u00bbdefault\u00bb][et_pb_cta title=\u00bbPREPARATORIA\u00bb button_url=\u00bbhttps:\/\/ucach.mx\/temp\/index.php\/component\/advportfoliopro\/project\/10-preparatoria?catid=84:preparatoria&#038;Itemid=437&#8243; button_text=\u00bbM\u00e1s Informaci\u00f3n\u00bb _builder_version=\u00bb4.8.0&#8243; _module_preset=\u00bbdefault\u00bb header_font=\u00bb|700|||||||\u00bb header_font_size=\u00bb18px\u00bb body_font=\u00bb||||||||\u00bb background_image=\u00bbhttps:\/\/ucach.mx\/wp-content\/uploads\/2021\/01\/preparatoria-_46877.jpg\u00bb custom_button=\u00bbon\u00bb button_text_size=\u00bb12px\u00bb button_text_color=\u00bb#FFFFFF\u00bb button_bg_color=\u00bbrgba(224,153,0,0.52)\u00bb button_border_radius=\u00bb12px\u00bb button_alignment=\u00bbcenter\u00bb width=\u00bb100%\u00bb link_option_url=\u00bbhttps:\/\/ucach.mx\/temp\/index.php\/component\/advportfoliopro\/project\/10-preparatoria?catid=84:preparatoria&#038;Itemid=437&#8243; header_text_shadow_style=\u00bbpreset2&#8243; body_text_shadow_style=\u00bbpreset2&#8243;]<\/p>\n<p>Propuesta Educativa.<\/p>\n<p>[\/et_pb_cta][et_pb_cta title=\u00bbMAESTR\u00cdA EN FILOSOF\u00cdA DE LA CULTURA E INTERCULTURA\u00bb button_url=\u00bbhttps:\/\/ucach.mx\/temp\/index.php\/component\/advportfoliopro\/project\/10-preparatoria?catid=84:preparatoria&#038;Itemid=437&#8243; button_text=\u00bbM\u00e1s Informaci\u00f3n\u00bb _builder_version=\u00bb4.8.0&#8243; _module_preset=\u00bbdefault\u00bb header_font=\u00bb|700|||||||\u00bb header_font_size=\u00bb18px\u00bb body_font=\u00bb||||||||\u00bb background_image=\u00bbhttps:\/\/ucach.mx\/wp-content\/uploads\/2021\/01\/maestr__a_en_filosof__a_de_la_cultura_e_intercultura940620_1576127333.jpg\u00bb custom_button=\u00bbon\u00bb button_text_size=\u00bb12px\u00bb button_text_color=\u00bb#FFFFFF\u00bb button_bg_color=\u00bbrgba(224,153,0,0.52)\u00bb button_border_radius=\u00bb12px\u00bb button_alignment=\u00bbcenter\u00bb width=\u00bb100%\u00bb link_option_url=\u00bbhttps:\/\/ucach.mx\/temp\/index.php\/component\/advportfoliopro\/project\/10-preparatoria?catid=84:preparatoria&#038;Itemid=437&#8243; header_text_shadow_style=\u00bbpreset2&#8243; body_text_shadow_style=\u00bbpreset2&#8243;]<\/p>\n<p>Propuesta Educativa.<\/p>\n<p>[\/et_pb_cta][\/et_pb_column][et_pb_column type=\u00bb1_4&#8243; _builder_version=\u00bb4.8.0&#8243; _module_preset=\u00bbdefault\u00bb][et_pb_cta title=\u00bbLICENCIATURA EN CIENCIAS POL\u00cdTICAS\u00bb button_url=\u00bbhttps:\/\/ucach.mx\/temp\/index.php\/component\/advportfoliopro\/project\/10-preparatoria?catid=84:preparatoria&#038;Itemid=437&#8243; button_text=\u00bbM\u00e1s Informaci\u00f3n\u00bb _builder_version=\u00bb4.8.0&#8243; _module_preset=\u00bbdefault\u00bb header_font=\u00bb|700|||||||\u00bb header_font_size=\u00bb18px\u00bb body_font=\u00bb||||||||\u00bb background_image=\u00bbhttps:\/\/ucach.mx\/wp-content\/uploads\/2021\/01\/Poltica-_46877.jpg\u00bb custom_button=\u00bbon\u00bb button_text_size=\u00bb12px\u00bb button_text_color=\u00bb#FFFFFF\u00bb button_bg_color=\u00bbrgba(224,153,0,0.52)\u00bb button_border_radius=\u00bb12px\u00bb button_alignment=\u00bbcenter\u00bb width=\u00bb100%\u00bb link_option_url=\u00bbhttps:\/\/ucach.mx\/temp\/index.php\/component\/advportfoliopro\/project\/10-preparatoria?catid=84:preparatoria&#038;Itemid=437&#8243; header_text_shadow_style=\u00bbpreset2&#8243; body_text_shadow_style=\u00bbpreset2&#8243;]<\/p>\n<p>Propuesta Educativa.<\/p>\n<p>[\/et_pb_cta][et_pb_cta title=\u00bbMAESTR\u00cdA EN CIENCIAS DE LA EDUCACI\u00d3N\u00bb button_url=\u00bbhttps:\/\/ucach.mx\/temp\/index.php\/component\/advportfoliopro\/project\/10-preparatoria?catid=84:preparatoria&#038;Itemid=437&#8243; button_text=\u00bbM\u00e1s Informaci\u00f3n\u00bb _builder_version=\u00bb4.8.0&#8243; _module_preset=\u00bbdefault\u00bb header_font=\u00bb|700|||||||\u00bb header_font_size=\u00bb18px\u00bb body_font=\u00bb||||||||\u00bb background_image=\u00bbhttps:\/\/ucach.mx\/wp-content\/uploads\/2021\/01\/ciencias_de_la_educaci__n940620_1576127839.jpg\u00bb custom_button=\u00bbon\u00bb button_text_size=\u00bb12px\u00bb button_text_color=\u00bb#FFFFFF\u00bb button_bg_color=\u00bbrgba(224,153,0,0.52)\u00bb button_border_radius=\u00bb12px\u00bb button_alignment=\u00bbcenter\u00bb width=\u00bb100%\u00bb link_option_url=\u00bbhttps:\/\/ucach.mx\/temp\/index.php\/component\/advportfoliopro\/project\/10-preparatoria?catid=84:preparatoria&#038;Itemid=437&#8243; header_text_shadow_style=\u00bbpreset2&#8243; body_text_shadow_style=\u00bbpreset2&#8243;]<\/p>\n<p>Propuesta Educativa.<\/p>\n<p>[\/et_pb_cta][\/et_pb_column][et_pb_column type=\u00bb1_4&#8243; _builder_version=\u00bb4.8.0&#8243; _module_preset=\u00bbdefault\u00bb][et_pb_cta title=\u00bbLICENCIATURA EN DERECHO\u00bb button_url=\u00bbhttps:\/\/ucach.mx\/temp\/index.php\/component\/advportfoliopro\/project\/10-preparatoria?catid=84:preparatoria&#038;Itemid=437&#8243; button_text=\u00bbM\u00e1s Informaci\u00f3n\u00bb _builder_version=\u00bb4.8.0&#8243; _module_preset=\u00bbdefault\u00bb header_font=\u00bb|700|||||||\u00bb header_font_size=\u00bb18px\u00bb body_font=\u00bb||||||||\u00bb background_image=\u00bbhttps:\/\/ucach.mx\/wp-content\/uploads\/2021\/01\/derecho940620_1576121443.jpg\u00bb custom_button=\u00bbon\u00bb button_text_size=\u00bb12px\u00bb button_text_color=\u00bb#FFFFFF\u00bb button_bg_color=\u00bbrgba(224,153,0,0.52)\u00bb button_border_radius=\u00bb12px\u00bb button_alignment=\u00bbcenter\u00bb width=\u00bb100%\u00bb link_option_url=\u00bbhttps:\/\/ucach.mx\/temp\/index.php\/component\/advportfoliopro\/project\/10-preparatoria?catid=84:preparatoria&#038;Itemid=437&#8243; header_text_shadow_style=\u00bbpreset2&#8243; body_text_shadow_style=\u00bbpreset2&#8243;]<\/p>\n<p>Propuesta Educativa.<\/p>\n<p>[\/et_pb_cta][et_pb_cta title=\u00bbMAESTR\u00cdA EN FOLOSOF\u00cdA ECOL\u00d3GICA\u00bb button_url=\u00bbhttps:\/\/ucach.mx\/temp\/index.php\/component\/advportfoliopro\/project\/10-preparatoria?catid=84:preparatoria&#038;Itemid=437&#8243; button_text=\u00bbM\u00e1s Informaci\u00f3n\u00bb _builder_version=\u00bb4.8.0&#8243; _module_preset=\u00bbdefault\u00bb header_font=\u00bb|700|||||||\u00bb header_font_size=\u00bb18px\u00bb body_font=\u00bb||||||||\u00bb background_image=\u00bbhttps:\/\/ucach.mx\/wp-content\/uploads\/2021\/01\/maestr__a_en_filosof__a_ecol__gica940620_1576128686.jpg\u00bb custom_button=\u00bbon\u00bb button_text_size=\u00bb12px\u00bb button_text_color=\u00bb#FFFFFF\u00bb button_bg_color=\u00bbrgba(224,153,0,0.52)\u00bb button_border_radius=\u00bb12px\u00bb button_alignment=\u00bbcenter\u00bb width=\u00bb100%\u00bb link_option_url=\u00bbhttps:\/\/ucach.mx\/temp\/index.php\/component\/advportfoliopro\/project\/10-preparatoria?catid=84:preparatoria&#038;Itemid=437&#8243; header_text_shadow_style=\u00bbpreset2&#8243; body_text_shadow_style=\u00bbpreset2&#8243;]<\/p>\n<p>Propuesta Educativa.<\/p>\n<p>[\/et_pb_cta][\/et_pb_column][et_pb_column type=\u00bb1_4&#8243; _builder_version=\u00bb4.8.0&#8243; _module_preset=\u00bbdefault\u00bb][et_pb_cta title=\u00bbMAESTR\u00cdA EN FILOSOF\u00cdA Y CIENCIAS DE LA FAMILIA\u00bb button_url=\u00bbhttps:\/\/ucach.mx\/temp\/index.php\/component\/advportfoliopro\/project\/10-preparatoria?catid=84:preparatoria&#038;Itemid=437&#8243; button_text=\u00bbM\u00e1s Informaci\u00f3n\u00bb _builder_version=\u00bb4.8.0&#8243; _module_preset=\u00bbdefault\u00bb header_font=\u00bb|700|||||||\u00bb header_font_size=\u00bb18px\u00bb body_font=\u00bb||||||||\u00bb background_image=\u00bbhttps:\/\/ucach.mx\/wp-content\/uploads\/2021\/01\/maestr__a_en_filosof__a_y_ciencias_de_la_familia_940620_1576128347.jpg\u00bb custom_button=\u00bbon\u00bb button_text_size=\u00bb12px\u00bb button_text_color=\u00bb#FFFFFF\u00bb button_bg_color=\u00bbrgba(224,153,0,0.52)\u00bb button_border_radius=\u00bb12px\u00bb button_alignment=\u00bbcenter\u00bb width=\u00bb100%\u00bb link_option_url=\u00bbhttps:\/\/ucach.mx\/temp\/index.php\/component\/advportfoliopro\/project\/10-preparatoria?catid=84:preparatoria&#038;Itemid=437&#8243; header_text_shadow_style=\u00bbpreset2&#8243; body_text_shadow_style=\u00bbpreset2&#8243;]<\/p>\n<p>Propuesta Educativa.<\/p>\n<p>[\/et_pb_cta][et_pb_cta title=\u00bbDOCTORADO EN CIENCIAS DE LA SALUD\u00bb button_url=\u00bbhttps:\/\/ucach.mx\/temp\/index.php\/component\/advportfoliopro\/project\/10-preparatoria?catid=84:preparatoria&#038;Itemid=437&#8243; button_text=\u00bbM\u00e1s Informaci\u00f3n\u00bb _builder_version=\u00bb4.8.0&#8243; _module_preset=\u00bbdefault\u00bb header_font=\u00bb|700|||||||\u00bb header_font_size=\u00bb18px\u00bb body_font=\u00bb||||||||\u00bb background_image=\u00bbhttps:\/\/ucach.mx\/wp-content\/uploads\/2021\/01\/doctorado_ciencias_en_la_educain.jpg\u00bb custom_button=\u00bbon\u00bb button_text_size=\u00bb12px\u00bb button_text_color=\u00bb#FFFFFF\u00bb button_bg_color=\u00bbrgba(224,153,0,0.52)\u00bb button_border_radius=\u00bb12px\u00bb button_alignment=\u00bbcenter\u00bb width=\u00bb100%\u00bb link_option_url=\u00bbhttps:\/\/ucach.mx\/temp\/index.php\/component\/advportfoliopro\/project\/10-preparatoria?catid=84:preparatoria&#038;Itemid=437&#8243; header_text_shadow_style=\u00bbpreset2&#8243; body_text_shadow_style=\u00bbpreset2&#8243;]<\/p>\n<p>Propuesta Educativa.<\/p>\n<p>[\/et_pb_cta][\/et_pb_column][\/et_pb_row][\/et_pb_section]<\/p>\n","protected":false},"excerpt":{"rendered":"<p>Seg\u00fan acuerdo con la Secretar\u00eda de Educaci\u00f3n P\u00fablica, a trav\u00e9s de la Subsecretar\u00eda de Educaci\u00f3n Superior, de la Direcci\u00f3n General de Profesiones, de la Direcci\u00f3n de Autorizaci\u00f3n y Registro Profesional y del Departamento de Instituciones Educativas, se emiti\u00f3 el registro de establecimiento educativo a favor de la Universidad Teol\u00f3gica de Chiapas Juan Pablo II, con [&hellip;]<\/p>\n","protected":false},"author":1,"featured_media":0,"parent":0,"menu_order":0,"comment_status":"closed","ping_status":"closed","template":"","meta":{"_et_pb_use_builder":"on","_et_pb_old_content":"<!-- wp:divi\/placeholder \/-->","_et_gb_content_width":"","_monsterinsights_skip_tracking":false,"_monsterinsights_sitenote_active":false,"_monsterinsights_sitenote_note":"","_monsterinsights_sitenote_category":0,"_uf_show_specific_survey":0,"_uf_disable_surveys":false,"footnotes":""},"class_list":["post-67","page","type-page","status-publish","hentry"],"aioseo_notices":[],"jetpack_sharing_enabled":true,"_links":{"self":[{"href":"https:\/\/ucach.mx\/index.php\/wp-json\/wp\/v2\/pages\/67","targetHints":{"allow":["GET"]}}],"collection":[{"href":"https:\/\/ucach.mx\/index.php\/wp-json\/wp\/v2\/pages"}],"about":[{"href":"https:\/\/ucach.mx\/index.php\/wp-json\/wp\/v2\/types\/page"}],"author":[{"embeddable":true,"href":"https:\/\/ucach.mx\/index.php\/wp-json\/wp\/v2\/users\/1"}],"replies":[{"embeddable":true,"href":"https:\/\/ucach.mx\/index.php\/wp-json\/wp\/v2\/comments?post=67"}],"version-history":[{"count":5,"href":"https:\/\/ucach.mx\/index.php\/wp-json\/wp\/v2\/pages\/67\/revisions"}],"predecessor-version":[{"id":195,"href":"https:\/\/ucach.mx\/index.php\/wp-json\/wp\/v2\/pages\/67\/revisions\/195"}],"wp:attachment":[{"href":"https:\/\/ucach.mx\/index.php\/wp-json\/wp\/v2\/media?parent=67"}],"curies":[{"name":"wp","href":"https:\/\/api.w.org\/{rel}","templated":true}]}}