{"id":75,"date":"2021-01-21T20:55:13","date_gmt":"2021-01-21T20:55:13","guid":{"rendered":"https:\/\/ucach.mx\/?page_id=75"},"modified":"2021-09-28T22:49:50","modified_gmt":"2021-09-29T03:49:50","slug":"licenciaturas","status":"publish","type":"page","link":"https:\/\/ucach.mx\/index.php\/licenciaturas\/","title":{"rendered":"Licenciaturas"},"content":{"rendered":"<p>[et_pb_section fb_built=\u00bb1&#8243; _builder_version=\u00bb4.9.0&#8243; _module_preset=\u00bbdefault\u00bb hover_enabled=\u00bb0&#8243; global_colors_info=\u00bb{}\u00bb sticky_enabled=\u00bb0&#8243;][et_pb_row _builder_version=\u00bb4.8.1&#8243; _module_preset=\u00bbdefault\u00bb custom_padding=\u00bb||0px|||\u00bb animation_style=\u00bbbounce\u00bb hover_enabled=\u00bb0&#8243; locked=\u00bboff\u00bb global_colors_info=\u00bb{}\u00bb sticky_enabled=\u00bb0&#8243;][et_pb_column type=\u00bb4_4&#8243; _builder_version=\u00bb4.8.1&#8243; _module_preset=\u00bbdefault\u00bb hover_enabled=\u00bb0&#8243; global_colors_info=\u00bb{}\u00bb sticky_enabled=\u00bb0&#8243;][et_pb_cta title=\u00bbLICENCIATURAS\u00bb _builder_version=\u00bb4.10.8&#8243; _module_preset=\u00bbdefault\u00bb header_font=\u00bb|600|||||||\u00bb header_text_color=\u00bb#424242&#8243; header_font_size=\u00bb41px\u00bb header_letter_spacing=\u00bb3px\u00bb header_line_height=\u00bb1.6em\u00bb body_text_align=\u00bbcenter\u00bb body_font_size=\u00bb16px\u00bb background_enable_color=\u00bboff\u00bb background_layout=\u00bblight\u00bb custom_padding=\u00bb0px||0px||false|false\u00bb hover_enabled=\u00bb0&#8243; header_font_size_tablet=\u00bb\u00bb header_font_size_phone=\u00bb32px\u00bb header_font_size_last_edited=\u00bbon|phone\u00bb global_colors_info=\u00bb{}\u00bb sticky_enabled=\u00bb0&#8243;][\/et_pb_cta][\/et_pb_column][\/et_pb_row][et_pb_row _builder_version=\u00bb4.9.0&#8243; _module_preset=\u00bbdefault\u00bb width=\u00bb100%\u00bb max_width=\u00bb1557px\u00bb custom_margin=\u00bb|auto|-36px|auto||\u00bb locked=\u00bboff\u00bb global_colors_info=\u00bb{}\u00bb][et_pb_column type=\u00bb4_4&#8243; _builder_version=\u00bb4.8.1&#8243; _module_preset=\u00bbdefault\u00bb global_colors_info=\u00bb{}\u00bb][et_pb_divider color=\u00bb#fecc00&#8243; _builder_version=\u00bb4.9.0&#8243; _module_preset=\u00bbdefault\u00bb global_colors_info=\u00bb{}\u00bb][\/et_pb_divider][\/et_pb_column][\/et_pb_row][\/et_pb_section][et_pb_section fb_built=\u00bb1&#8243; _builder_version=\u00bb4.8.0&#8243; _module_preset=\u00bbdefault\u00bb custom_padding=\u00bb||3px|||\u00bb hover_enabled=\u00bb0&#8243; locked=\u00bboff\u00bb global_colors_info=\u00bb{}\u00bb sticky_enabled=\u00bb0&#8243;][et_pb_row _builder_version=\u00bb4.9.0&#8243; _module_preset=\u00bbdefault\u00bb global_colors_info=\u00bb{}\u00bb][et_pb_column type=\u00bb4_4&#8243; _builder_version=\u00bb4.9.0&#8243; _module_preset=\u00bbdefault\u00bb global_colors_info=\u00bb{}\u00bb][et_pb_text _builder_version=\u00bb4.10.8&#8243; _module_preset=\u00bbdefault\u00bb global_colors_info=\u00bb{}\u00bb text_font_size=\u00bb23px\u00bb hover_enabled=\u00bb0&#8243; sticky_enabled=\u00bb0&#8243;]<\/p>\n<p style=\"text-align: justify;\">Contin\u00faa tus estudios y emprende la ruta de conocimientos que te llevar\u00e1n a ser libre. Conoce las licenciaturas que tenemos para ti. Contamos con plan semi escolarizado, id\u00f3neo para que puedas realizar todas tus actividades esenciales. Nuestros docentes son 100% certificados en su ramo, Doctores, Maestros, Licenciados, todos con experiencia en el \u00e1mbito laboral-educativo. Progresa, Avanza, s\u00e9 libre, se UCACH.<\/p>\n<p>[\/et_pb_text][\/et_pb_column][\/et_pb_row][et_pb_row column_structure=\u00bb1_3,1_3,1_3&#8243; use_custom_gutter=\u00bbon\u00bb gutter_width=\u00bb1&#8243; _builder_version=\u00bb4.9.0&#8243; _module_preset=\u00bbdefault\u00bb module_alignment=\u00bbcenter\u00bb animation_style=\u00bbbounce\u00bb animation_direction=\u00bbright\u00bb hover_enabled=\u00bb0&#8243; global_colors_info=\u00bb{}\u00bb gutter_width__hover_enabled=\u00bbon|desktop\u00bb sticky_enabled=\u00bb0&#8243;][et_pb_column type=\u00bb1_3&#8243; _builder_version=\u00bb4.8.0&#8243; _module_preset=\u00bbdefault\u00bb hover_enabled=\u00bb0&#8243; global_colors_info=\u00bb{}\u00bb sticky_enabled=\u00bb0&#8243;][et_pb_cta title=\u00bbLICENCIATURA EN TURISMO\u00bb button_url=\u00bb@ET-DC@eyJkeW5hbWljIjp0cnVlLCJjb250ZW50IjoicG9zdF9saW5rX3VybF9wYWdlIiwic2V0dGluZ3MiOnsicG9zdF9pZCI6Ijc1MiJ9fQ==@\u00bb button_text=\u00bbM\u00e1s Informaci\u00f3n\u00bb _builder_version=\u00bb4.10.8&#8243; _dynamic_attributes=\u00bblink_option_url,button_url\u00bb _module_preset=\u00bbdefault\u00bb header_font=\u00bb|700|||||||\u00bb header_font_size=\u00bb18px\u00bb body_font=\u00bb||||||||\u00bb background_color=\u00bbrgba(0,0,0,0.5)\u00bb background_image=\u00bbhttps:\/\/ucach.mx\/wp-content\/uploads\/2021\/02\/turismo.jpg\u00bb background_blend=\u00bbsoft-light\u00bb custom_button=\u00bbon\u00bb button_text_size=\u00bb12px\u00bb button_text_color=\u00bb#FFFFFF\u00bb button_bg_color=\u00bbrgba(224,153,0,0.52)\u00bb button_border_radius=\u00bb12px\u00bb button_alignment=\u00bbcenter\u00bb width=\u00bb100%\u00bb max_width=\u00bb100%\u00bb module_alignment=\u00bbcenter\u00bb height=\u00bb180px\u00bb animation_style=\u00bbfade\u00bb link_option_url=\u00bb@ET-DC@eyJkeW5hbWljIjp0cnVlLCJjb250ZW50IjoicG9zdF9saW5rX3VybF9wYWdlIiwic2V0dGluZ3MiOnsicG9zdF9pZCI6Ijc1MiJ9fQ==@\u00bb hover_enabled=\u00bb0&#8243; header_text_shadow_style=\u00bbpreset2&#8243; body_text_shadow_style=\u00bbpreset2&#8243; border_width_all=\u00bb5px\u00bb border_color_all=\u00bb#FFFFFF\u00bb global_colors_info=\u00bb{}\u00bb background__hover_enabled=\u00bbon|hover\u00bb background_blend__hover=\u00bbsoft-light\u00bb background_color__hover=\u00bbrgba(41,62,158,0.93)\u00bb background_enable_color__hover=\u00bbon\u00bb sticky_enabled=\u00bb0&#8243;][\/et_pb_cta][\/et_pb_column][et_pb_column type=\u00bb1_3&#8243; _builder_version=\u00bb4.8.2&#8243; _module_preset=\u00bbdefault\u00bb global_colors_info=\u00bb{}\u00bb][et_pb_cta title=\u00bbLICENCIATURA EN CIENCIAS POL\u00cdTICAS\u00bb button_url=\u00bb@ET-DC@eyJkeW5hbWljIjp0cnVlLCJjb250ZW50IjoicG9zdF9saW5rX3VybF9wYWdlIiwic2V0dGluZ3MiOnsicG9zdF9pZCI6IjE2MyJ9fQ==@\u00bb button_text=\u00bbM\u00e1s Informaci\u00f3n\u00bb _builder_version=\u00bb4.10.8&#8243; _dynamic_attributes=\u00bbbutton_url,link_option_url\u00bb _module_preset=\u00bbdefault\u00bb header_font=\u00bb|700|||||||\u00bb header_font_size=\u00bb18px\u00bb body_font=\u00bb||||||||\u00bb background_color=\u00bbrgba(0,0,0,0.5)\u00bb background_image=\u00bbhttps:\/\/ucach.mx\/wp-content\/uploads\/2021\/01\/Poltica-_46877.jpg\u00bb background_blend=\u00bbsoft-light\u00bb custom_button=\u00bbon\u00bb button_text_size=\u00bb12px\u00bb button_text_color=\u00bb#FFFFFF\u00bb button_bg_color=\u00bbrgba(224,153,0,0.52)\u00bb button_border_radius=\u00bb12px\u00bb button_alignment=\u00bbcenter\u00bb width=\u00bb100%\u00bb max_width=\u00bb100%\u00bb module_alignment=\u00bbcenter\u00bb height=\u00bb180px\u00bb animation_style=\u00bbfade\u00bb link_option_url=\u00bb@ET-DC@eyJkeW5hbWljIjp0cnVlLCJjb250ZW50IjoicG9zdF9saW5rX3VybF9wYWdlIiwic2V0dGluZ3MiOnsicG9zdF9pZCI6IjE2MyJ9fQ==@\u00bb hover_enabled=\u00bb0&#8243; header_text_shadow_style=\u00bbpreset2&#8243; body_text_shadow_style=\u00bbpreset2&#8243; border_width_all=\u00bb5px\u00bb border_color_all=\u00bb#FFFFFF\u00bb global_colors_info=\u00bb{}\u00bb background__hover_enabled=\u00bbon|hover\u00bb background_blend__hover=\u00bbsoft-light\u00bb background_color__hover=\u00bbrgba(41,62,158,0.93)\u00bb background_enable_color__hover=\u00bbon\u00bb sticky_enabled=\u00bb0&#8243;][\/et_pb_cta][\/et_pb_column][et_pb_column type=\u00bb1_3&#8243; _builder_version=\u00bb4.8.2&#8243; _module_preset=\u00bbdefault\u00bb global_colors_info=\u00bb{}\u00bb][et_pb_cta title=\u00bbLICENCIATURA EN DERECHO\u00bb button_url=\u00bb@ET-DC@eyJkeW5hbWljIjp0cnVlLCJjb250ZW50IjoicG9zdF9saW5rX3VybF9wYWdlIiwic2V0dGluZ3MiOnsicG9zdF9pZCI6IjE2NSJ9fQ==@\u00bb button_text=\u00bbM\u00e1s Informaci\u00f3n\u00bb _builder_version=\u00bb4.10.8&#8243; _dynamic_attributes=\u00bbbutton_url,link_option_url\u00bb _module_preset=\u00bbdefault\u00bb header_font=\u00bb|700|||||||\u00bb header_font_size=\u00bb18px\u00bb body_font=\u00bb||||||||\u00bb background_color=\u00bbrgba(0,0,0,0.5)\u00bb background_image=\u00bbhttps:\/\/ucach.mx\/wp-content\/uploads\/2021\/01\/derecho940620_1576121443.jpg\u00bb background_blend=\u00bbsoft-light\u00bb custom_button=\u00bbon\u00bb button_text_size=\u00bb12px\u00bb button_text_color=\u00bb#FFFFFF\u00bb button_bg_color=\u00bbrgba(224,153,0,0.52)\u00bb button_border_radius=\u00bb12px\u00bb button_alignment=\u00bbcenter\u00bb width=\u00bb100%\u00bb max_width=\u00bb100%\u00bb module_alignment=\u00bbcenter\u00bb height=\u00bb180px\u00bb animation_style=\u00bbfade\u00bb link_option_url=\u00bb@ET-DC@eyJkeW5hbWljIjp0cnVlLCJjb250ZW50IjoicG9zdF9saW5rX3VybF9wYWdlIiwic2V0dGluZ3MiOnsicG9zdF9pZCI6IjE2NSJ9fQ==@\u00bb hover_enabled=\u00bb0&#8243; header_text_shadow_style=\u00bbpreset2&#8243; body_text_shadow_style=\u00bbpreset2&#8243; border_width_all=\u00bb5px\u00bb border_color_all=\u00bb#FFFFFF\u00bb global_colors_info=\u00bb{}\u00bb background__hover_enabled=\u00bbon|hover\u00bb background_blend__hover=\u00bbsoft-light\u00bb background_color__hover=\u00bbrgba(41,62,158,0.93)\u00bb background_enable_color__hover=\u00bbon\u00bb sticky_enabled=\u00bb0&#8243;][\/et_pb_cta][\/et_pb_column][\/et_pb_row][\/et_pb_section]<\/p>\n","protected":false},"excerpt":{"rendered":"<p>Contin\u00faa tus estudios y emprende la ruta de conocimientos que te llevar\u00e1n a ser libre. Conoce las licenciaturas que tenemos para ti. Contamos con plan semi escolarizado, id\u00f3neo para que puedas realizar todas tus actividades esenciales. Nuestros docentes son 100% certificados en su ramo, Doctores, Maestros, Licenciados, todos con experiencia en el \u00e1mbito laboral-educativo. Progresa, [&hellip;]<\/p>\n","protected":false},"author":1,"featured_media":0,"parent":0,"menu_order":0,"comment_status":"closed","ping_status":"closed","template":"","meta":{"_et_pb_use_builder":"on","_et_pb_old_content":"<!-- wp:divi\/placeholder \/-->","_et_gb_content_width":"","_monsterinsights_skip_tracking":false,"_monsterinsights_sitenote_active":false,"_monsterinsights_sitenote_note":"","_monsterinsights_sitenote_category":0,"_uf_show_specific_survey":0,"_uf_disable_surveys":false,"footnotes":""},"class_list":["post-75","page","type-page","status-publish","hentry"],"aioseo_notices":[],"jetpack_sharing_enabled":true,"_links":{"self":[{"href":"https:\/\/ucach.mx\/index.php\/wp-json\/wp\/v2\/pages\/75","targetHints":{"allow":["GET"]}}],"collection":[{"href":"https:\/\/ucach.mx\/index.php\/wp-json\/wp\/v2\/pages"}],"about":[{"href":"https:\/\/ucach.mx\/index.php\/wp-json\/wp\/v2\/types\/page"}],"author":[{"embeddable":true,"href":"https:\/\/ucach.mx\/index.php\/wp-json\/wp\/v2\/users\/1"}],"replies":[{"embeddable":true,"href":"https:\/\/ucach.mx\/index.php\/wp-json\/wp\/v2\/comments?post=75"}],"version-history":[{"count":23,"href":"https:\/\/ucach.mx\/index.php\/wp-json\/wp\/v2\/pages\/75\/revisions"}],"predecessor-version":[{"id":1859,"href":"https:\/\/ucach.mx\/index.php\/wp-json\/wp\/v2\/pages\/75\/revisions\/1859"}],"wp:attachment":[{"href":"https:\/\/ucach.mx\/index.php\/wp-json\/wp\/v2\/media?parent=75"}],"curies":[{"name":"wp","href":"https:\/\/api.w.org\/{rel}","templated":true}]}}