{"id":752,"date":"2021-02-20T01:43:56","date_gmt":"2021-02-20T01:43:56","guid":{"rendered":"https:\/\/ucach.mx\/?page_id=752"},"modified":"2025-04-27T07:18:37","modified_gmt":"2025-04-27T13:18:37","slug":"licenciatura-en-turismo","status":"publish","type":"page","link":"https:\/\/ucach.mx\/index.php\/licenciaturas\/licenciatura-en-turismo\/","title":{"rendered":"Licenciatura en Turismo"},"content":{"rendered":"<p>[et_pb_section fb_built=\u00bb1&#8243; _builder_version=\u00bb4.16&#8243; _module_preset=\u00bbdefault\u00bb background_color=\u00bb#f6f6f6&#8243; locked=\u00bboff\u00bb global_colors_info=\u00bb{}\u00bb][et_pb_row _builder_version=\u00bb4.16&#8243; _module_preset=\u00bbdefault\u00bb background_enable_color=\u00bboff\u00bb width_phone=\u00bb100%\u00bb width_last_edited=\u00bboff|desktop\u00bb custom_margin=\u00bb||17px||false|false\u00bb custom_padding=\u00bb14px||7px||false|false\u00bb global_colors_info=\u00bb{}\u00bb][et_pb_column type=\u00bb4_4&#8243; _builder_version=\u00bb4.16&#8243; _module_preset=\u00bbdefault\u00bb global_colors_info=\u00bb{}\u00bb][et_pb_text _builder_version=\u00bb4.17.4&#8243; _module_preset=\u00bbdefault\u00bb text_font=\u00bbActor||||||||\u00bb text_letter_spacing=\u00bb4px\u00bb background_color=\u00bb#ffffff\u00bb custom_margin=\u00bb||||false|false\u00bb custom_padding=\u00bb29px||||false|false\u00bb box_shadow_style=\u00bbpreset2&#8243; global_colors_info=\u00bb{}\u00bb]<\/p>\n<h1 style=\"text-align: center;\"><strong>LICENCIATURA EN TURISMO<\/strong><\/h1>\n<h2 style=\"text-align: center;\">REVOE: PSU-50\/2021<\/h2>\n<p>&nbsp;<\/p>\n<p>[\/et_pb_text][\/et_pb_column][\/et_pb_row][et_pb_row column_structure=\u00bb1_3,1_3,1_3&#8243; use_custom_gutter=\u00bbon\u00bb gutter_width=\u00bb1&#8243; _builder_version=\u00bb4.16&#8243; _module_preset=\u00bbdefault\u00bb background_color=\u00bb#ffffff\u00bb width_phone=\u00bb100%\u00bb width_last_edited=\u00bboff|desktop\u00bb custom_margin=\u00bb||||false|false\u00bb custom_padding=\u00bb|22px||22px|false|false\u00bb locked=\u00bboff\u00bb global_colors_info=\u00bb{}\u00bb][et_pb_column type=\u00bb1_3&#8243; _builder_version=\u00bb4.16&#8243; _module_preset=\u00bbdefault\u00bb global_colors_info=\u00bb{}\u00bb][et_pb_blurb title=\u00bbOBJETIVO\u00bb _builder_version=\u00bb4.25.1&#8243; _module_preset=\u00bbdefault\u00bb header_font=\u00bb|600|||||||\u00bb header_letter_spacing=\u00bb2px\u00bb body_font=\u00bbActor||||||||\u00bb body_font_size=\u00bb14px\u00bb background_color=\u00bb#FFFFFF\u00bb custom_margin=\u00bb|20px|30px|10px|false|false\u00bb custom_margin_tablet=\u00bb14px||||false|false\u00bb custom_margin_phone=\u00bb14px||||false|false\u00bb custom_margin_last_edited=\u00bbon|tablet\u00bb custom_padding=\u00bb||||false|false\u00bb animation_style=\u00bbslide\u00bb locked=\u00bboff\u00bb global_colors_info=\u00bb{}\u00bb]<\/p>\n<p style=\"text-align: justify;\">Formar profesionales de calidad para la gesti\u00f3n y el desarrollo de la actividad tur\u00edstica, capaces de generar, transferir y aplicar sus conocimientos de manera anal\u00edtica y creativa, con visi\u00f3n innovadora, actitud emprendedora, filosof\u00eda de servicio y responsabilidad social, para concebir, planificar, organizar, y dirigir empresas de servicios tur\u00edsticos en sus variadas formas y \u00e1mbitos, que contribuya al desarrollo sustentable, econ\u00f3mico y social del sector tur\u00edstico en la regi\u00f3n.<\/p>\n<p>[\/et_pb_blurb][et_pb_image src=\u00bbhttps:\/\/ucach.mx\/wp-content\/uploads\/2021\/02\/turismo.jpg\u00bb title_text=\u00bbturismo\u00bb show_bottom_space=\u00bboff\u00bb align=\u00bbcenter\u00bb force_fullwidth=\u00bbon\u00bb _builder_version=\u00bb4.25.1&#8243; _module_preset=\u00bbdefault\u00bb module_alignment=\u00bbcenter\u00bb custom_margin=\u00bb||||false|false\u00bb custom_padding=\u00bb|20px||20px|false|false\u00bb custom_padding_tablet=\u00bb||12px||false|false\u00bb custom_padding_phone=\u00bb14px||||false|false\u00bb custom_padding_last_edited=\u00bbon|phone\u00bb animation_style=\u00bbslide\u00bb global_colors_info=\u00bb{}\u00bb][\/et_pb_image][\/et_pb_column][et_pb_column type=\u00bb1_3&#8243; _builder_version=\u00bb4.16&#8243; _module_preset=\u00bbdefault\u00bb global_colors_info=\u00bb{}\u00bb][et_pb_blurb title=\u00bbPERFIL DEL EGRESADO\u00bb _builder_version=\u00bb4.18.0&#8243; _module_preset=\u00bbdefault\u00bb header_font=\u00bb|600|||||||\u00bb header_letter_spacing=\u00bb2px\u00bb body_font=\u00bbActor||||||||\u00bb body_font_size=\u00bb14px\u00bb background_color=\u00bb#FFFFFF\u00bb custom_margin=\u00bb|20px|30px|10px|false|false\u00bb custom_margin_tablet=\u00bb14px||||false|false\u00bb custom_margin_phone=\u00bb14px||||false|false\u00bb custom_margin_last_edited=\u00bbon|tablet\u00bb custom_padding=\u00bb||||false|false\u00bb animation_style=\u00bbslide\u00bb global_colors_info=\u00bb{}\u00bb]<\/p>\n<p>El egresado de la Licenciatura en Turismo, al t\u00e9rmino de su formaci\u00f3n profesional, contar\u00e1 con los conocimientos, habilidades y actitudes para planear, desarrollar, dirigir y evaluar empresas e instituciones tur\u00edsticas; dise\u00f1ar estrategias para la comercializaci\u00f3n de productos y servicios tur\u00edsticos, formular y evaluar proyectos tur\u00edsticos orientados al desarrollo sustentable, desempe\u00f1ando sus funciones con una actitud de servicio, emprendedora, creativa e innovadora con gran responsabilidad social. En este sentido, el egresado desarrollar\u00e1 las siguientes competencias profesionales:<\/p>\n<ul>\n<li style=\"list-style-type: none;\">\n<ul>\n<li>Capacidad de pensamiento cr\u00edtico y de gesti\u00f3n tur\u00edstica.<\/li>\n<li>Habilidad de investigaci\u00f3n de desarrollo de negocio de car\u00e1cter tur\u00edstico.<\/li>\n<li>Aplica conocimientos y metodolog\u00edas para el estudio del turismo, para su comprensi\u00f3n y explicaciones te\u00f3ricas.<\/li>\n<li>Analiza los factores socioecon\u00f3micos y culturales que impactan la actividad tur\u00edstica.<\/li>\n<li>Gestiona y opera servicios tur\u00edsticos de acuerdo con est\u00e1ndares de calidad, dentro de un marco de respeto al derecho y con criterios de \u00e9tica profesional.<\/li>\n<li>Propone estrategias competitivas de desarrollo sustentable que inciden en su entorno local, regional y nacional.<\/li>\n<li>Formula y gestiona planes, programas y proyectos tur\u00edsticos sustentables y competitivos.<\/li>\n<li>Realiza emprendimientos tur\u00edsticos que permiten el aprovechamiento del patrimonio local.<\/li>\n<\/ul>\n<\/li>\n<\/ul>\n<p>[\/et_pb_blurb][\/et_pb_column][et_pb_column type=\u00bb1_3&#8243; _builder_version=\u00bb4.16&#8243; _module_preset=\u00bbdefault\u00bb global_colors_info=\u00bb{}\u00bb][et_pb_blurb _builder_version=\u00bb4.25.1&#8243; _module_preset=\u00bbdefault\u00bb header_font=\u00bb|600|||||||\u00bb header_letter_spacing=\u00bb2px\u00bb body_font=\u00bbActor||||||||\u00bb body_font_size=\u00bb14px\u00bb background_color=\u00bb#FFFFFF\u00bb custom_margin=\u00bb30px|20px|30px|10px|false|false\u00bb custom_margin_tablet=\u00bb14px||||false|false\u00bb custom_margin_phone=\u00bb14px||||false|false\u00bb custom_margin_last_edited=\u00bbon|tablet\u00bb custom_padding=\u00bb||||false|false\u00bb animation_style=\u00bbslide\u00bb global_colors_info=\u00bb{}\u00bb]<\/p>\n<ul>\n<li style=\"list-style-type: none;\">\n<ul>\n<li>Organiza y opera eventos, congresos y convenciones tur\u00edsticas.<\/li>\n<li>Desempe\u00f1a actividades de comercializaci\u00f3n de los servicios tur\u00edsticos.<\/li>\n<li>Desarrolla investigaciones orientadas a la soluci\u00f3n de problemas en las empresas tur\u00edsticas.<\/li>\n<li>Elabora diagn\u00f3sticos tur\u00edsticos para la acertada toma de decisiones.<\/li>\n<li>Organiza y dirige equipos de trabajo orientados a prestar servicios tur\u00edsticos de calidad.<\/li>\n<li>Opera las principales aplicaciones de tecnolog\u00edas de informaci\u00f3n y comunicaci\u00f3n (TIC) utilizadas en la actividad tur\u00edstica.<\/li>\n<li>Se comunica en espa\u00f1ol e ingl\u00e9s, de manera oral y escrita con clientes, socios y empresas.<\/li>\n<li>Aplica estrategias de aprendizaje aut\u00f3nomo para la toma de decisiones.<\/li>\n<li>Emplea pensamiento l\u00f3gico, cr\u00edtico y propositivo en su \u00e1mbito personal y profesional.<\/li>\n<li>Ejerce una actitud humana y responsable con la sociedad y el medio ambiente.<\/li>\n<li>Asume liderazgo comprometido con la din\u00e1mica de su entorno.<\/li>\n<\/ul>\n<\/li>\n<\/ul>\n<p>[\/et_pb_blurb][\/et_pb_column][\/et_pb_row][et_pb_row _builder_version=\u00bb4.16&#8243; _module_preset=\u00bbdefault\u00bb background_color=\u00bb#ffffff\u00bb custom_margin=\u00bb9px||||false|false\u00bb custom_padding=\u00bb7px|22px||22px|false|false\u00bb animation_style=\u00bbzoom\u00bb global_colors_info=\u00bb{}\u00bb][et_pb_column type=\u00bb4_4&#8243; _builder_version=\u00bb4.16&#8243; _module_preset=\u00bbdefault\u00bb global_colors_info=\u00bb{}\u00bb][et_pb_heading title=\u00bbPLAN DE ESTUDIOS\u00bb _builder_version=\u00bb4.25.1&#8243; _module_preset=\u00bbdefault\u00bb title_font=\u00bb|700|||||||\u00bb title_text_align=\u00bbcenter\u00bb global_colors_info=\u00bb{}\u00bb][\/et_pb_heading][\/et_pb_column][\/et_pb_row][et_pb_row column_structure=\u00bb1_3,1_3,1_3&#8243; _builder_version=\u00bb4.16&#8243; _module_preset=\u00bbdefault\u00bb background_color=\u00bb#ffffff\u00bb custom_margin=\u00bb9px||||false|false\u00bb custom_padding=\u00bb7px|22px||22px|false|false\u00bb global_colors_info=\u00bb{}\u00bb][et_pb_column type=\u00bb1_3&#8243; _builder_version=\u00bb4.16&#8243; _module_preset=\u00bbdefault\u00bb global_colors_info=\u00bb{}\u00bb][et_pb_text _builder_version=\u00bb4.16&#8243; _module_preset=\u00bbdefault\u00bb text_text_color=\u00bb#FFFFFF\u00bb text_font_size=\u00bb12px\u00bb text_line_height=\u00bb19px\u00bb ul_font=\u00bbActor||||||||\u00bb ul_line_height=\u00bb19px\u00bb background_color=\u00bb#0c71c3&#8243; max_width_tablet=\u00bb50%\u00bb max_width_phone=\u00bbnone\u00bb max_width_last_edited=\u00bbon|phone\u00bb height=\u00bb245px\u00bb custom_margin=\u00bb||||false|false\u00bb custom_margin_tablet=\u00bb|auto||auto|false|false\u00bb custom_margin_phone=\u00bb|auto||auto|false|false\u00bb custom_margin_last_edited=\u00bbon|tablet\u00bb custom_padding=\u00bb20px|20px|20px|20px|false|false\u00bb animation_style=\u00bbslide\u00bb border_width_left=\u00bb2px\u00bb border_color_left=\u00bb#adadad\u00bb global_colors_info=\u00bb{}\u00bb]<\/p>\n<h5><span style=\"color: #ffffff;\"><strong>1\u00b0 Semestre<\/strong><\/span><\/h5>\n<ul>\n<li>Introducci\u00f3n al Turismo<\/li>\n<li>Administraci\u00f3n I<\/li>\n<li>Fundamentos de Contabilidad<\/li>\n<li>Principios de Derecho<\/li>\n<li>Ingl\u00e9s I<\/li>\n<li>Estrategias de Aprendizaje y Herramientas Digitales<\/li>\n<li>Antropolog\u00eda Filos\u00f3fica I<\/li>\n<\/ul>\n<p>[\/et_pb_text][\/et_pb_column][et_pb_column type=\u00bb1_3&#8243; _builder_version=\u00bb4.16&#8243; _module_preset=\u00bbdefault\u00bb global_colors_info=\u00bb{}\u00bb][et_pb_text _builder_version=\u00bb4.16&#8243; _module_preset=\u00bbdefault\u00bb text_text_color=\u00bb#FFFFFF\u00bb text_font_size=\u00bb12px\u00bb ul_font=\u00bbActor||||||||\u00bb ul_line_height=\u00bb19px\u00bb background_color=\u00bb#0c71c3&#8243; max_width_tablet=\u00bb50%\u00bb max_width_phone=\u00bbnone\u00bb max_width_last_edited=\u00bbon|tablet\u00bb height=\u00bb245px\u00bb custom_margin_tablet=\u00bb|auto||auto|false|false\u00bb custom_margin_phone=\u00bb|auto||auto|false|false\u00bb custom_margin_last_edited=\u00bbon|tablet\u00bb custom_padding=\u00bb20px|20px|20px|20px|false|false\u00bb animation_style=\u00bbslide\u00bb border_width_left=\u00bb2px\u00bb border_color_left=\u00bb#adadad\u00bb global_colors_info=\u00bb{}\u00bb]<\/p>\n<h5><span style=\"color: #ffffff;\"><strong>2\u00b0\u00a0<\/strong><strong>Semestre<\/strong><\/span><\/h5>\n<ul>\n<li>Gesti\u00f3n de Empresas de Hospedajes<\/li>\n<li>Administraci\u00f3n II<\/li>\n<li>An\u00e1lisis Contable y Financiero I<\/li>\n<li>Legislaci\u00f3n Aplicada al Turismo<\/li>\n<li>Ingl\u00e9s II<\/li>\n<li>Estad\u00edstica para Negocios<\/li>\n<li>Antropolog\u00eda Filos\u00f3fica II<\/li>\n<\/ul>\n<p>[\/et_pb_text][\/et_pb_column][et_pb_column type=\u00bb1_3&#8243; _builder_version=\u00bb4.16&#8243; _module_preset=\u00bbdefault\u00bb global_colors_info=\u00bb{}\u00bb][et_pb_text _builder_version=\u00bb4.16&#8243; _module_preset=\u00bbdefault\u00bb text_text_color=\u00bb#FFFFFF\u00bb text_font_size=\u00bb12px\u00bb ul_font=\u00bbActor||||||||\u00bb ul_line_height=\u00bb19px\u00bb background_color=\u00bb#0c71c3&#8243; max_width_tablet=\u00bb50%\u00bb max_width_phone=\u00bbnone\u00bb max_width_last_edited=\u00bbon|tablet\u00bb height=\u00bb245px\u00bb custom_margin_tablet=\u00bb|auto||auto|false|false\u00bb custom_margin_phone=\u00bb|auto||auto|false|false\u00bb custom_margin_last_edited=\u00bbon|tablet\u00bb custom_padding=\u00bb20px|20px|20px|20px|false|false\u00bb animation_style=\u00bbslide\u00bb border_width_left=\u00bb2px\u00bb border_color_left=\u00bb#adadad\u00bb global_colors_info=\u00bb{}\u00bb]<\/p>\n<h5><span style=\"color: #ffffff;\"><strong>3\u00b0 Semestre<\/strong><\/span><\/h5>\n<ul>\n<li>Taller de Hoteler\u00eda<\/li>\n<li>Patrimonio Tur\u00edstico de Chiapas<\/li>\n<li>Gesti\u00f3n de Empresas de Alimentos y Bebidas<\/li>\n<li>An\u00e1lisis Contable y Financiero II<\/li>\n<li>Fundamentos de Econom\u00eda<\/li>\n<li>Ingl\u00e9s III<\/li>\n<li>\u00c9tica<\/li>\n<\/ul>\n<p>[\/et_pb_text][\/et_pb_column][\/et_pb_row][et_pb_row column_structure=\u00bb1_3,1_3,1_3&#8243; _builder_version=\u00bb4.16&#8243; _module_preset=\u00bbdefault\u00bb background_color=\u00bb#ffffff\u00bb custom_margin=\u00bb||||false|false\u00bb custom_padding=\u00bb14px|22px||22px|false|false\u00bb global_colors_info=\u00bb{}\u00bb][et_pb_column type=\u00bb1_3&#8243; _builder_version=\u00bb4.16&#8243; _module_preset=\u00bbdefault\u00bb global_colors_info=\u00bb{}\u00bb][et_pb_text _builder_version=\u00bb4.16&#8243; _module_preset=\u00bbdefault\u00bb text_text_color=\u00bb#FFFFFF\u00bb text_font_size=\u00bb12px\u00bb text_line_height=\u00bb0.5em\u00bb ul_line_height=\u00bb19px\u00bb header_text_color=\u00bb#FFFFFF\u00bb header_2_text_color=\u00bb#FFFFFF\u00bb header_3_text_color=\u00bb#FFFFFF\u00bb header_5_text_color=\u00bb#FFFFFF\u00bb background_color=\u00bb#6699cc\u00bb max_width_tablet=\u00bb50%\u00bb max_width_phone=\u00bbnone\u00bb max_width_last_edited=\u00bbon|tablet\u00bb height=\u00bb245px\u00bb custom_margin_tablet=\u00bb|auto||auto|false|false\u00bb custom_margin_phone=\u00bb|auto||auto|false|false\u00bb custom_margin_last_edited=\u00bbon|tablet\u00bb custom_padding=\u00bb17px|10px|17px|10px|false|false\u00bb animation_style=\u00bbslide\u00bb border_width_left=\u00bb2px\u00bb border_color_left=\u00bb#adadad\u00bb global_colors_info=\u00bb{}\u00bb]<\/p>\n<h5><strong>4\u00b0 Semestre<\/strong><\/h5>\n<ul>\n<li>Pr\u00e1cticas Profesionales I<\/li>\n<li>Patrimonio Tur\u00edstico Nacional<\/li>\n<li>Taller y Costos de Alimentos y Bebidas<\/li>\n<li>Calidad en el Servicio<\/li>\n<li>Macro y Microeconom\u00eda<\/li>\n<li>Ingl\u00e9s IV<\/li>\n<li>El Ser y la Vida<\/li>\n<\/ul>\n<p>[\/et_pb_text][\/et_pb_column][et_pb_column type=\u00bb1_3&#8243; _builder_version=\u00bb4.16&#8243; _module_preset=\u00bbdefault\u00bb global_colors_info=\u00bb{}\u00bb][et_pb_text _builder_version=\u00bb4.21.0&#8243; _module_preset=\u00bbdefault\u00bb text_text_color=\u00bb#FFFFFF\u00bb text_font_size=\u00bb12px\u00bb text_line_height=\u00bb0.5em\u00bb ul_line_height=\u00bb19px\u00bb header_text_color=\u00bb#FFFFFF\u00bb header_2_text_color=\u00bb#FFFFFF\u00bb header_3_text_color=\u00bb#FFFFFF\u00bb header_5_text_color=\u00bb#FFFFFF\u00bb background_color=\u00bb#6699cc\u00bb max_width_tablet=\u00bb50%\u00bb max_width_phone=\u00bbnone\u00bb max_width_last_edited=\u00bbon|tablet\u00bb height=\u00bb245px\u00bb custom_margin_tablet=\u00bb|auto||auto|false|false\u00bb custom_margin_phone=\u00bb|auto||auto|false|false\u00bb custom_margin_last_edited=\u00bbon|tablet\u00bb custom_padding=\u00bb17px|10px|17px|10px|false|false\u00bb animation_style=\u00bbslide\u00bb border_width_left=\u00bb2px\u00bb border_color_left=\u00bb#adadad\u00bb global_colors_info=\u00bb{}\u00bb]<\/p>\n<h5><strong>5\u00b0 Semestre<\/strong><\/h5>\n<ul>\n<li>Gesti\u00f3n de Operaciones de Viajes<\/li>\n<li>Patrimonio Tur\u00edstico Internacional<\/li>\n<li>Planificaci\u00f3n Tur\u00edstica<\/li>\n<li>Gesti\u00f3n de Talento Humano<\/li>\n<li>Fundamentos de Mercadotecnia<\/li>\n<li>Ingles V<\/li>\n<li>Metodolog\u00eda de la Investigaci\u00f3n<\/li>\n<\/ul>\n<p>[\/et_pb_text][\/et_pb_column][et_pb_column type=\u00bb1_3&#8243; _builder_version=\u00bb4.16&#8243; _module_preset=\u00bbdefault\u00bb global_colors_info=\u00bb{}\u00bb][et_pb_text _builder_version=\u00bb4.16&#8243; _module_preset=\u00bbdefault\u00bb text_text_color=\u00bb#FFFFFF\u00bb text_font_size=\u00bb12px\u00bb text_line_height=\u00bb0.5em\u00bb ul_line_height=\u00bb19px\u00bb header_text_color=\u00bb#FFFFFF\u00bb header_2_text_color=\u00bb#FFFFFF\u00bb header_3_text_color=\u00bb#FFFFFF\u00bb header_5_text_color=\u00bb#FFFFFF\u00bb background_color=\u00bb#6699cc\u00bb max_width_tablet=\u00bb50%\u00bb max_width_phone=\u00bbnone\u00bb max_width_last_edited=\u00bbon|tablet\u00bb height=\u00bb245px\u00bb custom_margin_tablet=\u00bb|auto||auto|false|false\u00bb custom_margin_phone=\u00bb|auto||auto|false|false\u00bb custom_margin_last_edited=\u00bbon|tablet\u00bb custom_padding=\u00bb17px|10px|17px|10px|false|false\u00bb animation_style=\u00bbslide\u00bb border_width_left=\u00bb2px\u00bb border_color_left=\u00bb#adadad\u00bb global_colors_info=\u00bb{}\u00bb]<\/p>\n<h5><strong>6\u00b0 Semestre<\/strong><\/h5>\n<ul>\n<li>Turismo de Reuniones<\/li>\n<li>Turismo Alternativo<\/li>\n<li>Formulaci\u00f3n y Gesti\u00f3n de Proyectos Tur\u00edsticos<\/li>\n<li>Desarrollo de Emprendedores<\/li>\n<li>Mercadotecnia Tur\u00edstica<\/li>\n<li>Franc\u00e9s I<\/li>\n<li>Seminario de Tesis<\/li>\n<\/ul>\n<p>[\/et_pb_text][\/et_pb_column][\/et_pb_row][et_pb_row column_structure=\u00bb1_3,1_3,1_3&#8243; _builder_version=\u00bb4.16&#8243; _module_preset=\u00bbdefault\u00bb background_color=\u00bb#ffffff\u00bb custom_padding=\u00bb14px|22px||22px|false|false\u00bb global_colors_info=\u00bb{}\u00bb][et_pb_column type=\u00bb1_3&#8243; _builder_version=\u00bb4.16&#8243; _module_preset=\u00bbdefault\u00bb global_colors_info=\u00bb{}\u00bb][et_pb_text _builder_version=\u00bb4.16&#8243; _module_preset=\u00bbdefault\u00bb text_text_color=\u00bb#FFFFFF\u00bb text_font_size=\u00bb12px\u00bb text_line_height=\u00bb0.5em\u00bb ul_line_height=\u00bb19px\u00bb header_5_text_color=\u00bb#FFFFFF\u00bb background_color=\u00bb#336699&#8243; max_width_tablet=\u00bb50%\u00bb max_width_phone=\u00bbnone\u00bb max_width_last_edited=\u00bbon|tablet\u00bb height=\u00bb245px\u00bb custom_margin_tablet=\u00bb|auto||auto|false|false\u00bb custom_margin_phone=\u00bb|auto||auto|false|false\u00bb custom_margin_last_edited=\u00bbon|tablet\u00bb custom_padding=\u00bb20px|20px|20px|20px|false|false\u00bb animation_style=\u00bbslide\u00bb border_width_left=\u00bb2px\u00bb border_color_left=\u00bb#adadad\u00bb global_colors_info=\u00bb{}\u00bb]<\/p>\n<h5><strong>7\u00b0 Semestre<\/strong><\/h5>\n<ul>\n<li>Pr\u00e1cticas Profesionales II<\/li>\n<li>Ecoturismo<\/li>\n<li>Direcci\u00f3n de Empresas Tur\u00edsticas<\/li>\n<li>Plan de Negocios<\/li>\n<li>Relaciones P\u00fablicas<\/li>\n<li>Auditor\u00eda de Empresas Tur\u00edsticas<\/li>\n<li>Franc\u00e9s II<\/li>\n<\/ul>\n<p>[\/et_pb_text][\/et_pb_column][et_pb_column type=\u00bb1_3&#8243; _builder_version=\u00bb4.16&#8243; _module_preset=\u00bbdefault\u00bb global_colors_info=\u00bb{}\u00bb][et_pb_text _builder_version=\u00bb4.18.0&#8243; _module_preset=\u00bbdefault\u00bb text_text_color=\u00bb#FFFFFF\u00bb text_font_size=\u00bb12px\u00bb text_line_height=\u00bb0.5em\u00bb ul_line_height=\u00bb19px\u00bb header_5_text_color=\u00bb#FFFFFF\u00bb background_color=\u00bb#336699&#8243; max_width_tablet=\u00bb50%\u00bb max_width_phone=\u00bbnone\u00bb max_width_last_edited=\u00bbon|tablet\u00bb height=\u00bb245px\u00bb custom_margin_tablet=\u00bb|auto||auto|false|false\u00bb custom_margin_phone=\u00bb|auto||auto|false|false\u00bb custom_margin_last_edited=\u00bbon|tablet\u00bb custom_padding=\u00bb20px|20px|20px|20px|false|false\u00bb animation_style=\u00bbslide\u00bb border_width_left=\u00bb2px\u00bb border_color_left=\u00bb#adadad\u00bb global_colors_info=\u00bb{}\u00bb]<\/p>\n<h5><strong>Modalidad: <\/strong><\/h5>\n<ul>\n<li><strong>Mixta. Duraci\u00f3n: 7 Semestres.<\/strong><\/li>\n<li><strong>D\u00eda de clases: Lunes a Viernes.<\/strong><\/li>\n<li><strong>Horario de 8:00 a 14:00 hrs.<\/strong><\/li>\n<\/ul>\n<p>[\/et_pb_text][\/et_pb_column][et_pb_column type=\u00bb1_3&#8243; _builder_version=\u00bb4.16&#8243; _module_preset=\u00bbdefault\u00bb global_colors_info=\u00bb{}\u00bb][\/et_pb_column][\/et_pb_row][\/et_pb_section]<\/p>\n","protected":false},"excerpt":{"rendered":"<p>LICENCIATURA EN TURISMO REVOE: PSU-50\/2021 &nbsp;Formar profesionales de calidad para la gesti\u00f3n y el desarrollo de la actividad tur\u00edstica, capaces de generar, transferir y aplicar sus conocimientos de manera anal\u00edtica y creativa, con visi\u00f3n innovadora, actitud emprendedora, filosof\u00eda de servicio y responsabilidad social, para concebir, planificar, organizar, y dirigir empresas de servicios tur\u00edsticos en sus [&hellip;]<\/p>\n","protected":false},"author":1,"featured_media":0,"parent":75,"menu_order":0,"comment_status":"closed","ping_status":"closed","template":"","meta":{"_et_pb_use_builder":"on","_et_pb_old_content":"","_et_gb_content_width":"","_monsterinsights_skip_tracking":false,"_monsterinsights_sitenote_active":false,"_monsterinsights_sitenote_note":"","_monsterinsights_sitenote_category":0,"_uf_show_specific_survey":0,"_uf_disable_surveys":false,"footnotes":""},"class_list":["post-752","page","type-page","status-publish","hentry"],"aioseo_notices":[],"jetpack_sharing_enabled":true,"_links":{"self":[{"href":"https:\/\/ucach.mx\/index.php\/wp-json\/wp\/v2\/pages\/752","targetHints":{"allow":["GET"]}}],"collection":[{"href":"https:\/\/ucach.mx\/index.php\/wp-json\/wp\/v2\/pages"}],"about":[{"href":"https:\/\/ucach.mx\/index.php\/wp-json\/wp\/v2\/types\/page"}],"author":[{"embeddable":true,"href":"https:\/\/ucach.mx\/index.php\/wp-json\/wp\/v2\/users\/1"}],"replies":[{"embeddable":true,"href":"https:\/\/ucach.mx\/index.php\/wp-json\/wp\/v2\/comments?post=752"}],"version-history":[{"count":63,"href":"https:\/\/ucach.mx\/index.php\/wp-json\/wp\/v2\/pages\/752\/revisions"}],"predecessor-version":[{"id":3977,"href":"https:\/\/ucach.mx\/index.php\/wp-json\/wp\/v2\/pages\/752\/revisions\/3977"}],"up":[{"embeddable":true,"href":"https:\/\/ucach.mx\/index.php\/wp-json\/wp\/v2\/pages\/75"}],"wp:attachment":[{"href":"https:\/\/ucach.mx\/index.php\/wp-json\/wp\/v2\/media?parent=752"}],"curies":[{"name":"wp","href":"https:\/\/api.w.org\/{rel}","templated":true}]}}